{"id":2986,"date":"2014-06-04T14:58:04","date_gmt":"2014-06-04T12:58:04","guid":{"rendered":"https:\/\/blog.zhdk.ch\/zdok\/?page_id=2986"},"modified":"2019-01-25T23:26:38","modified_gmt":"2019-01-25T22:26:38","slug":"zdok-14","status":"publish","type":"page","link":"https:\/\/blog.zhdk.ch\/zdok\/zdok-14\/","title":{"rendered":"ZDOK.14"},"content":{"rendered":"<p><img loading=\"lazy\" decoding=\"async\" class=\"alignnone wp-image-4533 size-full\" src=\"https:\/\/blog.zhdk.ch\/zdok\/files\/2017\/11\/zdok14_uebersicht.jpg\" alt=\"\" width=\"2000\" height=\"1088\" srcset=\"https:\/\/blog.zhdk.ch\/zdok\/files\/2017\/11\/zdok14_uebersicht.jpg 2000w, https:\/\/blog.zhdk.ch\/zdok\/files\/2017\/11\/zdok14_uebersicht-300x163.jpg 300w, https:\/\/blog.zhdk.ch\/zdok\/files\/2017\/11\/zdok14_uebersicht-768x418.jpg 768w, https:\/\/blog.zhdk.ch\/zdok\/files\/2017\/11\/zdok14_uebersicht-1240x675.jpg 1240w\" sizes=\"auto, (max-width: 2000px) 100vw, 2000px\" \/><\/p>\n<h2>You Talking to Me &#8211; Interview und Interaktion im Dokumentarfilm<\/h2>\n<h4>Die gefilmten Interaktionen zwischen den Menschen hinter und<br \/>\nvor der Kamera sind f\u00fcr viele Dokumentarfilmschaffende das Kerngesch\u00e4ft: Mit ihnen bauen sie Erz\u00e4hlungen, erarbeiten Konflikte und erreichen emotionale Tiefe.<\/h4>\n<p><a href=\"https:\/\/blog.zhdk.ch\/zdok\/files\/2017\/11\/Handout.pdf\">Programm ZDOK.14 (pdf)<\/a><\/p>\n<hr \/>\n<figure id=\"attachment_3126\" aria-describedby=\"caption-attachment-3126\" style=\"width: 226px\" class=\"wp-caption alignnone\"><img loading=\"lazy\" decoding=\"async\" class=\"size-full wp-image-3126\" src=\"https:\/\/blog.zhdk.ch\/zdok\/files\/2017\/11\/Ref_iseli_01.jpg\" alt=\"\" width=\"226\" height=\"189\" \/><figcaption id=\"caption-attachment-3126\" class=\"wp-caption-text\">Christian Iseli<\/figcaption><\/figure>\n<h4>You Talking to Me: Formen der Interaktion im Dokumentarfilm<\/h4>\n<p>Der Profilleiter Realisation Dokumentarfilm im Master of Arts in Film und Leiter des Forschungsschwerpunkts Filmwissen\/Filmerfahrung an der ZHdK, f\u00fchrt aus einer praxisnahen Perspektive in das Tagungsthema ein.<\/p>\n<p><a href=\"https:\/\/blog.zhdk.ch\/zdok\/talks-video\/2016\/deutsch\/2017\/you-talking-to-me-formen-der-interaktion-im-dokumentarfilm\/\">Video<\/a>\u00a0\u0399 <a href=\"https:\/\/blog.zhdk.ch\/zdok\/gaeste\/2017\/christian-iseli-2\/\">Christian Iseli<\/a><\/p>\n<hr \/>\n<figure id=\"attachment_3122\" aria-describedby=\"caption-attachment-3122\" style=\"width: 224px\" class=\"wp-caption alignnone\"><img loading=\"lazy\" decoding=\"async\" class=\"wp-image-3122 size-full\" src=\"https:\/\/blog.zhdk.ch\/zdok\/files\/2017\/11\/csm_Ref_sjoeberg_02_8847308e59.jpg\" alt=\"\" width=\"224\" height=\"190\" \/><figcaption id=\"caption-attachment-3122\" class=\"wp-caption-text\">Patrik Sj\u00f6berg<\/figcaption><\/figure>\n<h4>Money Shots: Remarks On Watching People Crying in Documentary<\/h4>\n<p>Patrik Sj\u00f6berg is an assistant professor at the Karlstad University in Sweden. In his talk he focuses on the cultural and social constructions of what &#8211; seemingly &#8211; cannot be faked: people crying on camera. Like the money shots in pornographic films, tears in documentary films have a high value in themselves.<\/p>\n<p><a href=\"https:\/\/blog.zhdk.ch\/zdok\/talks-video\/2016\/english\/2017\/money-shots-remarks-on-watching-people-crying-in-documentary\/\">Video<\/a>\u00a0\u0399 <a href=\"https:\/\/blog.zhdk.ch\/zdok\/gaeste\/2017\/patrik-sjoeberg\/\">Patrik Sj\u00f6berg<\/a><\/p>\n<hr \/>\n<figure id=\"attachment_3120\" aria-describedby=\"caption-attachment-3120\" style=\"width: 225px\" class=\"wp-caption alignnone\"><img loading=\"lazy\" decoding=\"async\" class=\"size-full wp-image-3120\" src=\"https:\/\/blog.zhdk.ch\/zdok\/files\/2017\/11\/csm_Ref_honess_02_82c4c42b5d.jpg\" alt=\"\" width=\"225\" height=\"190\" \/><figcaption id=\"caption-attachment-3120\" class=\"wp-caption-text\">Bella Honess Roe<\/figcaption><\/figure>\n<h4>The Disembodied Voice in Animated Interview Documentaries<\/h4>\n<p>Bella Honess Roe is a film scholar and lecturer at the University of Surrey, England. At the ZDOK conference she spoke about the expressive potential of disembodied voices as audiences tend to pay more attention to them in the absence of a \u2018real\u2019 body, but also because the lack of body lends the voice a particular significance.<\/p>\n<p><a href=\"https:\/\/blog.zhdk.ch\/zdok\/talks-video\/2016\/english\/2017\/the-disembodied-voice-in-animated-interview-documentaries\/\">Video\u00a0\u0399\u00a0<\/a><a href=\"https:\/\/blog.zhdk.ch\/zdok\/gaeste\/2017\/bella-honess-roe\/\">Bella Honess Roe<\/a><\/p>\n<hr \/>\n<figure id=\"attachment_3124\" aria-describedby=\"caption-attachment-3124\" style=\"width: 224px\" class=\"wp-caption alignnone\"><img loading=\"lazy\" decoding=\"async\" class=\"size-full wp-image-3124\" src=\"https:\/\/blog.zhdk.ch\/zdok\/files\/2017\/11\/csm_Ref_stoecklin_06_8bb6e09978.jpg\" alt=\"\" width=\"224\" height=\"190\" \/><figcaption id=\"caption-attachment-3124\" class=\"wp-caption-text\">Tanja St\u00f6cklin<\/figcaption><\/figure>\n<h4>K\u00fcnstlerische Abstraktion: Die Arbeitsmethode bei VATERS GARTEN<\/h4>\n<p>Anstelle des im April 2014 verstorbenen Peter Liechti erl\u00e4uterte Tania St\u00f6cklin, die Editorin von VATERS GARTEN, im Gespr\u00e4ch mit Christian Iseli den Prozess der Transformation vom dokumentarischen Protokoll zu den Kunstdialogen der Hasenfiguren.<\/p>\n<p><a href=\"https:\/\/blog.zhdk.ch\/zdok\/talks-video\/2016\/deutsch\/2017\/kuenstlerische-abstraktion-die-arbeitsmethode-bei-vaters-garten\/\">Video<\/a><\/p>\n<hr \/>\n<figure id=\"attachment_3118\" aria-describedby=\"caption-attachment-3118\" style=\"width: 224px\" class=\"wp-caption alignnone\"><img loading=\"lazy\" decoding=\"async\" class=\"size-full wp-image-3118\" src=\"https:\/\/blog.zhdk.ch\/zdok\/files\/2017\/11\/csm_Podium_04_1c2ebf64b3.jpg\" alt=\"\" width=\"224\" height=\"190\" \/><figcaption id=\"caption-attachment-3118\" class=\"wp-caption-text\">Marius Born, Sabine Gisiger<\/figcaption><\/figure>\n<h4>Zu wem sprechen \u00abSprechende K\u00f6pfe\u00bb<\/h4>\n<p>Sabine Gisiger er\u00f6rtert zusammen mit Patrik Sj\u00f6berg, Dan Krauss, Marina Razbezhkina, Bella Hoeness Roe und dem Leiter der Redaktion Dokumentarfilm des Schweizer Fernsehens, Marius Born, zusammenfassend die Frage, inwiefern Interviewmethoden die Authentizit\u00e4t von dokumentarischen Filmen beeinflussen.<\/p>\n<p>&nbsp;<\/p>\n<hr \/>\n<p><small>Redaktionsgruppe: Sabine Gisiger, Marille Hahne und Christian Iseli (Leitung)<\/small><\/p>\n","protected":false},"excerpt":{"rendered":"<p>You Talking to Me &#8211; Interview und Interaktion im Dokumentarfilm Die gefilmten Interaktionen zwischen den Menschen hinter und vor der Kamera sind f\u00fcr viele Dokumentarfilmschaffende das Kerngesch\u00e4ft: Mit ihnen bauen sie Erz\u00e4hlungen, erarbeiten Konflikte und erreichen emotionale Tiefe. Programm ZDOK.14 (pdf) You Talking to Me: Formen der Interaktion im Dokumentarfilm Der Profilleiter Realisation Dokumentarfilm im &hellip;<\/p>\n","protected":false},"author":3675,"featured_media":0,"parent":0,"menu_order":0,"comment_status":"closed","ping_status":"closed","template":"","meta":{"footnotes":""},"class_list":["post-2986","page","type-page","status-publish","hentry"],"_links":{"self":[{"href":"https:\/\/blog.zhdk.ch\/zdok\/wp-json\/wp\/v2\/pages\/2986","targetHints":{"allow":["GET"]}}],"collection":[{"href":"https:\/\/blog.zhdk.ch\/zdok\/wp-json\/wp\/v2\/pages"}],"about":[{"href":"https:\/\/blog.zhdk.ch\/zdok\/wp-json\/wp\/v2\/types\/page"}],"author":[{"embeddable":true,"href":"https:\/\/blog.zhdk.ch\/zdok\/wp-json\/wp\/v2\/users\/3675"}],"replies":[{"embeddable":true,"href":"https:\/\/blog.zhdk.ch\/zdok\/wp-json\/wp\/v2\/comments?post=2986"}],"version-history":[{"count":16,"href":"https:\/\/blog.zhdk.ch\/zdok\/wp-json\/wp\/v2\/pages\/2986\/revisions"}],"predecessor-version":[{"id":8127,"href":"https:\/\/blog.zhdk.ch\/zdok\/wp-json\/wp\/v2\/pages\/2986\/revisions\/8127"}],"wp:attachment":[{"href":"https:\/\/blog.zhdk.ch\/zdok\/wp-json\/wp\/v2\/media?parent=2986"}],"curies":[{"name":"wp","href":"https:\/\/api.w.org\/{rel}","templated":true}]}}