{"id":3002,"date":"2010-06-09T14:58:44","date_gmt":"2010-06-09T12:58:44","guid":{"rendered":"https:\/\/blog.zhdk.ch\/zdok\/?page_id=3002"},"modified":"2018-01-16T13:23:30","modified_gmt":"2018-01-16T12:23:30","slug":"zdok-10","status":"publish","type":"page","link":"https:\/\/blog.zhdk.ch\/zdok\/zdok-10\/","title":{"rendered":"ZDOK.10"},"content":{"rendered":"<p><img loading=\"lazy\" decoding=\"async\" class=\"alignnone wp-image-4525 size-full\" src=\"https:\/\/blog.zhdk.ch\/zdok\/files\/2017\/11\/zdok10_uebersicht.jpg\" alt=\"\" width=\"2000\" height=\"1088\" srcset=\"https:\/\/blog.zhdk.ch\/zdok\/files\/2017\/11\/zdok10_uebersicht.jpg 2000w, https:\/\/blog.zhdk.ch\/zdok\/files\/2017\/11\/zdok10_uebersicht-300x163.jpg 300w, https:\/\/blog.zhdk.ch\/zdok\/files\/2017\/11\/zdok10_uebersicht-768x418.jpg 768w, https:\/\/blog.zhdk.ch\/zdok\/files\/2017\/11\/zdok10_uebersicht-1240x675.jpg 1240w\" sizes=\"auto, (max-width: 2000px) 100vw, 2000px\" \/><\/p>\n<h2>Zeigen. Nicht zeigen. Visualisierung und Imagination<\/h2>\n<h4>Dokumentarfilmschaffende stehen immer wieder vor der Frage, welche Art von Bildern sie einsetzen und wie viel Raum sie dabei dem Publikum f\u00fcr eigene bildliche Vorstellungen \u00fcberlassen wollen.<\/h4>\n<p><strong>ZDOK.10 fand am 5.\/6. Mai 2010 statt. <\/strong><\/p>\n<hr \/>\n<p>Christa Bl\u00fcmlinger<\/p>\n<h4>Digitale Inszenierungen des Undarstellbaren\u00a0bei Harun Farocki und Avi Mograbi<\/h4>\n<p>Das von Walter Benjamin mit Brecht benannte Realismus-Problem fotografischer Medien \u00a0ist mit dem Problem der Komplexit\u00e4t der Realit\u00e4t konfrontiert. Dies zeigt sich besonders anschaulich an der Frage der Visualisierung traumatischer Schaupl\u00e4tze im Zusammenhang mit modernen Kriegen.<\/p>\n<p><a href=\"https:\/\/blog.zhdk.ch\/zdok\/files\/2017\/11\/Bluemlinger.pdf\">Text\u00a0<\/a>\u0399 <a href=\"https:\/\/blog.zhdk.ch\/zdok\/talks-video\/2016\/deutsch\/2017\/christa-bluemlinger\/\">Christa Bl\u00fcmlinger\u00a0<\/a><\/p>\n<hr \/>\n<p>Eva Hohenberger<\/p>\n<h4>Bilder der Globalisierung\u00a0Visualisierungsstrategien in DARWINS ALPTRAUM,\u00a0WE FEED THE WORLD und UNSER T\u00c4GLICH BROT<\/h4>\n<p>Auch wenn es mir vordergr\u00fcndig nicht darum geht, das jeweilige Politikverst\u00e4ndnis der Filme zu extrapolieren, sondern mich zuvorderst auf die \u00e4sthetischen Strategien der Filme zu konzentrieren, wird aus jenen doch auch ableitbar, was jeweils unter Politik verstanden sein kann.<\/p>\n<p><a href=\"https:\/\/blog.zhdk.ch\/zdok\/files\/2017\/11\/Hohenberger.pdf\">Text\u00a0<\/a>\u0399 <a href=\"https:\/\/blog.zhdk.ch\/zdok\/gaeste\/2017\/3342\/\">Eva Hohenberger<\/a><\/p>\n<hr \/>\n<p>Peter Liechti<\/p>\n<h4>K\u00fcnstlerische Assoziation &#8211;\u00a0Eine Pr\u00e4sentation und ein Gespr\u00e4ch<\/h4>\n<p>Peter Liechti ist Filmemacher in Z\u00fcrich, bekannt vor allem durch seine Essay-Filme. Er leitet auch Seminare und Workshops, unter anderem an der ZHdK. Mit THE SOUND OF INSECTS gewann er den \u00adEurop\u00e4ischen Filmpreis 2009.<\/p>\n<p><a href=\"https:\/\/blog.zhdk.ch\/zdok\/files\/2017\/12\/Liechti.pdf\">Text<\/a>\u00a0\u0399 <a href=\"https:\/\/blog.zhdk.ch\/zdok\/gaeste\/2017\/peter-liechti\/\">Peter Liechti<\/a><\/p>\n<hr \/>\n<p>Hans-Dieter Grabe<\/p>\n<h4>Dem Zuschauer Raum lassen\u00a0f\u00fcr eigene Gedanken und Bilder<\/h4>\n<p>Wollen wir das eigentlich: dem Zuschauer Raum geben f\u00fcr eigene Gedanken und Bilder? Oder ist es uns nicht vielmehr wichtiger, den Zuschauer vor allem mit unseren Gedanken, unseren Bildern zu beeindrucken?<\/p>\n<p><a href=\"https:\/\/blog.zhdk.ch\/zdok\/files\/2017\/11\/Grabe.pdf\">Text<\/a>\u00a0\u0399 <a href=\"https:\/\/blog.zhdk.ch\/zdok\/talks-video\/2016\/deutsch\/2017\/hans-dieter-grabe\/\">Hans-Dieter Grabe<\/a><\/p>\n<hr \/>\n<p>Peter Kerekes<\/p>\n<h4>A Recipe for Visual Stories<\/h4>\n<p>The Slovakian filmmaker P\u00e9ter Kerekes has achieved great international attention with his idiosyncratic visual concept and unusual perspective in his film COOKING HISTORY.<\/p>\n<p><a href=\"https:\/\/blog.zhdk.ch\/zdok\/files\/2017\/11\/Kerekes.pdf\">Text<\/a>\u00a0\u0399 <a href=\"https:\/\/blog.zhdk.ch\/zdok\/talks-video\/2016\/english\/2017\/peter-kerekes\/\">Peter Kerekes<\/a><\/p>\n<hr \/>\n<p><small>Redaktion und Moderation:\u00a0Sabine Gisiger, Christian Iseli\u00a0(Leitung)\u00a0<\/small><br \/>\n<small>Publikation: Christian Iseli (Redaktion und Gestaltung), Annette Br\u00fctsch, Nicole Greuter, Monika Gysel (Mitarbeit)<\/small><\/p>\n","protected":false},"excerpt":{"rendered":"<p>Zeigen. Nicht zeigen. Visualisierung und Imagination Dokumentarfilmschaffende stehen immer wieder vor der Frage, welche Art von Bildern sie einsetzen und wie viel Raum sie dabei dem Publikum f\u00fcr eigene bildliche Vorstellungen \u00fcberlassen wollen. ZDOK.10 fand am 5.\/6. Mai 2010 statt. Christa Bl\u00fcmlinger Digitale Inszenierungen des Undarstellbaren\u00a0bei Harun Farocki und Avi Mograbi Das von Walter Benjamin &hellip;<\/p>\n","protected":false},"author":3675,"featured_media":0,"parent":0,"menu_order":0,"comment_status":"closed","ping_status":"closed","template":"","meta":{"footnotes":""},"class_list":["post-3002","page","type-page","status-publish","hentry"],"_links":{"self":[{"href":"https:\/\/blog.zhdk.ch\/zdok\/wp-json\/wp\/v2\/pages\/3002","targetHints":{"allow":["GET"]}}],"collection":[{"href":"https:\/\/blog.zhdk.ch\/zdok\/wp-json\/wp\/v2\/pages"}],"about":[{"href":"https:\/\/blog.zhdk.ch\/zdok\/wp-json\/wp\/v2\/types\/page"}],"author":[{"embeddable":true,"href":"https:\/\/blog.zhdk.ch\/zdok\/wp-json\/wp\/v2\/users\/3675"}],"replies":[{"embeddable":true,"href":"https:\/\/blog.zhdk.ch\/zdok\/wp-json\/wp\/v2\/comments?post=3002"}],"version-history":[{"count":27,"href":"https:\/\/blog.zhdk.ch\/zdok\/wp-json\/wp\/v2\/pages\/3002\/revisions"}],"predecessor-version":[{"id":5087,"href":"https:\/\/blog.zhdk.ch\/zdok\/wp-json\/wp\/v2\/pages\/3002\/revisions\/5087"}],"wp:attachment":[{"href":"https:\/\/blog.zhdk.ch\/zdok\/wp-json\/wp\/v2\/media?parent=3002"}],"curies":[{"name":"wp","href":"https:\/\/api.w.org\/{rel}","templated":true}]}}