{"id":3006,"date":"2009-07-09T14:58:52","date_gmt":"2009-07-09T12:58:52","guid":{"rendered":"https:\/\/blog.zhdk.ch\/zdok\/?page_id=3006"},"modified":"2018-01-16T13:23:44","modified_gmt":"2018-01-16T12:23:44","slug":"zdok-09","status":"publish","type":"page","link":"https:\/\/blog.zhdk.ch\/zdok\/zdok-09\/","title":{"rendered":"ZDOK.09"},"content":{"rendered":"<p><img loading=\"lazy\" decoding=\"async\" class=\"alignnone wp-image-4523 size-full\" src=\"https:\/\/blog.zhdk.ch\/zdok\/files\/2017\/11\/zdok09_uebersicht.jpg\" alt=\"\" width=\"2000\" height=\"1088\" srcset=\"https:\/\/blog.zhdk.ch\/zdok\/files\/2017\/11\/zdok09_uebersicht.jpg 2000w, https:\/\/blog.zhdk.ch\/zdok\/files\/2017\/11\/zdok09_uebersicht-300x163.jpg 300w, https:\/\/blog.zhdk.ch\/zdok\/files\/2017\/11\/zdok09_uebersicht-768x418.jpg 768w, https:\/\/blog.zhdk.ch\/zdok\/files\/2017\/11\/zdok09_uebersicht-1240x675.jpg 1240w\" sizes=\"auto, (max-width: 2000px) 100vw, 2000px\" \/><\/p>\n<h2>research@film &#8211; Der Dokumentarfilm forscht<\/h2>\n<h4>K\u00fcnstlerische Forschung\u00a0im Bereich des Films\u00a0gewann ab ca. 2007 immer mehr an Attraktivit\u00e4t und Aufmerksamkeit. Wegen des Forschungsauftrags der Fachhochschulen entstanden neue Dynamiken und Ans\u00e4tze, welche Fragen nach der Art der Forschung in, \u00fcber und mit Film aufwarfen.<\/h4>\n<p><strong>ZDOK.09 fand am 7.\/8. Mai 2009 statt. <\/strong><\/p>\n<hr \/>\n<p>Elke Bippus<\/p>\n<h4>Wissensproduktion durch k\u00fcnstlerische Forschung<\/h4>\n<p>Anstatt eine abschlie\u00dfende Definition der k\u00fcnstlerischen Forschung zu liefern, will Elke Bippus ihre spezifische und komplexe Natur skizzieren. Ausgehend von der Geschichte der bildenden Kunst in der Moderne versucht die Arbeit, die Verfahren und Anliegen der k\u00fcnstlerischen Forschung epistemologisch zu beschreiben.<\/p>\n<p><a href=\"https:\/\/blog.zhdk.ch\/zdok\/files\/2017\/11\/zdok9_bippus.pdf\">Text\u00a0<\/a>\u0399 <a href=\"https:\/\/blog.zhdk.ch\/zdok\/talks-video\/2016\/deutsch\/2017\/elke-bippus\/\">Elke Bippus<\/a><\/p>\n<hr \/>\n<p>Kathrin Oester<\/p>\n<h4>Film and the Production of Scientific Knowledge<\/h4>\n<p>Do film and photography produce specific forms of scientific knowledge \u2013 or do they merely illustrate it? This controversy continues to shape the debate on the image and visual media within the social sciences.<\/p>\n<p><a href=\"https:\/\/blog.zhdk.ch\/zdok\/files\/2017\/11\/zdok9_oester.pdf\">Text\u00a0<\/a>\u0399 <a href=\"https:\/\/blog.zhdk.ch\/zdok\/talks-video\/2016\/english\/2017\/kathrin-oester\/\">Kathrin Oester<\/a><\/p>\n<hr \/>\n<p>Jan Cools<\/p>\n<h4>Academization and its Impact on Research in Art Colleges \u2013 an Optique Belge<\/h4>\n<p>In his contribution, Jan Cools discusses the effects of the so-called academization on the Belgian art schools and, in particular, on the Flemish Sint-Lukas University in Brussels, where he is Research Coordinator for Visual and Audiovisual Art.<\/p>\n<p><a href=\"https:\/\/blog.zhdk.ch\/zdok\/files\/2017\/11\/zdok9_cools.pdf\">Text\u00a0<\/a>\u0399 <a href=\"https:\/\/blog.zhdk.ch\/zdok\/talks-video\/2016\/english\/2017\/jan-cools\/\">Jan Cools<\/a><\/p>\n<hr \/>\n<p>Marianne Persson<\/p>\n<h4>A Swedish Perspective on Cinematic Research Projects<\/h4>\n<p>Marianne Persson, Professor of Film Production at the Dramatiska Institutet in Stockholm, discusses current challenges to artistic research in Sweden, in the shadow of traditional and prestigious scientific research.<\/p>\n<p><a href=\"https:\/\/blog.zhdk.ch\/zdok\/files\/2017\/11\/zdok9_persson.pdf\">Text\u00a0<\/a>\u0399 <a href=\"https:\/\/blog.zhdk.ch\/zdok\/text\/2017\/marianne-persson\/\">Marianne Persson<\/a><\/p>\n<hr \/>\n<p>Luc Schaedler<\/p>\n<h4>\u00dcber die Wissenschaftlichkeit von Dokumentarfilmen<\/h4>\n<p>F\u00fcr das visuelle Arbeiten in der Wissenschaft sieht Luc Schaedler vor allem drei m\u00f6gliche Formen: Visueller Text \u2013 das Schriftliche als Erg\u00e4nzung und Reflexion, Schriftlicher Text \u2013 das Visuelle als Illustration oder Thema der Arbeit, Prozessorientiertes Arbeiten \u2013 die experimentelle Konfrontation von Bild und Wort (z.B. Performance, interaktive Ausstellung).<\/p>\n<p><a href=\"https:\/\/blog.zhdk.ch\/zdok\/files\/2017\/11\/zdok9_schaedler.pdf\">Text\u00a0<\/a>\u0399 <a href=\"https:\/\/blog.zhdk.ch\/zdok\/text\/2017\/luc-schaedler\/\">Luc Schaedler<\/a><\/p>\n<hr \/>\n<p>Thomas Sch\u00e4rer<\/p>\n<h4>Anschaulichkeit und Reflexion in \u00abEchtzeit\u00bb<\/h4>\n<p>Cin\u00e9m\u00e9moire.ch, eine Oral History des Schweizer Films versucht durch erinnerte Filmpraxis der 1960er und 1970er Jahre und ihrer audiovisuellen Aufzeichnung das Feld \u2039Kino\u203a als historischen Untersuchungsgegenstand auszuweiten und neue Quellen zu erschliessen.<\/p>\n<p><a href=\"https:\/\/blog.zhdk.ch\/zdok\/files\/2017\/11\/zdok9_schaerer.pdf\">Text\u00a0<\/a>\u0399 <a href=\"https:\/\/blog.zhdk.ch\/zdok\/talks-video\/2016\/deutsch\/2017\/thomas-schaerer\/\">Thomas Sch\u00e4rer<\/a><\/p>\n<hr \/>\n<p>Kerstin Stutterheim<\/p>\n<h4>K\u00fcnstlerische Forschung oder Dokumentarfilm<\/h4>\n<p><a href=\"https:\/\/blog.zhdk.ch\/zdok\/files\/2017\/11\/zdok9_stutterheim.pdf\">Text\u00a0<\/a>\u0399 <a href=\"https:\/\/blog.zhdk.ch\/zdok\/talks-video\/2016\/deutsch\/2017\/kerstin-stutterheim\/\">Kerstin Stutterheim<\/a><\/p>\n<hr \/>\n<p><small>Leitung und Moderation:\u00a0Lucie Bader, Claudia Christen<\/small><\/p>\n<p><small>Publikation: Nicole Greuter (Redaktion), Moritz Wolf (Gestaltung)\u00a0<\/small><br \/>\n<small>Auch erschienen als Buch in der Reihe subTexte des Institute for the Performing Arts and Film \/ ISBN 978-3-906437-32-3<\/small><\/p>\n","protected":false},"excerpt":{"rendered":"<p>research@film &#8211; Der Dokumentarfilm forscht K\u00fcnstlerische Forschung\u00a0im Bereich des Films\u00a0gewann ab ca. 2007 immer mehr an Attraktivit\u00e4t und Aufmerksamkeit. Wegen des Forschungsauftrags der Fachhochschulen entstanden neue Dynamiken und Ans\u00e4tze, welche Fragen nach der Art der Forschung in, \u00fcber und mit Film aufwarfen. ZDOK.09 fand am 7.\/8. Mai 2009 statt. Elke Bippus Wissensproduktion durch k\u00fcnstlerische Forschung &hellip;<\/p>\n","protected":false},"author":3675,"featured_media":0,"parent":0,"menu_order":0,"comment_status":"closed","ping_status":"closed","template":"","meta":{"footnotes":""},"class_list":["post-3006","page","type-page","status-publish","hentry"],"_links":{"self":[{"href":"https:\/\/blog.zhdk.ch\/zdok\/wp-json\/wp\/v2\/pages\/3006","targetHints":{"allow":["GET"]}}],"collection":[{"href":"https:\/\/blog.zhdk.ch\/zdok\/wp-json\/wp\/v2\/pages"}],"about":[{"href":"https:\/\/blog.zhdk.ch\/zdok\/wp-json\/wp\/v2\/types\/page"}],"author":[{"embeddable":true,"href":"https:\/\/blog.zhdk.ch\/zdok\/wp-json\/wp\/v2\/users\/3675"}],"replies":[{"embeddable":true,"href":"https:\/\/blog.zhdk.ch\/zdok\/wp-json\/wp\/v2\/comments?post=3006"}],"version-history":[{"count":37,"href":"https:\/\/blog.zhdk.ch\/zdok\/wp-json\/wp\/v2\/pages\/3006\/revisions"}],"predecessor-version":[{"id":5669,"href":"https:\/\/blog.zhdk.ch\/zdok\/wp-json\/wp\/v2\/pages\/3006\/revisions\/5669"}],"wp:attachment":[{"href":"https:\/\/blog.zhdk.ch\/zdok\/wp-json\/wp\/v2\/media?parent=3006"}],"curies":[{"name":"wp","href":"https:\/\/api.w.org\/{rel}","templated":true}]}}