{"id":3028,"date":"2012-06-09T15:00:07","date_gmt":"2012-06-09T13:00:07","guid":{"rendered":"https:\/\/blog.zhdk.ch\/zdok\/?page_id=3028"},"modified":"2019-01-26T13:53:56","modified_gmt":"2019-01-26T12:53:56","slug":"zdok-12","status":"publish","type":"page","link":"https:\/\/blog.zhdk.ch\/zdok\/zdok-12\/","title":{"rendered":"ZDOK.12"},"content":{"rendered":"<p><img loading=\"lazy\" decoding=\"async\" class=\"alignnone wp-image-4529 size-full\" src=\"https:\/\/blog.zhdk.ch\/zdok\/files\/2017\/11\/zdok12_uebersicht.jpg\" alt=\"\" width=\"2000\" height=\"1088\" srcset=\"https:\/\/blog.zhdk.ch\/zdok\/files\/2017\/11\/zdok12_uebersicht.jpg 2000w, https:\/\/blog.zhdk.ch\/zdok\/files\/2017\/11\/zdok12_uebersicht-300x163.jpg 300w, https:\/\/blog.zhdk.ch\/zdok\/files\/2017\/11\/zdok12_uebersicht-768x418.jpg 768w, https:\/\/blog.zhdk.ch\/zdok\/files\/2017\/11\/zdok12_uebersicht-1240x675.jpg 1240w\" sizes=\"auto, (max-width: 2000px) 100vw, 2000px\" \/><\/p>\n<h2>Directing Reality &#8211; Inszenierung und Narration im Dokumentarfilm<\/h2>\n<h4>Die Kamera ist zum richtigen Zeitpunkt pr\u00e4sent, die Erz\u00e4hlung weist Steigerungen\u00a0und Wendepunkte auf wie im Spielfilm:\u00a0Aus der Perspektive der Praxis diskutierten\u00a0die internationalen G\u00e4ste inszenatorische Eingriffe beim Drehen und die Anwendung\u00a0dramaturgischer Schemata\u00a0in der Montage.<\/h4>\n<p><a href=\"https:\/\/blog.zhdk.ch\/zdok\/files\/2017\/11\/Programm_ZDOK12.pdf\">Programm ZDOK.12 (pdf)<\/a><\/p>\n<hr \/>\n<p><a href=\"https:\/\/blog.zhdk.ch\/zdok\/files\/2017\/11\/csm_ref_iseli_2012_b9062de4eb.jpg\"><img loading=\"lazy\" decoding=\"async\" class=\"alignnone wp-image-3182 size-full\" src=\"https:\/\/blog.zhdk.ch\/zdok\/files\/2017\/11\/csm_ref_iseli_2012_b9062de4eb.jpg\" alt=\"\" width=\"225\" height=\"190\" \/><\/a><\/p>\n<h4>Dokumentarfilm und Regie \u2013 ein Widerspruch?<\/h4>\n<p>Christian Iseli ist freischaffender Filmemacher und Dozent an der Z\u00fcrcher Hochschule der K\u00fcnste ZHdK, Fachrichtung Film. Seit dem Studium der Geschichte, Germanistik und Anglistik in Bern macht er Dokumentarfilme und arbeitet in den Bereichen Schnitt und Kamera.<\/p>\n<p><a href=\"https:\/\/blog.zhdk.ch\/zdok\/files\/2017\/10\/ref_iseli_2012.pdf\">Text\u00a0<\/a>\u0399 <a href=\"https:\/\/blog.zhdk.ch\/zdok\/gaeste\/2017\/christian-iseli-2\/\">Christian Iseli<\/a><\/p>\n<hr \/>\n<p><a href=\"https:\/\/blog.zhdk.ch\/zdok\/files\/2017\/11\/csm_pub_halme_68f251b4aa.jpg\"><img loading=\"lazy\" decoding=\"async\" class=\"alignnone wp-image-3174 size-full\" src=\"https:\/\/blog.zhdk.ch\/zdok\/files\/2017\/11\/csm_pub_halme_68f251b4aa.jpg\" alt=\"\" width=\"225\" height=\"190\" \/><\/a><\/p>\n<h4>How to direct life?<\/h4>\n<p>Mia Halme studierte Film an der University of Art and Design Helsinki und arbeitet seither als unabh\u00e4nige Filmschaffende. Mit Forever Yours gewann sie unter anderen den Preis f\u00fcr die beste Regie am Festival Visions du R\u00e9el in Nyon.<\/p>\n<p><a href=\"https:\/\/blog.zhdk.ch\/zdok\/files\/2019\/01\/publi_halme_2012.pdf\">Text <\/a>\u0399 <a href=\"https:\/\/blog.zhdk.ch\/zdok\/2017\/mia-halme\/\">Mia Halme<\/a><\/p>\n<hr \/>\n<p><a href=\"https:\/\/blog.zhdk.ch\/zdok\/files\/2017\/11\/csm_pub_sladkowski_fa9596eb40.jpg\"><img loading=\"lazy\" decoding=\"async\" class=\"alignnone wp-image-3178 size-full\" src=\"https:\/\/blog.zhdk.ch\/zdok\/files\/2017\/11\/csm_pub_sladkowski_fa9596eb40.jpg\" alt=\"\" width=\"225\" height=\"190\" \/><\/a><\/p>\n<h4>Hope for the best but prepare for the worst<\/h4>\n<p>Jerzy Sladkowski arbeitete zehn Jahre f\u00fcr das polnische Fernsehen und emigrierte 1983 nach Schweden. Er ist Autor und Regisseur von mehr als 40 Dokumentarfilmen und erhielt zahlreiche Auszeichnungen (u.a. Europ\u00e4ischer Filmpreis 1996). Vodka Factory wurde 2010 in Leipzig mit der Goldenen Taube ausgezeichnet.<\/p>\n<p><a href=\"https:\/\/blog.zhdk.ch\/zdok\/files\/2017\/10\/publi_sladkowski_2012.pdf\">Text <\/a>\u0399 <a href=\"https:\/\/blog.zhdk.ch\/zdok\/talks-video\/2016\/english\/2017\/jerzy-sladkowski\/\">Jerzy Sladkowski<\/a><\/p>\n<hr \/>\n<p><a href=\"https:\/\/blog.zhdk.ch\/zdok\/files\/2017\/11\/csm_pub_naber_8d610340d7.jpg\"><img loading=\"lazy\" decoding=\"async\" class=\"alignnone wp-image-3176 size-full\" src=\"https:\/\/blog.zhdk.ch\/zdok\/files\/2017\/11\/csm_pub_naber_8d610340d7.jpg\" alt=\"\" width=\"225\" height=\"190\" \/><\/a><\/p>\n<h4>Wie Dokumentarfilme uns emotional anregen:Vodka Factory und Forever Yours<\/h4>\n<p>Tina Naber studierte Medienp\u00e4dagogik und Psychologie an der Universit\u00e4t Bielefeld sowie Film- und Fernsehwissenschaft an der Filmhochschule HFF in Potsdam. Dort untersuchte sie die emotionale Wirkung von Dokumentarfilmen und ver\u00f6ffentlichte die Ergebnisse ihrer Diplomarbeit in dem Buch \u00abDokumentarfilm und Emotion\u00bb. Seit Studienabschluss arbeitet sie als Filmemacherin und Creative Producer f\u00fcr Dokumentarfilme und Reportagen.<\/p>\n<p><a href=\"https:\/\/blog.zhdk.ch\/zdok\/files\/2017\/11\/publi_naber_2012-3.pdf\">Text<\/a>\u00a0\u0399 <a href=\"https:\/\/blog.zhdk.ch\/zdok\/talks-video\/2016\/deutsch\/2017\/tina-naber\/\">Tina Naber<\/a><\/p>\n<hr \/>\n<p><a href=\"https:\/\/blog.zhdk.ch\/zdok\/files\/2017\/11\/csm_pub_trautmann_aeca67c6fd.jpg\"><img loading=\"lazy\" decoding=\"async\" class=\"alignnone wp-image-3180 size-full\" src=\"https:\/\/blog.zhdk.ch\/zdok\/files\/2017\/11\/csm_pub_trautmann_aeca67c6fd.jpg\" alt=\"\" width=\"225\" height=\"190\" \/><\/a><\/p>\n<h4>Filme lesen mit Roger Odin<\/h4>\n<p>Anja-Magali Trautmann (geb. Bitter) studierte Filmwissenschaft und Romanistik an der Freien Universit\u00e4t Berlin und an der Universit\u00e9 de la Sorbonne Nouvelle in Paris. Seit 2008 ist sie Teil der Doktorandengruppe \u00abDie Textualit\u00e4t des Films\u00bb an der Universit\u00e4t Bremen und arbeitet gegenw\u00e4rtig an ihrer Dissertation mit dem Thema \u00abFilm. Sprache. Wirklichkeit. Wie erz\u00e4hlt nichtfiktionales Kino?\u00bb.<\/p>\n<p><a href=\"https:\/\/blog.zhdk.ch\/zdok\/files\/2017\/10\/publi_trautmann_2012.pdf\">Text <\/a>\u0399 <a href=\"https:\/\/blog.zhdk.ch\/zdok\/talks-video\/2016\/deutsch\/2017\/anja-magali-trautmann\/\">Anja-Magali Trautmann<\/a><\/p>\n<hr \/>\n<p><a href=\"https:\/\/blog.zhdk.ch\/zdok\/files\/2017\/11\/poduim_halme_2012.jpg\"><img loading=\"lazy\" decoding=\"async\" class=\"alignnone wp-image-3184 size-full\" src=\"https:\/\/blog.zhdk.ch\/zdok\/files\/2017\/11\/poduim_halme_2012.jpg\" alt=\"\" width=\"232\" height=\"96\" \/><\/a><\/p>\n<h4>\u00abI want the audience to wonder about my protagonists\u00bb<\/h4>\n<p>Mia Halme discusses her film FOREVER YOURS with Marille Hahne and Christian Iseli.<\/p>\n<p><a href=\"https:\/\/blog.zhdk.ch\/zdok\/files\/2017\/10\/poduim_halme_2012.pdf\">Text <\/a><\/p>\n<hr \/>\n<p><a href=\"https:\/\/blog.zhdk.ch\/zdok\/files\/2017\/11\/poduim_sladkowski_2012.jpg\"><img loading=\"lazy\" decoding=\"async\" class=\"alignnone wp-image-3188 size-full\" src=\"https:\/\/blog.zhdk.ch\/zdok\/files\/2017\/11\/poduim_sladkowski_2012.jpg\" alt=\"\" width=\"232\" height=\"90\" \/><\/a><\/p>\n<h4>Getting the Best Story Out of It<\/h4>\n<p>Jerzy Sladkowski discusses his film VODKA FACTORY with Sabine Gisiger and Christian Iseli.<\/p>\n<p><a href=\"https:\/\/blog.zhdk.ch\/zdok\/zdok-2012\/2017\/getting-the-best-story-out-of-it\/\">Text <\/a><\/p>\n<hr \/>\n<p><a href=\"https:\/\/blog.zhdk.ch\/zdok\/files\/2017\/11\/poduim_schluss_2012.jpg\"><img loading=\"lazy\" decoding=\"async\" class=\"alignnone wp-image-3186 size-full\" src=\"https:\/\/blog.zhdk.ch\/zdok\/files\/2017\/11\/poduim_schluss_2012.jpg\" alt=\"\" width=\"232\" height=\"83\" \/><\/a><\/p>\n<h4>How to Sleep Well While Directing a Film?<\/h4>\n<p>Panel discussion with filmmakers Mia Halme, Jerzy Sladkowski, Samir, Tina Naber. Moderated by Sabine Gisiger.<\/p>\n<p><a href=\"https:\/\/blog.zhdk.ch\/zdok\/files\/2017\/10\/poduim_schluss_2012.pdf\">Text <\/a><\/p>\n<hr \/>\n<p><small>Leitung: Christian Iseli<\/small><\/p>\n<p><small>Moderation:\u00a0Sabine Gisiger, Marille Hahne<\/small><\/p>\n","protected":false},"excerpt":{"rendered":"<p>Directing Reality &#8211; Inszenierung und Narration im Dokumentarfilm Die Kamera ist zum richtigen Zeitpunkt pr\u00e4sent, die Erz\u00e4hlung weist Steigerungen\u00a0und Wendepunkte auf wie im Spielfilm:\u00a0Aus der Perspektive der Praxis diskutierten\u00a0die internationalen G\u00e4ste inszenatorische Eingriffe beim Drehen und die Anwendung\u00a0dramaturgischer Schemata\u00a0in der Montage. Programm ZDOK.12 (pdf) Dokumentarfilm und Regie \u2013 ein Widerspruch? Christian Iseli ist freischaffender Filmemacher &hellip;<\/p>\n","protected":false},"author":3675,"featured_media":0,"parent":0,"menu_order":0,"comment_status":"closed","ping_status":"closed","template":"","meta":{"footnotes":""},"class_list":["post-3028","page","type-page","status-publish","hentry"],"_links":{"self":[{"href":"https:\/\/blog.zhdk.ch\/zdok\/wp-json\/wp\/v2\/pages\/3028","targetHints":{"allow":["GET"]}}],"collection":[{"href":"https:\/\/blog.zhdk.ch\/zdok\/wp-json\/wp\/v2\/pages"}],"about":[{"href":"https:\/\/blog.zhdk.ch\/zdok\/wp-json\/wp\/v2\/types\/page"}],"author":[{"embeddable":true,"href":"https:\/\/blog.zhdk.ch\/zdok\/wp-json\/wp\/v2\/users\/3675"}],"replies":[{"embeddable":true,"href":"https:\/\/blog.zhdk.ch\/zdok\/wp-json\/wp\/v2\/comments?post=3028"}],"version-history":[{"count":36,"href":"https:\/\/blog.zhdk.ch\/zdok\/wp-json\/wp\/v2\/pages\/3028\/revisions"}],"predecessor-version":[{"id":8155,"href":"https:\/\/blog.zhdk.ch\/zdok\/wp-json\/wp\/v2\/pages\/3028\/revisions\/8155"}],"wp:attachment":[{"href":"https:\/\/blog.zhdk.ch\/zdok\/wp-json\/wp\/v2\/media?parent=3028"}],"curies":[{"name":"wp","href":"https:\/\/api.w.org\/{rel}","templated":true}]}}