{"id":447,"date":"2017-04-04T08:49:28","date_gmt":"2017-04-04T06:49:28","guid":{"rendered":"https:\/\/blog.zhdk.ch\/zdok\/?page_id=447"},"modified":"2018-08-23T10:23:07","modified_gmt":"2018-08-23T08:23:07","slug":"zdok-17","status":"publish","type":"page","link":"https:\/\/blog.zhdk.ch\/zdok\/zdok-bisher\/zdok-17\/","title":{"rendered":"ZDOK.17"},"content":{"rendered":"<h4>Das Gef\u00fchl, mit dabei zu sein: Virtual-Reality und 360\u00b0-Videos versprechen eine bisher unerreichte Wirklichkeitserfahrung. Die Tagung ZDOK.17 nahm dies zum Anlass, um nach Arbeitsmethoden im konventionellen Dokumentarfilm zu fragen, mit denen eine besondere Wirklichkeitsn\u00e4he erreicht werden kann. \u2013 Ist das beobachtende Direct Cinema dazu besonders gut geeignet? \u2013 Und inwiefern ist 360\u00b0-Video\/VR das neue Direct?<\/h4>\n<p><a href=\"https:\/\/blog.zhdk.ch\/zdok\/files\/2017\/07\/broschuere_zdok17.pdf\" target=\"_blank\" rel=\"noopener\">Programm ZDOK.17 (PDF)<\/a><\/p>\n<p>&nbsp;<\/p>\n<pre>Referate und Pr\u00e4sentationen in der Reihenfolge des Programms vom 30.\/31. M\u00e4rz 2017<\/pre>\n<figure id=\"attachment_4269\" aria-describedby=\"caption-attachment-4269\" style=\"width: 300px\" class=\"wp-caption alignnone\"><a href=\"https:\/\/blog.zhdk.ch\/zdok\/files\/2017\/11\/20170330-L1000752.jpg\"><img loading=\"lazy\" decoding=\"async\" class=\"wp-image-4269 size-medium\" src=\"https:\/\/blog.zhdk.ch\/zdok\/files\/2017\/11\/20170330-L1000752-300x200.jpg\" alt=\"\" width=\"300\" height=\"200\" srcset=\"https:\/\/blog.zhdk.ch\/zdok\/files\/2017\/11\/20170330-L1000752-300x200.jpg 300w, https:\/\/blog.zhdk.ch\/zdok\/files\/2017\/11\/20170330-L1000752-768x512.jpg 768w, https:\/\/blog.zhdk.ch\/zdok\/files\/2017\/11\/20170330-L1000752-1240x827.jpg 1240w\" sizes=\"auto, (max-width: 300px) 100vw, 300px\" \/><\/a><figcaption id=\"caption-attachment-4269\" class=\"wp-caption-text\">Christian Iseli<\/figcaption><\/figure>\n<h2>Being There \u2013 DIE ErFahrung der Gegenwart<\/h2>\n<p>Der Leiter des Forschungsschwerpunkts Film umriss in seinem Referat die grundlegenden Fragen der Tagung, indem er die Arbeitsmethoden und die Wirkung des Direct Cinema analysierte und diese mit den Gestaltungsm\u00f6glichkeiten und der immersiven Wirkung von 360\u00b0Videos und Virtual Reality verglich.<\/p>\n<p><a href=\"https:\/\/blog.zhdk.ch\/zdok\/talks-video\/2016\/deutsch\/2017\/being-there-die-erfahrung-der-gegenwart\/\">Video<\/a> | <a href=\"https:\/\/blog.zhdk.ch\/zdok\/talks-video\/2017\/christian-iseli\/\">Christian Iseli<\/a><\/p>\n<hr class=\"ttfmake-hr\" style=\"border-style: solid;border-top-width: 1px\" \/>\n<figure id=\"attachment_3612\" aria-describedby=\"caption-attachment-3612\" style=\"width: 300px\" class=\"wp-caption alignnone\"><a href=\"https:\/\/blog.zhdk.ch\/zdok\/files\/2017\/11\/csm_Delia_Schiltknecht_001_bd33442fb2.jpg\"><img loading=\"lazy\" decoding=\"async\" class=\"wp-image-3612\" src=\"https:\/\/blog.zhdk.ch\/zdok\/files\/2017\/11\/csm_Delia_Schiltknecht_001_bd33442fb2.jpg\" alt=\"\" width=\"300\" height=\"169\" \/><\/a><figcaption id=\"caption-attachment-3612\" class=\"wp-caption-text\">Delia Schiltknecht<\/figcaption><\/figure>\n<h2>VR-Intermezzo I<\/h2>\n<p>VR-Vergleichsstudie von Delia Schiltknecht: <em>Variation 8<\/em> (2016)<\/p>\n<p><a href=\"https:\/\/blog.zhdk.ch\/zdok\/filme\/2017\/intermezzo-i\/\">Video<\/a><\/p>\n<hr \/>\n<figure id=\"attachment_4543\" aria-describedby=\"caption-attachment-4543\" style=\"width: 300px\" class=\"wp-caption alignnone\"><a href=\"https:\/\/blog.zhdk.ch\/zdok\/files\/2017\/11\/ZDOK_pics_16.jpg\"><img loading=\"lazy\" decoding=\"async\" class=\"wp-image-4543 size-medium\" src=\"https:\/\/blog.zhdk.ch\/zdok\/files\/2017\/11\/ZDOK_pics_16-300x169.jpg\" alt=\"\" width=\"300\" height=\"169\" srcset=\"https:\/\/blog.zhdk.ch\/zdok\/files\/2017\/11\/ZDOK_pics_16-300x169.jpg 300w, https:\/\/blog.zhdk.ch\/zdok\/files\/2017\/11\/ZDOK_pics_16-768x432.jpg 768w, https:\/\/blog.zhdk.ch\/zdok\/files\/2017\/11\/ZDOK_pics_16-1240x698.jpg 1240w\" sizes=\"auto, (max-width: 300px) 100vw, 300px\" \/><\/a><figcaption id=\"caption-attachment-4543\" class=\"wp-caption-text\">Eva Hohenberger<\/figcaption><\/figure>\n<h2>IM Reich der Beobachtung<\/h2>\n<p>Die bekannte Medienwissenschaftlerin befasste sich mit den filmhistorischen Grundlagen des Direct Cinema und ging detailliert auf das Paradigma der Beobachtung im Sinne einer politisch wie moralisch legitimen Prozedur der Wissensproduktion ein.<\/p>\n<p><a href=\"https:\/\/blog.zhdk.ch\/zdok\/talks-video\/2016\/deutsch\/2017\/im-reich-der-beobachtung\/\" target=\"_blank\" rel=\"noopener\"><strong>Video<\/strong><\/a> | <a href=\"https:\/\/blog.zhdk.ch\/zdok\/files\/2017\/11\/referat_hohenberger_2017.pdf\">Text<\/a> | <a href=\"https:\/\/blog.zhdk.ch\/zdok\/2017\/3342\/\">Eva Hohenberger<\/a><\/p>\n<hr class=\"ttfmake-hr\" style=\"border-style: solid;border-top-width: 1px\" \/>\n<p><img loading=\"lazy\" decoding=\"async\" class=\"alignnone size-medium wp-image-4581\" src=\"https:\/\/blog.zhdk.ch\/zdok\/files\/2017\/11\/20170330-L1000650-300x200.jpg\" alt=\"\" width=\"300\" height=\"200\" srcset=\"https:\/\/blog.zhdk.ch\/zdok\/files\/2017\/11\/20170330-L1000650-300x200.jpg 300w, https:\/\/blog.zhdk.ch\/zdok\/files\/2017\/11\/20170330-L1000650-768x512.jpg 768w, https:\/\/blog.zhdk.ch\/zdok\/files\/2017\/11\/20170330-L1000650-1240x827.jpg 1240w\" sizes=\"auto, (max-width: 300px) 100vw, 300px\" \/><\/p>\n<h2>Wie habt ihr diese N\u00e4he erreicht?<\/h2>\n<p>Um die Leute hinter den Filmen kennenzulernen, die interessierten und um eine Antwort auf diese Fragen zu bekommen, hat Andy Michaelis in den letzten sechs Jahren insgesamt 33 Dokumentarfilmer besucht und mit ihnen \u00fcber ihre Filme gesprochen. Zusammen mit Gisela Tuchtenhagen pr\u00e4sentiere er Ausschnitte aus diesen Interviews. Auf diese Weise reagieren die Filmemacher selbst auf Fragen, wie sie die N\u00e4he zu ihren Protagonisten und damit das Gef\u00fchl des Zusammenlebens hergestellt haben.<\/p>\n<p><strong><small>Aus rechtlichen Gr\u00fcnden kann der Mitschnitt dieser Pr\u00e4sentation nicht gezeigt werden.<\/small>\u00a0<\/strong><\/p>\n<p><a href=\"https:\/\/blog.zhdk.ch\/zdok\/gaeste\/2017\/3362\/\">Andy Michaelis<\/a><\/p>\n<hr \/>\n<figure id=\"attachment_4549\" aria-describedby=\"caption-attachment-4549\" style=\"width: 300px\" class=\"wp-caption alignnone\"><a href=\"https:\/\/blog.zhdk.ch\/zdok\/files\/2017\/11\/ZDOK_pics_17.jpg\"><img loading=\"lazy\" decoding=\"async\" class=\"wp-image-4549 size-medium\" src=\"https:\/\/blog.zhdk.ch\/zdok\/files\/2017\/11\/ZDOK_pics_17-300x169.jpg\" alt=\"\" width=\"300\" height=\"169\" srcset=\"https:\/\/blog.zhdk.ch\/zdok\/files\/2017\/11\/ZDOK_pics_17-300x169.jpg 300w, https:\/\/blog.zhdk.ch\/zdok\/files\/2017\/11\/ZDOK_pics_17-768x432.jpg 768w, https:\/\/blog.zhdk.ch\/zdok\/files\/2017\/11\/ZDOK_pics_17-1240x698.jpg 1240w\" sizes=\"auto, (max-width: 300px) 100vw, 300px\" \/><\/a><figcaption id=\"caption-attachment-4549\" class=\"wp-caption-text\">Claire Simon<\/figcaption><\/figure>\n<h2>In the Presence<\/h2>\n<p>The renowned French filmmaker based her talk on her films <em>R\u00e9cr\u00e9ations<\/em> (1992), <em>Mimi<\/em> (2002) und <i>G\u00e9ographie humaine<\/i>\u00a0(2013). She showed different ways of achieving a direct and immediate viewing experience or presence.<\/p>\n<p><a href=\"https:\/\/blog.zhdk.ch\/zdok\/talks-video\/2016\/english\/2017\/claire-simon\/\">Video<\/a> | <a href=\"https:\/\/blog.zhdk.ch\/zdok\/2017\/3350\/\">Claire Simon<\/a><\/p>\n<hr \/>\n<figure id=\"attachment_2532\" aria-describedby=\"caption-attachment-2532\" style=\"width: 300px\" class=\"wp-caption alignnone\"><a href=\"https:\/\/blog.zhdk.ch\/zdok\/files\/2017\/11\/csm_Jonas_Schaffter_002_e909b05068.jpg\"><img loading=\"lazy\" decoding=\"async\" class=\"wp-image-2532\" src=\"https:\/\/blog.zhdk.ch\/zdok\/files\/2017\/11\/csm_Jonas_Schaffter_002_e909b05068.jpg\" alt=\"\" width=\"300\" height=\"169\" \/><\/a><figcaption id=\"caption-attachment-2532\" class=\"wp-caption-text\">Jonas Schaffter<\/figcaption><\/figure>\n<h2>VR-Intermezzo II<\/h2>\n<p>VR-Vergleichsstudie von Jonas Schaffter: <em>Heimatchroniken<\/em> (2016)<\/p>\n<p><a href=\"https:\/\/blog.zhdk.ch\/zdok\/talks-video\/2016\/deutsch\/2017\/vr-intermezzo-ii\/\">Video<\/a><\/p>\n<hr \/>\n<div class=\"mceTemp\"><\/div>\n<figure id=\"attachment_4559\" aria-describedby=\"caption-attachment-4559\" style=\"width: 300px\" class=\"wp-caption alignnone\"><a href=\"https:\/\/blog.zhdk.ch\/zdok\/files\/2017\/11\/ZDOK_pics_18.jpg\"><img loading=\"lazy\" decoding=\"async\" class=\"wp-image-4559 size-medium\" src=\"https:\/\/blog.zhdk.ch\/zdok\/files\/2017\/11\/ZDOK_pics_18-300x169.jpg\" alt=\"\" width=\"300\" height=\"169\" srcset=\"https:\/\/blog.zhdk.ch\/zdok\/files\/2017\/11\/ZDOK_pics_18-300x169.jpg 300w, https:\/\/blog.zhdk.ch\/zdok\/files\/2017\/11\/ZDOK_pics_18-768x432.jpg 768w, https:\/\/blog.zhdk.ch\/zdok\/files\/2017\/11\/ZDOK_pics_18-1240x698.jpg 1240w\" sizes=\"auto, (max-width: 300px) 100vw, 300px\" \/><\/a><figcaption id=\"caption-attachment-4559\" class=\"wp-caption-text\">Jan Gassmann<\/figcaption><\/figure>\n<h2>Auf in die Langeweile, wo alles passiert.<\/h2>\n<p>Der Anspruch ist derselbe geblieben: Genauso wie die Macher des Direct Cinema aus den 60ern wollen wir das pure Leben beobachten, wir w\u00e4ren gerne die Fliege an der Wand. Immer dabei, ohne zu st\u00f6ren. Jan Gassmanns neuester Film <i>Europe She Loves <\/i>(2016) ist eine halbfiktionale Politdoku \u00fcber Liebe in Zeiten der Krise und wurde an der Berlinale uraufgef\u00fchrt, f\u00fcr den europ\u00e4ischen und den Schweizer Filmpreis nominiert und lief 2016 im Kino.<\/p>\n<p><a href=\"https:\/\/blog.zhdk.ch\/zdok\/talks-video\/2016\/deutsch\/2017\/auf-die-langeweile-wo-alles-passiert\/\">Video<\/a>\u00a0\u0399 <a href=\"https:\/\/blog.zhdk.ch\/zdok\/2017\/3314\/\">Jan Gassmann<\/a><\/p>\n<hr \/>\n<p><a href=\"https:\/\/blog.zhdk.ch\/zdok\/files\/2017\/11\/ZDOK_pics_21.jpg\"><img loading=\"lazy\" decoding=\"async\" class=\"alignnone wp-image-2848 size-medium\" src=\"https:\/\/blog.zhdk.ch\/zdok\/files\/2017\/11\/ZDOK_pics_21-300x169.jpg\" alt=\"\" width=\"300\" height=\"169\" srcset=\"https:\/\/blog.zhdk.ch\/zdok\/files\/2017\/11\/ZDOK_pics_21-300x169.jpg 300w, https:\/\/blog.zhdk.ch\/zdok\/files\/2017\/11\/ZDOK_pics_21-768x432.jpg 768w, https:\/\/blog.zhdk.ch\/zdok\/files\/2017\/11\/ZDOK_pics_21-1240x698.jpg 1240w\" sizes=\"auto, (max-width: 300px) 100vw, 300px\" \/><\/a><\/p>\n<h2>Podiumsdiskussion &#8211; Die Rolle der Kamera<\/h2>\n<p>Drei Generationen von Kamerapersonen diskutieren die Herausforderungen der spontanen Bildfindung und der improvisierten D\u00e9coupage beim beobachtenden Dokumentarfilm. Podiumsdiskussion mit Gisela Tuchtenhagen, Pierre Mennel und Gabriela Betschart. Moderation: Christian Iseli<\/p>\n<p><a href=\"https:\/\/blog.zhdk.ch\/zdok\/talks-video\/2016\/deutsch\/2017\/podiumsdiskussion-die-rolle-der-kamera\/\">Video<\/a><\/p>\n<hr \/>\n<p><a href=\"https:\/\/blog.zhdk.ch\/zdok\/files\/2017\/11\/ZDOK_pics_22a.jpg\"><img loading=\"lazy\" decoding=\"async\" class=\"alignnone wp-image-2852 size-medium\" src=\"https:\/\/blog.zhdk.ch\/zdok\/files\/2017\/11\/ZDOK_pics_22a-300x169.jpg\" alt=\"\" width=\"300\" height=\"169\" srcset=\"https:\/\/blog.zhdk.ch\/zdok\/files\/2017\/11\/ZDOK_pics_22a-300x169.jpg 300w, https:\/\/blog.zhdk.ch\/zdok\/files\/2017\/11\/ZDOK_pics_22a-768x432.jpg 768w, https:\/\/blog.zhdk.ch\/zdok\/files\/2017\/11\/ZDOK_pics_22a-1240x698.jpg 1240w\" sizes=\"auto, (max-width: 300px) 100vw, 300px\" \/><\/a><\/p>\n<h2>VR-Intermezzo III &#8211; ZHdK-Projekte<\/h2>\n<p><i><b>\u2013 Angst360<\/b>\u00a0<\/i>von der Fachrichtung Cast \/ Audiovisuelle Medien, pr\u00e4sentiert von\u00a0Joanna-Yulia Wierig.<br \/>\n<i><b>\u2013 Heroin.Digital<\/b><\/i> von Gianluca Trifilo, Masterstudent Fine Arts, Departement Kunst und Medien<br \/>\n<i><b>\u2013 Inverse (Lakoon)<\/b>\u00a0<\/i>von Florian Dombois, Forschungsschwerpunkt Transdisziplinarit\u00e4t,<br \/>\npr\u00e4sentiert von Kameramann Stefan Dux<\/p>\n<p><a href=\"https:\/\/blog.zhdk.ch\/zdok\/talks-video\/2016\/deutsch\/2017\/vr-intermezzo-iii\/\">Video<\/a><\/p>\n<hr \/>\n<figure id=\"attachment_4563\" aria-describedby=\"caption-attachment-4563\" style=\"width: 300px\" class=\"wp-caption alignnone\"><a href=\"https:\/\/blog.zhdk.ch\/zdok\/files\/2017\/11\/ZDOK_pics_22.jpg\"><img loading=\"lazy\" decoding=\"async\" class=\"wp-image-4563 size-medium\" src=\"https:\/\/blog.zhdk.ch\/zdok\/files\/2017\/11\/ZDOK_pics_22-300x169.jpg\" alt=\"\" width=\"300\" height=\"169\" srcset=\"https:\/\/blog.zhdk.ch\/zdok\/files\/2017\/11\/ZDOK_pics_22-300x169.jpg 300w, https:\/\/blog.zhdk.ch\/zdok\/files\/2017\/11\/ZDOK_pics_22-768x432.jpg 768w, https:\/\/blog.zhdk.ch\/zdok\/files\/2017\/11\/ZDOK_pics_22-1240x698.jpg 1240w\" sizes=\"auto, (max-width: 300px) 100vw, 300px\" \/><\/a><figcaption id=\"caption-attachment-4563\" class=\"wp-caption-text\">Ib Bondebjerg<\/figcaption><\/figure>\n<h2>Being at War<\/h2>\n<p>Based on an interview Ib Bondebjerg made with the director (2014), he analyses his creative strategy and segments of the film which illustrate the use of narrative, emotional identification, metaphoric, imaginative aesthetics in order to situate the viewer in close encounters with the war reality.The film \u00a0is situated in a broader context of different types of observational war documentaries.<\/p>\n<p><a href=\"https:\/\/blog.zhdk.ch\/zdok\/talks-video\/2016\/english\/2017\/beobachtende-dokumentarfilme\/\">Video\u00a0\u0399<\/a>\u00a0<a href=\"https:\/\/blog.zhdk.ch\/zdok\/talks-video\/2016\/english\/2017\/ib-bondebjerg\/\">Ib Bondebjerg\u00a0\u0399 <\/a><a href=\"https:\/\/blog.zhdk.ch\/zdok\/files\/2017\/11\/referat_bondebjerg_2017.pdf\">Text<\/a><\/p>\n<hr \/>\n<p><a href=\"https:\/\/blog.zhdk.ch\/zdok\/files\/2017\/11\/ZDOK_pics_23.jpg\"><img loading=\"lazy\" decoding=\"async\" class=\"alignnone wp-image-2862 size-medium\" src=\"https:\/\/blog.zhdk.ch\/zdok\/files\/2017\/11\/ZDOK_pics_23-300x169.jpg\" alt=\"\" width=\"300\" height=\"169\" srcset=\"https:\/\/blog.zhdk.ch\/zdok\/files\/2017\/11\/ZDOK_pics_23-300x169.jpg 300w, https:\/\/blog.zhdk.ch\/zdok\/files\/2017\/11\/ZDOK_pics_23-768x432.jpg 768w, https:\/\/blog.zhdk.ch\/zdok\/files\/2017\/11\/ZDOK_pics_23-1240x698.jpg 1240w\" sizes=\"auto, (max-width: 300px) 100vw, 300px\" \/><\/a><\/p>\n<h2>Podiumsdiskussion &#8211; Was ist aus Direct Cinema geworden?<\/h2>\n<p>Ausgehend vom Ideal der Direct-Cinema-Pioniere soll es in dieser Diskussion darum gehen, wie sich die beobachtende Methode weiterentwickelt hat, etwa indem die dramatische Komponente, beispielsweise mit dem Einsatz von Musik, zunehmend betont wurde. Podiumsdiskussion mit Daniel Sponsel, Gisela Tuchtenhagen und Susanne Sch\u00fcle. Moderation: Christian Iseli.<\/p>\n<p><a href=\"https:\/\/blog.zhdk.ch\/zdok\/talks-video\/2016\/deutsch\/2017\/podiumsdiskussion-die-rolle-der-kamera\/\">Video\u00a0<\/a>\u0399 <a href=\"https:\/\/blog.zhdk.ch\/zdok\/2017\/3330\/\">Daniel Sponsel<\/a>\u00a0\u0399 <a href=\"https:\/\/blog.zhdk.ch\/zdok\/2017\/3318\/\">Gisela Tuchtenhagen<\/a>\u00a0\u0399 <a href=\"https:\/\/blog.zhdk.ch\/zdok\/2017\/3310\/\">Susanne Sch\u00fcle<\/a>\u00a0\u0399 <a href=\"https:\/\/blog.zhdk.ch\/zdok\/gaeste\/2017\/3342\/\">Eva Hohenberger<\/a><\/p>\n<hr \/>\n<figure id=\"attachment_2866\" aria-describedby=\"caption-attachment-2866\" style=\"width: 300px\" class=\"wp-caption alignnone\"><a href=\"https:\/\/blog.zhdk.ch\/zdok\/files\/2017\/11\/ZDOK_pics_24.jpg\"><img loading=\"lazy\" decoding=\"async\" class=\"wp-image-2866 size-medium\" src=\"https:\/\/blog.zhdk.ch\/zdok\/files\/2017\/11\/ZDOK_pics_24-300x169.jpg\" alt=\"\" width=\"300\" height=\"169\" srcset=\"https:\/\/blog.zhdk.ch\/zdok\/files\/2017\/11\/ZDOK_pics_24-300x169.jpg 300w, https:\/\/blog.zhdk.ch\/zdok\/files\/2017\/11\/ZDOK_pics_24-768x432.jpg 768w, https:\/\/blog.zhdk.ch\/zdok\/files\/2017\/11\/ZDOK_pics_24-1240x698.jpg 1240w\" sizes=\"auto, (max-width: 300px) 100vw, 300px\" \/><\/a><figcaption id=\"caption-attachment-2866\" class=\"wp-caption-text\">AC Coppens<\/figcaption><\/figure>\n<h2>The VR Phenomenon<\/h2>\n<p>In the past two years, it\u2019s become clear that virtual reality goes far beyond gaming. 2017 will see a massive increase in the global revenue from software and services on the whole, with the sector predicted to rake in as much $1.3 billion USD, compared to last year&#8217;s total sales of $300 million. And with this expansion, the still-emerging technologies of VR, AR and 360\u00b0 will continue to scale up too.<\/p>\n<p><a href=\"https:\/\/blog.zhdk.ch\/zdok\/talks-video\/2016\/english\/2017\/the-vr-phenomenon-english\/\">Video\u00a0\u0399\u00a0<\/a><a href=\"https:\/\/blog.zhdk.ch\/zdok\/2017\/3354\/\">AC Coppens<\/a><\/p>\n<hr \/>\n<figure id=\"attachment_4567\" aria-describedby=\"caption-attachment-4567\" style=\"width: 300px\" class=\"wp-caption alignnone\"><a href=\"https:\/\/blog.zhdk.ch\/zdok\/files\/2017\/11\/ZDOK_pics_25-1.jpg\"><img loading=\"lazy\" decoding=\"async\" class=\"wp-image-4567 size-medium\" src=\"https:\/\/blog.zhdk.ch\/zdok\/files\/2017\/11\/ZDOK_pics_25-1-300x169.jpg\" alt=\"\" width=\"300\" height=\"169\" srcset=\"https:\/\/blog.zhdk.ch\/zdok\/files\/2017\/11\/ZDOK_pics_25-1-300x169.jpg 300w, https:\/\/blog.zhdk.ch\/zdok\/files\/2017\/11\/ZDOK_pics_25-1-768x432.jpg 768w, https:\/\/blog.zhdk.ch\/zdok\/files\/2017\/11\/ZDOK_pics_25-1-1240x698.jpg 1240w\" sizes=\"auto, (max-width: 300px) 100vw, 300px\" \/><\/a><figcaption id=\"caption-attachment-4567\" class=\"wp-caption-text\">Michael Grabowski<\/figcaption><\/figure>\n<h2>Perception and Poetics of VR Documentaries<\/h2>\n<p>Proponents have described VR as an immersive experience, one that approaches reality much more than traditional cinema. However, VR remains a mediated experience. The gulf between VR and real experience opens up opportunities for developing an aesthetic of the medium.<\/p>\n<p><a href=\"https:\/\/blog.zhdk.ch\/zdok\/talks-video\/2016\/english\/2017\/perception-and-poetics-of-vr-documentaries\/\">Video \u0399\u00a0<\/a><a href=\"https:\/\/blog.zhdk.ch\/zdok\/files\/2017\/11\/referat_grabowski.pdf\">Text<\/a>\u00a0\u0399\u00a0<a href=\"https:\/\/blog.zhdk.ch\/zdok\/2017\/3346\/\">Michael Grabowski\u00a0<\/a><\/p>\n<hr \/>\n<figure id=\"attachment_2878\" aria-describedby=\"caption-attachment-2878\" style=\"width: 300px\" class=\"wp-caption alignnone\"><a href=\"https:\/\/blog.zhdk.ch\/zdok\/files\/2017\/11\/ZDOK_pics_26.jpg\"><img loading=\"lazy\" decoding=\"async\" class=\"wp-image-2878 size-medium\" src=\"https:\/\/blog.zhdk.ch\/zdok\/files\/2017\/11\/ZDOK_pics_26-300x169.jpg\" alt=\"\" width=\"300\" height=\"169\" srcset=\"https:\/\/blog.zhdk.ch\/zdok\/files\/2017\/11\/ZDOK_pics_26-300x169.jpg 300w, https:\/\/blog.zhdk.ch\/zdok\/files\/2017\/11\/ZDOK_pics_26-768x432.jpg 768w, https:\/\/blog.zhdk.ch\/zdok\/files\/2017\/11\/ZDOK_pics_26-1240x698.jpg 1240w\" sizes=\"auto, (max-width: 300px) 100vw, 300px\" \/><\/a><figcaption id=\"caption-attachment-2878\" class=\"wp-caption-text\">Bregtje van der Haak<\/figcaption><\/figure>\n<h2>Documentary Immersion<\/h2>\n<p>In conversation with Christian Iseli, Bregtje van der Haak describes her experiences and goes deeper into the development of the transmedia project White Spots, where she was responsible for the 360\u200b\u200b\u00b0 videos. The focus of the discussion will be the different design approaches used in conventional documentary films and 360\u00b0 videos.<\/p>\n<p><a href=\"https:\/\/blog.zhdk.ch\/zdok\/talks-video\/2016\/english\/2017\/documentary-immersion\/\">Video\u00a0\u0399\u00a0<\/a><a href=\"https:\/\/blog.zhdk.ch\/zdok\/2017\/3358\/\">Bregtje van der Haak<\/a><\/p>\n<hr \/>\n<p><a href=\"https:\/\/blog.zhdk.ch\/zdok\/files\/2017\/11\/ZDOK_pics_33.jpg\"><img loading=\"lazy\" decoding=\"async\" class=\"alignnone wp-image-2884 size-medium\" src=\"https:\/\/blog.zhdk.ch\/zdok\/files\/2017\/11\/ZDOK_pics_33-300x169.jpg\" alt=\"\" width=\"300\" height=\"169\" srcset=\"https:\/\/blog.zhdk.ch\/zdok\/files\/2017\/11\/ZDOK_pics_33-300x169.jpg 300w, https:\/\/blog.zhdk.ch\/zdok\/files\/2017\/11\/ZDOK_pics_33-768x432.jpg 768w, https:\/\/blog.zhdk.ch\/zdok\/files\/2017\/11\/ZDOK_pics_33-1240x698.jpg 1240w\" sizes=\"auto, (max-width: 300px) 100vw, 300px\" \/><\/a><\/p>\n<h2>Podiumsdiskussion &#8211; Immersive Journalism<\/h2>\n<p>Die Podiumsdiskussion mit Michael Ebert (Chefredakteur S\u00fcddeutsche Zeitung Magazin, M\u00fcnchen), Sebastian Pfotenhauer (Head of Video, Ringier, Z\u00fcrich) und Thomas Brun (Leiter Innovation tpc, Z\u00fcrich) geht der Frage nach, was sich die Zeitungsverlage und Fernsehanstalten von dieser Form des Journalismus versprechen, wie erfolgreich er ist und wie er sich entwickeln wird.<\/p>\n<p><a href=\"https:\/\/blog.zhdk.ch\/zdok\/talks-video\/2016\/deutsch\/2017\/podiumsdiskussion-immersive-cinema\/\">Video\u00a0<\/a>\u0399\u00a0<a href=\"https:\/\/blog.zhdk.ch\/zdok\/2017\/3322\/\">Michael Ebert<\/a>\u00a0\u0399 <a href=\"https:\/\/blog.zhdk.ch\/zdok\/2017\/3334\/\">Sebastian Pfotenhauer<\/a>\u00a0\u0399 <a href=\"https:\/\/blog.zhdk.ch\/zdok\/2017\/3270\/\">Thomas Brun<\/a>\u00a0\u0399 Marc Lepetit<\/p>\n<hr \/>\n<p><a href=\"https:\/\/blog.zhdk.ch\/zdok\/files\/2017\/11\/ZDOK_pics_37.jpg\"><img loading=\"lazy\" decoding=\"async\" class=\"alignnone wp-image-2890 size-medium\" src=\"https:\/\/blog.zhdk.ch\/zdok\/files\/2017\/11\/ZDOK_pics_37-300x169.jpg\" alt=\"\" width=\"300\" height=\"169\" srcset=\"https:\/\/blog.zhdk.ch\/zdok\/files\/2017\/11\/ZDOK_pics_37-300x169.jpg 300w, https:\/\/blog.zhdk.ch\/zdok\/files\/2017\/11\/ZDOK_pics_37-768x432.jpg 768w, https:\/\/blog.zhdk.ch\/zdok\/files\/2017\/11\/ZDOK_pics_37-1240x698.jpg 1240w\" sizes=\"auto, (max-width: 300px) 100vw, 300px\" \/><\/a><\/p>\n<h2>Schlusspodium &#8211; Being There<\/h2>\n<p>At the end of the second day Michael Grabowski, Ib Bondebjerg, Bregtje van der Haak and Claire Simon discuss with Christian Iseli the most important approaches and findings, which have been touched during the conference.<\/p>\n<p><a href=\"https:\/\/blog.zhdk.ch\/zdok\/talks-video\/2016\/english\/2017\/podiumsdiskussion-being-there\/\">Video<\/a><\/p>\n<hr \/>\n<p><small>Redaktionsgruppe: Sabine Gisiger, Miriam Loertscher, Belinda Sallin, Christian Iseli (Leitung)<\/small><\/p>\n","protected":false},"excerpt":{"rendered":"<p>Das Gef\u00fchl, mit dabei zu sein: Virtual-Reality und 360\u00b0-Videos versprechen eine bisher unerreichte Wirklichkeitserfahrung. Die Tagung ZDOK.17 nahm dies zum Anlass, um nach Arbeitsmethoden im konventionellen Dokumentarfilm zu fragen, mit denen eine besondere Wirklichkeitsn\u00e4he erreicht werden kann. \u2013 Ist das beobachtende Direct Cinema dazu besonders gut geeignet? \u2013 Und inwiefern ist 360\u00b0-Video\/VR das neue Direct? &hellip;<\/p>\n","protected":false},"author":3673,"featured_media":1741,"parent":77,"menu_order":0,"comment_status":"closed","ping_status":"closed","template":"","meta":{"footnotes":""},"class_list":["post-447","page","type-page","status-publish","has-post-thumbnail","hentry"],"_links":{"self":[{"href":"https:\/\/blog.zhdk.ch\/zdok\/wp-json\/wp\/v2\/pages\/447","targetHints":{"allow":["GET"]}}],"collection":[{"href":"https:\/\/blog.zhdk.ch\/zdok\/wp-json\/wp\/v2\/pages"}],"about":[{"href":"https:\/\/blog.zhdk.ch\/zdok\/wp-json\/wp\/v2\/types\/page"}],"author":[{"embeddable":true,"href":"https:\/\/blog.zhdk.ch\/zdok\/wp-json\/wp\/v2\/users\/3673"}],"replies":[{"embeddable":true,"href":"https:\/\/blog.zhdk.ch\/zdok\/wp-json\/wp\/v2\/comments?post=447"}],"version-history":[{"count":119,"href":"https:\/\/blog.zhdk.ch\/zdok\/wp-json\/wp\/v2\/pages\/447\/revisions"}],"predecessor-version":[{"id":7033,"href":"https:\/\/blog.zhdk.ch\/zdok\/wp-json\/wp\/v2\/pages\/447\/revisions\/7033"}],"up":[{"embeddable":true,"href":"https:\/\/blog.zhdk.ch\/zdok\/wp-json\/wp\/v2\/pages\/77"}],"wp:featuredmedia":[{"embeddable":true,"href":"https:\/\/blog.zhdk.ch\/zdok\/wp-json\/wp\/v2\/media\/1741"}],"wp:attachment":[{"href":"https:\/\/blog.zhdk.ch\/zdok\/wp-json\/wp\/v2\/media?parent=447"}],"curies":[{"name":"wp","href":"https:\/\/api.w.org\/{rel}","templated":true}]}}