{"id":5417,"date":"2018-01-14T22:59:27","date_gmt":"2018-01-14T21:59:27","guid":{"rendered":"https:\/\/blog.zhdk.ch\/zdok\/?page_id=5417"},"modified":"2019-01-21T14:29:10","modified_gmt":"2019-01-21T13:29:10","slug":"filme-2018","status":"publish","type":"page","link":"https:\/\/blog.zhdk.ch\/zdok\/zdok-2018\/filme-2018\/","title":{"rendered":"Filme"},"content":{"rendered":"<hr \/>\n<h3>Above and Below<\/h3>\n<p>Nicolas Steiner, D\/CH 2015<br \/>\nEditor: Kaya Inan<\/p>\n<p><img loading=\"lazy\" decoding=\"async\" class=\"alignnone size-large wp-image-5419\" src=\"https:\/\/blog.zhdk.ch\/zdok\/files\/2018\/01\/above-below_01-1240x706.png\" alt=\"\" width=\"960\" height=\"547\" srcset=\"https:\/\/blog.zhdk.ch\/zdok\/files\/2018\/01\/above-below_01-1240x706.png 1240w, https:\/\/blog.zhdk.ch\/zdok\/files\/2018\/01\/above-below_01-300x171.png 300w, https:\/\/blog.zhdk.ch\/zdok\/files\/2018\/01\/above-below_01-768x437.png 768w, https:\/\/blog.zhdk.ch\/zdok\/files\/2018\/01\/above-below_01.png 1380w\" sizes=\"auto, (max-width: 960px) 100vw, 960px\" \/><\/p>\n<p>Eine raue Achterbahnfahrt mit \u00dcberlebensk\u00fcnstlern in einer Welt voller Herausforderungen und Sch\u00f6nheit. Rick &amp; Cindy in den Flutkan\u00e4len tief unter den funkelnden Strassen von Las Vegas, Dave in einem verlassenen Bunker im ausgetrockneten Niemandsland und April in der steinigen W\u00fcste Utahs auf ihrer Marsmission. In unbekannte Welten geschleudert, begegnen wir Seelen, die uns verwandter sind, als wir es vermuten w\u00fcrden.<\/p>\n<p><strong>ZDOK.18- Beitrag:<\/strong><br \/>\n&gt; Vortrag von <a href=\"https:\/\/blog.zhdk.ch\/zdok\/2018\/kaya-inan\/\"><strong>Kaya Inan<\/strong><\/a> \u00fcber <em>Above and Below<\/em> (Nicolas Steiner, 2015) und <em>Cahier Africain<\/em> (Heid Specogna, 2016)<\/p>\n<p><strong><a href=\"https:\/\/www.youtube.com\/watch?v=xznyuUX43Lg\">Trailer<\/a> \u00a0| <a href=\"http:\/\/www.aboveandbelowfilm.com\/_\/AaB_Film_-_Home.html\">Webseite<\/a><\/strong><\/p>\n<p>Online anschauen: iTunes \/Apple (Fr. 4.50)<\/p>\n<hr \/>\n<h3 id=\"beuys\">Beuys<\/h3>\n<p>Andres Veiel, D 2017<br \/>\nEditoren: Stephan Krumbiegel, Olaf Voigtl\u00e4nder<\/p>\n<p><img loading=\"lazy\" decoding=\"async\" class=\"alignnone wp-image-5513 size-large\" src=\"https:\/\/blog.zhdk.ch\/zdok\/files\/2018\/01\/Beuys17a-1240x720.jpg\" alt=\"\" width=\"960\" height=\"557\" srcset=\"https:\/\/blog.zhdk.ch\/zdok\/files\/2018\/01\/Beuys17a-1240x720.jpg 1240w, https:\/\/blog.zhdk.ch\/zdok\/files\/2018\/01\/Beuys17a-300x174.jpg 300w, https:\/\/blog.zhdk.ch\/zdok\/files\/2018\/01\/Beuys17a-768x446.jpg 768w, https:\/\/blog.zhdk.ch\/zdok\/files\/2018\/01\/Beuys17a.jpg 1456w\" sizes=\"auto, (max-width: 960px) 100vw, 960px\" \/><\/p>\n<p>Beuys. Der Mann mit dem Hut, dem Filz und der Fettecke. 30 Jahre nach seinem Tod erscheint er uns als Vision\u00e4r, der seiner Zeit voraus war. Geduldig versuchte er schon damals zu erkl\u00e4ren, dass \u201eGeld keine Ware sein darf\u201c. Er wusste, dass der Geldhandel die Demokratie unterwandern w\u00fcrde. Doch mehr als das. Beuys boxt, parliert, doziert und erkl\u00e4rt dem toten Hasen die Kunst. Wollen Sie eine Revolution ohne Lachen machen? fragt er \u2013 und lacht. Sein erweiterter Kunstbegriff f\u00fchrte ihn mitten in den Kern auch heute relevanter gesellschaftlicher Debatten.<\/p>\n<p><strong>ZDOK.18- Beitr\u00e4ge:<\/strong><br \/>\n&gt; Vortrag <strong><a href=\"https:\/\/blog.zhdk.ch\/zdok\/2018\/beuys-montageprinzip-und-schneiden-im-kollektiv\/\"><em>Beuys<\/em>: Montageprinzip und Schneiden im Kollektiv<\/a>\u00a0<\/strong>von <a href=\"https:\/\/blog.zhdk.ch\/zdok\/2018\/stefan-krumbiegel\/\"><strong>Stephan Krumbiegel<\/strong><\/a> und <strong><a href=\"https:\/\/blog.zhdk.ch\/zdok\/2018\/olaf-voigtlaender\/\">Olaf Voigtl\u00e4nder<\/a>: <\/strong><br \/>\n&gt; Diskussion mit<a href=\"https:\/\/blog.zhdk.ch\/zdok\/2018\/andres-veiel-2\/\"> <strong>Andres Veiel<\/strong><\/a>, \u00a0<a href=\"https:\/\/blog.zhdk.ch\/zdok\/2018\/stefan-krumbiegel\/\"><strong>Stephan Krumbiegel<\/strong><\/a> \u00a0und\u00a0<a href=\"https:\/\/blog.zhdk.ch\/zdok\/2018\/olaf-voigtlaender\/\"><strong>Olaf Voigtl\u00e4nder<\/strong><\/a>\u00a0\u00fcber <em>Beuys<\/em><\/p>\n<p><a href=\"https:\/\/www.youtube.com\/watch?v=fNBY_OaA6Qs\">Trailer<\/a> \u00a0 | \u00a0 \u00a0<a href=\"http:\/\/www.beuys-der-film.de\">Webseite<\/a><\/p>\n<p><a href=\"https:\/\/blog.zhdk.ch\/zdok\/zdok-18_intern\/\"><strong>Online anschauen<\/strong><\/a> im internen Bereich f\u00fcr angemeldete Teilnehmer\/innen von ZDOK.18<\/p>\n<hr \/>\n<h3 id=\"cahier\">Cahier Africain<\/h3>\n<div>Heidi Specogna, D\/CH 2016<\/div>\n<div>Editor: Kaya Inan<\/div>\n<div><\/div>\n<div><img loading=\"lazy\" decoding=\"async\" class=\"alignnone size-large wp-image-5431\" src=\"https:\/\/blog.zhdk.ch\/zdok\/files\/2018\/01\/CahierAfricain_02-1240x698.jpg\" alt=\"\" width=\"960\" height=\"540\" srcset=\"https:\/\/blog.zhdk.ch\/zdok\/files\/2018\/01\/CahierAfricain_02-1240x698.jpg 1240w, https:\/\/blog.zhdk.ch\/zdok\/files\/2018\/01\/CahierAfricain_02-300x169.jpg 300w, https:\/\/blog.zhdk.ch\/zdok\/files\/2018\/01\/CahierAfricain_02-768x432.jpg 768w\" sizes=\"auto, (max-width: 960px) 100vw, 960px\" \/><\/div>\n<div>Am Anfang stand ein Schulheft. Anstelle von Vokabeln f\u00fcllten sich seine Seiten mit den Zeugenaussagen von 300 zentralafrikanischen Frauen, M\u00e4dchen und M\u00e4nnern. Sie offenbaren, was ihnen 2002 im Zuge kriegerischer Auseinandersetzungen von kongolesischen S\u00f6ldnern angetan worden war. Inmitten der Versuche den schwierigen Alltag zu meistern &#8211; und w\u00e4hrend in Den Haag noch die juristische Aufarbeitung der letzten Kriegsverbrechen in Gange ist &#8211; bricht der n\u00e4chste Krieg aus. Cahier africain ist eine Langzeitbeobachtung und erlebt an der Seite der Protagonisten den gnadenlosen Strudel von Gewalt.<\/div>\n<div><strong>\u00a0 <\/strong><\/div>\n<div><strong>ZDOK.18- Beitrag:<\/strong><\/div>\n<div>&gt; Vortrag von <a href=\"https:\/\/blog.zhdk.ch\/zdok\/2018\/kaya-inan\/\">Kaya Inan<\/a> \u00fcber die Montage von\u00a0<em>Above and Belo<\/em>w (Nicolas Steiner, 2015) und <em>Cahier Africain<\/em> (Heid Specogna, 2016)<\/div>\n<div><span style=\"color: #ffffff\">y<\/span><\/div>\n<div><a style=\"font-size: 1.5rem\" href=\"https:\/\/www.youtube.com\/watch?v=f6As3CemZcY\">Trailer<\/a><span style=\"font-size: 1.5rem\"> \u00a0 | \u00a0 <\/span><a style=\"font-size: 1.5rem\" href=\"http:\/\/Cahier Africain offizielle Webseite\">Webseite<\/a><\/div>\n<div><\/div>\n<div><\/div>\n<div>\n<hr \/>\n<\/div>\n<h3 id=\"citizen\">Citizenfour<\/h3>\n<div>Laura Poitras, USA\/D 2014<br \/>\nEditorin: Mathilde Bonnefoy<\/div>\n<div>\n<p><img loading=\"lazy\" decoding=\"async\" class=\"alignnone size-large wp-image-5435\" src=\"https:\/\/blog.zhdk.ch\/zdok\/files\/2018\/01\/Citizenfour_02-1240x698.jpg\" alt=\"\" width=\"960\" height=\"540\" srcset=\"https:\/\/blog.zhdk.ch\/zdok\/files\/2018\/01\/Citizenfour_02-1240x698.jpg 1240w, https:\/\/blog.zhdk.ch\/zdok\/files\/2018\/01\/Citizenfour_02-300x169.jpg 300w, https:\/\/blog.zhdk.ch\/zdok\/files\/2018\/01\/Citizenfour_02-768x432.jpg 768w, https:\/\/blog.zhdk.ch\/zdok\/files\/2018\/01\/Citizenfour_02.jpg 1920w\" sizes=\"auto, (max-width: 960px) 100vw, 960px\" \/><\/p>\n<p>Im Januar 2013 erh\u00e4lt die Filmemacherin Laura Poitras verschl\u00fcsselte E-Mails von einem Unbekannten. Er nennt sich \u00abCitizen Four\u00bb und stellt Beweise f\u00fcr illegale, verdeckte Massen\u00fcberwachungsprogramme verschiedener Geheimdienste und vor allem der NSA, dem Auslandsgeheimdienst der USA, in Aussicht. Laura Poitras und der Journalist Glenn Greenwald fliegen einige Monate sp\u00e4ter nach Hongkong, um sich mit dem Unbekannten zu treffen. Es ist Edward Snowden. Laura Poitras erh\u00e4lt die Erlaubnis, w\u00e4hrend des Treffens zu filmen. Sie filmt die acht Tage der verdeckten Zusammenk\u00fcnfte, in denen Edward Snowden \u00fcber die vorgelegten Dokumente Auskunft gibt.<\/p>\n<p><strong>ZDOK.18- Beitrag:<\/strong><br \/>\n&gt; <a href=\"https:\/\/blog.zhdk.ch\/zdok\/2018\/gespraech-mit-mathilde-bonnefoy-ueber-die-montage-von-citizenfour\/\"><strong>G<\/strong><strong>espr\u00e4ch \u00fcber die Montage v<\/strong><strong>on <em>Citizenfour<\/em><\/strong><\/a><em>\u00a0\u00a0<\/em>mit <a href=\"https:\/\/blog.zhdk.ch\/zdok\/2018\/mathilde-bonnefoy\/\"><strong>Mathilde Bonnefoy<\/strong><\/a><\/p>\n<p><a href=\"https:\/\/www.youtube.com\/watch?v=XiGwAvd5mvM\">Trailer<\/a> \u00a0 | \u00a0 <a href=\"https:\/\/citizenfourfilm.com\">Webseite<\/a><\/p>\n<p>Online anschauen: iTunes \/Apple (Fr. 7.50)<\/p>\n<hr \/>\n<h3 id=\"havarie\">Havarie<\/h3>\n<p>Philip Scheffner, D 2016<br \/>\nEditor:\u00a0Philip Scheffner, Drehbuchautorin, Dramaturgin: Merle Kr\u00f6ger<\/p>\n<p><img loading=\"lazy\" decoding=\"async\" class=\"alignnone wp-image-5511 size-large\" src=\"https:\/\/blog.zhdk.ch\/zdok\/files\/2018\/01\/HAVARIE_03a-1240x772.jpg\" alt=\"\" width=\"960\" height=\"598\" srcset=\"https:\/\/blog.zhdk.ch\/zdok\/files\/2018\/01\/HAVARIE_03a-1240x772.jpg 1240w, https:\/\/blog.zhdk.ch\/zdok\/files\/2018\/01\/HAVARIE_03a-300x187.jpg 300w, https:\/\/blog.zhdk.ch\/zdok\/files\/2018\/01\/HAVARIE_03a-768x478.jpg 768w, https:\/\/blog.zhdk.ch\/zdok\/files\/2018\/01\/HAVARIE_03a.jpg 1772w\" sizes=\"auto, (max-width: 960px) 100vw, 960px\" \/><\/p>\n<p>Am 14.9.2012 um 14:56 Uhr meldet das Kreuzfahrtschiff &#8222;Adventure of the Seas&#8220; der spanischen Seenotrettung die Sichtung eines havarierten Schlauchbootes mit 13 Personen an Bord. Aus einem Youtube-Clip und biografischen Szenen entsteht eine Choreografie, in der sich Vergangenheit, Gegenwart und Zukunft der Reisenden auf dem Mittelmeer spiegeln.<\/p>\n<p><strong>ZDOK.18- Beitr\u00e4ge:<\/strong><br \/>\n&gt; Vortrag: <a href=\"https:\/\/blog.zhdk.ch\/zdok\/2018\/die-revision-der-mittel\/\"><em><strong>Die Revision der Mittel<\/strong><\/em><\/a>\u00a0 von<a href=\"https:\/\/blog.zhdk.ch\/zdok\/2018\/philipp-scheffner\/\"><strong> Philip Scheffner<\/strong><\/a><br \/>\n&gt; Diskussion mit <a href=\"https:\/\/blog.zhdk.ch\/zdok\/2018\/merle-kroeger\/\">Merle Kr\u00f6ger<\/a> (Drehbuchautorin, Dramaturgin) und <a href=\"https:\/\/blog.zhdk.ch\/zdok\/2018\/philipp-scheffner\/\"><strong> Philip Scheffner<\/strong><\/a>\u00a0\u00fcber <em>Revision<\/em> und <em>Havarie<\/em>.<\/p>\n<p><a href=\"https:\/\/vimeo.com\/172708981\">Trailer<\/a> \u00a0 | \u00a0<a href=\"http:\/\/havarie.pong-berlin.de\/de\">Webseite<\/a><\/p>\n<p><a href=\"https:\/\/blog.zhdk.ch\/zdok\/zdok-18_intern\/\"><strong>Online anschauen<\/strong><\/a> im internen Bereich f\u00fcr angemeldete Teilnehmer\/innen von ZDOK.18<\/p>\n<hr \/>\n<h3 id=\"revision\">Revision<\/h3>\n<p>Philip Scheffner, D 2012<br \/>\nEditor:\u00a0Philip Scheffner, Drehbuchautorin, Dramaturgin: Merle Kr\u00f6ger<\/p>\n<figure id=\"attachment_5445\" aria-describedby=\"caption-attachment-5445\" style=\"width: 960px\" class=\"wp-caption alignnone\"><img loading=\"lazy\" decoding=\"async\" class=\"size-large wp-image-5445\" src=\"https:\/\/blog.zhdk.ch\/zdok\/files\/2018\/01\/Revision1_copyright_Svenja-L-Harten_pong-1240x824.jpg\" alt=\"\" width=\"960\" height=\"638\" srcset=\"https:\/\/blog.zhdk.ch\/zdok\/files\/2018\/01\/Revision1_copyright_Svenja-L-Harten_pong-1240x824.jpg 1240w, https:\/\/blog.zhdk.ch\/zdok\/files\/2018\/01\/Revision1_copyright_Svenja-L-Harten_pong-300x199.jpg 300w, https:\/\/blog.zhdk.ch\/zdok\/files\/2018\/01\/Revision1_copyright_Svenja-L-Harten_pong-768x510.jpg 768w, https:\/\/blog.zhdk.ch\/zdok\/files\/2018\/01\/Revision1_copyright_Svenja-L-Harten_pong.jpg 1772w\" sizes=\"auto, (max-width: 960px) 100vw, 960px\" \/><figcaption id=\"caption-attachment-5445\" class=\"wp-caption-text\">copyright: Svenja L. Harten \/ pong<\/figcaption><\/figure>\n<p>Ein Dokumentarfilm wird zur filmischen REVISION. Er rekonstruiert die Umst\u00e4nde, die 1992 zum Tod zweier M\u00e4nner auf einem Feld nahe der deutsch-polnischen Grenze f\u00fchrten. Mit zunehmend beklemmender Dichte webt Scheffner ein Netz aus Landschaft und Erinnerung, Zeugenaussagen, Akten und Ermittlungen.<\/p>\n<p><strong>ZDOK.18- Beitr\u00e4ge:<\/strong><br \/>\n&gt; Vortrag: <a href=\"https:\/\/blog.zhdk.ch\/zdok\/2018\/die-revision-der-mittel\/\"><em><strong>Die Revision der Mittel<\/strong><\/em><\/a>\u00a0 von<a href=\"https:\/\/blog.zhdk.ch\/zdok\/2018\/philipp-scheffner\/\"><strong> Philip Scheffner<\/strong><\/a><br \/>\n&gt; Diskussion mit <a href=\"https:\/\/blog.zhdk.ch\/zdok\/2018\/merle-kroeger\/\">Merle Kr\u00f6ger<\/a> (Drehbuchautorin, Dramaturgin) und <a href=\"https:\/\/blog.zhdk.ch\/zdok\/2018\/philipp-scheffner\/\"><strong> Philip Scheffner<\/strong><\/a>\u00a0\u00fcber <em>Revision<\/em> und <em>Havarie<\/em>.<\/p>\n<p><a href=\"https:\/\/www.youtube.com\/watch?time_continue=50&amp;v=Ij8Dw-F85S4\">Trailer<\/a> \u00a0 \u00a0| \u00a0 \u00a0<a href=\"http:\/\/revision-film.eu\/de\/2\/news\">Webseite<\/a><\/p>\n<p><a href=\"https:\/\/blog.zhdk.ch\/zdok\/zdok-18_intern\/\"><strong>Online anschauen<\/strong><\/a> im internen Bereich f\u00fcr angemeldete Teilnehmer\/innen von ZDOK.18<\/p>\n<\/div>\n<hr \/>\n<h3 id=\"untitled\">Untitled \/ Der FILM OHNE NAMEN<\/h3>\n<p>Michael Glawogger und Monika Willi, A 2017<br \/>\nEditorin:\u00a0Monika Willi<\/p>\n<p><img loading=\"lazy\" decoding=\"async\" class=\"alignnone size-large wp-image-5451\" src=\"https:\/\/blog.zhdk.ch\/zdok\/files\/2018\/01\/Untitled_03a-1240x698.jpg\" alt=\"\" width=\"960\" height=\"540\" srcset=\"https:\/\/blog.zhdk.ch\/zdok\/files\/2018\/01\/Untitled_03a-1240x698.jpg 1240w, https:\/\/blog.zhdk.ch\/zdok\/files\/2018\/01\/Untitled_03a-300x169.jpg 300w, https:\/\/blog.zhdk.ch\/zdok\/files\/2018\/01\/Untitled_03a-768x432.jpg 768w, https:\/\/blog.zhdk.ch\/zdok\/files\/2018\/01\/Untitled_03a.jpg 1280w\" sizes=\"auto, (max-width: 960px) 100vw, 960px\" \/><\/p>\n<p>Mehr als zwei Jahre nach dem pl\u00f6tzlichen Tod von Michael Glawogger im April 2014 realisiert Monika Willi einen Film aus jenem Material, das w\u00e4hrend der 4 Monate und 19 Tage dauernden Reise durch den Balkan, Italien, Nordwest- und Westafrika entstanden ist. Eine Reise durch die Welt, um zuzuh\u00f6ren, zu beobachten und zu erleben \u2013 mit aufmerksamen Augen, mutig und offen. Serendipity ist das Konzept dieses Films \u2013 vom Dreh bis zum Schnitt.<\/p>\n<p><strong>ZDOK.18- Beitr\u00e4ge:<\/strong><br \/>\n&gt; Vortrag von <a href=\"https:\/\/blog.zhdk.ch\/zdok\/2018\/monika-willi\/\"><strong>Monika Willi<\/strong><\/a>: <a href=\"https:\/\/blog.zhdk.ch\/zdok\/2018\/schneiden-wenn-der-regisseur-nicht-zurueckkommt\/\">Schneiden, wenn der Regisseur nicht zur\u00fcckkommt<\/a><br \/>\n&gt; Diskussion<a href=\"https:\/\/blog.zhdk.ch\/zdok\/2018\/attila-boa\/\"> <strong>Attila Boa<\/strong><\/a> (Kameramann) und <a href=\"https:\/\/blog.zhdk.ch\/zdok\/2018\/monika-willi\/\"><strong>Monika Willi<\/strong><\/a>\u00a0\u00fcber <em>Untitled<\/em><\/p>\n<p><a href=\"https:\/\/www.youtube.com\/watch?v=XhJQd4gg5IY\">Trailer<\/a> \u00a0| \u00a0 <a href=\"http:\/\/www.lotus-film.at\/filme\/untitled\">Webseite<\/a><\/p>\n<p><a href=\"https:\/\/blog.zhdk.ch\/zdok\/zdok-18_intern\/\"><strong>Online anschauen<\/strong><\/a> im internen Bereich f\u00fcr angemeldete Teilnehmer\/innen von ZDOK.18<\/p>\n<hr \/>\n<h4><a href=\"https:\/\/blog.zhdk.ch\/zdok\/\">&gt; Home<\/a> \u00a0 | \u00a0 <a href=\"https:\/\/blog.zhdk.ch\/zdok\/zdok-2018\/gaeste-2018\/\">&gt; G\u00e4ste 2018<\/a>\u00a0 \u00a0 | \u00a0 <a href=\"https:\/\/blog.zhdk.ch\/zdok\/zdok-bisher\/\">&gt; \u00a0ZDOK Archiv<\/a> \u00a0 | \u00a0 <a href=\"https:\/\/blog.zhdk.ch\/zdok\/ueberuns\/\">&gt; ZDOK Info<\/a><\/h4>\n","protected":false},"excerpt":{"rendered":"<p>Above and Below Nicolas Steiner, D\/CH 2015 Editor: Kaya Inan Eine raue Achterbahnfahrt mit \u00dcberlebensk\u00fcnstlern in einer Welt voller Herausforderungen und Sch\u00f6nheit. Rick &amp; Cindy in den Flutkan\u00e4len tief unter den funkelnden Strassen von Las Vegas, Dave in einem verlassenen Bunker im ausgetrockneten Niemandsland und April in der steinigen W\u00fcste Utahs auf ihrer Marsmission. In &hellip;<\/p>\n","protected":false},"author":3673,"featured_media":0,"parent":113,"menu_order":2,"comment_status":"closed","ping_status":"closed","template":"","meta":{"footnotes":""},"class_list":["post-5417","page","type-page","status-publish","hentry"],"_links":{"self":[{"href":"https:\/\/blog.zhdk.ch\/zdok\/wp-json\/wp\/v2\/pages\/5417","targetHints":{"allow":["GET"]}}],"collection":[{"href":"https:\/\/blog.zhdk.ch\/zdok\/wp-json\/wp\/v2\/pages"}],"about":[{"href":"https:\/\/blog.zhdk.ch\/zdok\/wp-json\/wp\/v2\/types\/page"}],"author":[{"embeddable":true,"href":"https:\/\/blog.zhdk.ch\/zdok\/wp-json\/wp\/v2\/users\/3673"}],"replies":[{"embeddable":true,"href":"https:\/\/blog.zhdk.ch\/zdok\/wp-json\/wp\/v2\/comments?post=5417"}],"version-history":[{"count":66,"href":"https:\/\/blog.zhdk.ch\/zdok\/wp-json\/wp\/v2\/pages\/5417\/revisions"}],"predecessor-version":[{"id":6955,"href":"https:\/\/blog.zhdk.ch\/zdok\/wp-json\/wp\/v2\/pages\/5417\/revisions\/6955"}],"up":[{"embeddable":true,"href":"https:\/\/blog.zhdk.ch\/zdok\/wp-json\/wp\/v2\/pages\/113"}],"wp:attachment":[{"href":"https:\/\/blog.zhdk.ch\/zdok\/wp-json\/wp\/v2\/media?parent=5417"}],"curies":[{"name":"wp","href":"https:\/\/api.w.org\/{rel}","templated":true}]}}