{"id":6635,"date":"2018-04-22T17:28:24","date_gmt":"2018-04-22T15:28:24","guid":{"rendered":"https:\/\/blog.zhdk.ch\/zdok\/?page_id=6635"},"modified":"2026-01-26T15:01:16","modified_gmt":"2026-01-26T14:01:16","slug":"6635-2","status":"publish","type":"page","link":"https:\/\/blog.zhdk.ch\/zdok\/","title":{"rendered":""},"content":{"rendered":"\t\t\t<div class=\"ttfmake-shortcode-slider\">\n\t\t\t\t<div class=\"cycle-slideshow\" data-cycle-slides=\".cycle-slide\" data-cycle-loader=\"wait\" data-cycle-auto-height=\"calc\" data-cycle-center-horz=\"true\" data-cycle-center-vert=\"true\" data-cycle-swipe=\"true\" data-cycle-log=\"false\" data-cycle-timeout=\"4200\" data-cycle-fx=\"none\">\n\t\t\t\t\t\t\t\t\t\t<figure class=\"cycle-slide\">\n\t\t\t\t\t\t<img loading=\"lazy\" decoding=\"async\" width=\"960\" height=\"562\" src=\"https:\/\/blog.zhdk.ch\/zdok\/files\/2025\/01\/zdok_website_smiley.jpg\" class=\"attachment-large size-large\" alt=\"\" srcset=\"https:\/\/blog.zhdk.ch\/zdok\/files\/2025\/01\/zdok_website_smiley.jpg 1240w, https:\/\/blog.zhdk.ch\/zdok\/files\/2025\/01\/zdok_website_smiley-300x176.jpg 300w, https:\/\/blog.zhdk.ch\/zdok\/files\/2025\/01\/zdok_website_smiley-768x450.jpg 768w\" sizes=\"auto, (max-width: 960px) 100vw, 960px\" \/>\t\t\t\t\t\t\t\t\t\t\t<\/figure>\n\t\t\t\t\t\t\t\t\t\t<figure class=\"cycle-slide\">\n\t\t\t\t\t\t<img loading=\"lazy\" decoding=\"async\" width=\"960\" height=\"562\" src=\"https:\/\/blog.zhdk.ch\/zdok\/files\/2025\/01\/zdok_website_victoria.jpg\" class=\"attachment-large size-large\" alt=\"\" srcset=\"https:\/\/blog.zhdk.ch\/zdok\/files\/2025\/01\/zdok_website_victoria.jpg 1240w, https:\/\/blog.zhdk.ch\/zdok\/files\/2025\/01\/zdok_website_victoria-300x176.jpg 300w, https:\/\/blog.zhdk.ch\/zdok\/files\/2025\/01\/zdok_website_victoria-768x450.jpg 768w\" sizes=\"auto, (max-width: 960px) 100vw, 960px\" \/>\t\t\t\t\t\t\t\t\t\t\t<\/figure>\n\t\t\t\t\t\t\t\t\t\t<figure class=\"cycle-slide\">\n\t\t\t\t\t\t<img loading=\"lazy\" decoding=\"async\" width=\"960\" height=\"562\" src=\"https:\/\/blog.zhdk.ch\/zdok\/files\/2025\/01\/zdok_website_mann.jpg\" class=\"attachment-large size-large\" alt=\"\" srcset=\"https:\/\/blog.zhdk.ch\/zdok\/files\/2025\/01\/zdok_website_mann.jpg 1240w, https:\/\/blog.zhdk.ch\/zdok\/files\/2025\/01\/zdok_website_mann-300x176.jpg 300w, https:\/\/blog.zhdk.ch\/zdok\/files\/2025\/01\/zdok_website_mann-768x450.jpg 768w\" sizes=\"auto, (max-width: 960px) 100vw, 960px\" \/>\t\t\t\t\t\t\t\t\t\t\t<\/figure>\n\t\t\t\t\t\t\t\t\t<\/div>\n\t\t\t\t\t\t\t\t\t\t\t<\/div>\n\t\t\t\n<pre><b>ZDOK.25<\/b> fand vom 19. bis 21. M\u00e4rz 2025 im Museum f\u00fcr Gestaltung und im Kino Toni der ZHdK statt. Die Vortr\u00e4ge und Diskussionen stehen als Videoaufzeichnungen im <a href=\"https:\/\/blog.zhdk.ch\/zdok\/zdok-25_archiv\/\">Archiv<\/a> zur  Verf\u00fcgung.<\/pre>\n<h4 style=\"font-weight: 400\"><strong>IT\u2018S A MATCH<br \/>\n<\/strong><span style=\"color: #808080\"><strong>Beziehungsarbeit Im Dokumentarfilm<\/strong><\/span><\/h4>\n<p>Das <b>Zusammenspiel zwischen Filmenden und Gefilmten<\/b> ist komplex, verl\u00e4uft nicht immer reibungslos und dennoch, wenn \u2019es passt\u2019, ist es nicht selten der Anfang eines aussergew\u00f6hnlichen Films. Aber wer steht da eigentlich vor der Kamera? Sind es Teilnehmer:innen, Mitwirkende, Partner:innen? Oder sind es doch eher Figuren, Protagonist:innen, die erst im Schnittprozess \u00adgeformt werden? <b>Bezahlen wir sie? Wie gehen wir mit \u00adihnen um? Wie viel Mitspracherecht haben sie? K\u00fcmmern wir uns noch, wenn der Film fertiggestellt ist?<\/b><\/p>\n<p>Menschen, die ihren Alltag und ihr Leben f\u00fcr einen Dokumentarfilm \u00f6ffnen, haben h\u00e4ufig eine \u00adKrise durchlebt oder befinden sich in einer schwierigen Situation. Und die Filmschaffenden erreichen vor allem dann eindr\u00fcckliche Szenen, wenn die Tiefe einer Krise m\u00f6glichst in der vollen Dimension erfasst werden kann. Sie sind abh\u00e4ngig davon, dass sich die gefilmten Personen vertrauensvoll \u00f6ffnen und auch Situationen zulassen, in denen sie gestresst, traurig oder verzweifelt sind. Die Wirkung in der \u00d6ffentlichkeit l\u00e4sst sich f\u00fcr die Gefilmten jedoch kaum absch\u00e4tzen, und kann f\u00fcr ihr pers\u00f6nliches Leben tiefgreifende Folgen haben. <b>Wie l\u00e4sst sich ein Gleichgewicht in der gemeinsamen Arbeit herstellen? <\/b>Und ab wann sind Abweichungen \u00adzwischen den realen Personen und den geschaffenen Figuren ethisch bedenklich?<\/p>\n<p><b>ZDOK.25<\/b> bietet eine vielschichtige Auseinandersetzung mit einem der zentralsten Themen des Dokumentarfilmschaffens. Filmende, Gefilmte und Forschende er\u00f6rtern dokumentarfilmbezogene Beziehungsfragen aus unterschiedlichen Perspektiven und f\u00f6rdern so den Diskurs \u00fcber filmgestalterische Positionen unserer Zeit. \u00a0 \u00a0 \u00a0[ <strong>&gt;<\/strong> <a href=\"https:\/\/blog.zhdk.ch\/zdok\/25-intro_english\/\">English intro page<\/a> ]<\/p>\n<hr \/>\n<ul>\n<li><b>FILMENDE<span style=\"color: #808080\"> \/ FILMMAKERS:<\/span><br \/>\n<a href=\"https:\/\/blog.zhdk.ch\/zdok\/2024\/heidi-specogna\/\">Heidi Specogna<\/a><\/b> (u.a. Cahier Africain, The Lady with the Arrows), <b><a href=\"https:\/\/blog.zhdk.ch\/zdok\/2024\/annett-ilijew\/\">Annett Ilijew<\/a> <\/b>(Facing Time), <a href=\"https:\/\/blog.zhdk.ch\/zdok\/2025\/lisa-gerig\/\"><b>Lisa Gerig<\/b><\/a> (Die Anh\u00f6rung), <a href=\"https:\/\/blog.zhdk.ch\/zdok\/2025\/maja-tschumi\/\"><b>Maja Tschumi<\/b><\/a> (Immortals), \u00a0<b><a href=\"https:\/\/blog.zhdk.ch\/zdok\/2025\/mehdi-sahebi\/\">Mehdi Sahebi<\/a> <\/b>(Gefangene des Schicksals), \u00a0<a href=\"https:\/\/blog.zhdk.ch\/zdok\/2025\/fabienne-steiner\/\"><b>Fabienne Steiner<\/b> <\/a>(Fitting In), \u00a0<a href=\"https:\/\/blog.zhdk.ch\/zdok\/2024\/bigna-tomschin\/\"><b>Bigna Tomschin<\/b><\/a> (Editorin von Polish Prayer) sowie das kooperative Team <b><a href=\"https:\/\/blog.zhdk.ch\/zdok\/2025\/marisa-meier\/\">Marisa Meier<\/a>, <a href=\"https:\/\/blog.zhdk.ch\/zdok\/2025\/luisa-ricar\/\">Luisa Ricar<\/a> <\/b>und <b><a href=\"https:\/\/blog.zhdk.ch\/zdok\/2025\/franziska-sonder\/\">Franziska Sonder<\/a> <\/b>(Tiny Kitten vs 2nry System, work in progress): Sie geben Einblicke in ihre Art der Beziehungsarbeit, in die Entstehungsprozesse der Filme und in ihre ethischen Dilemmas.<\/li>\n<li><b>GEFILMTE<span style=\"color: #808080\"> \/ CONTRIBUTORS:<\/span><br \/>\n<\/b>Ehemalige Mitwirkende oder Protagonist:innen nehmen an den Pr\u00e4sentationen und Diskussionen teil und erl\u00e4utern ihre spezifische Perspektive: <a href=\"https:\/\/blog.zhdk.ch\/zdok\/2025\/living-smile-vidya\/\">Living Smile Vidya<\/a> (Die Anh\u00f6rung), <a href=\"https:\/\/blog.zhdk.ch\/zdok\/2025\/melak-madhi\/\">Malek Madhi<\/a> (Immortals), <a href=\"https:\/\/blog.zhdk.ch\/zdok\/2025\/ahlam\/\">Ahlam<\/a> (Tell Them About Us, Shadows), <a href=\"https:\/\/blog.zhdk.ch\/zdok\/2025\/maia-arson-crimew\/\">Maia Arson Crimew <\/a>(Tiny Kitten vs 2nry System, work in progress)<\/li>\n<li><b>FORSCHENDE<span style=\"color: #808080\"> \/ RESEARCHERS<\/span>:<br \/>\n<a href=\"https:\/\/blog.zhdk.ch\/zdok\/2024\/patricia-aufderheide\/\">Patrica Aufderheide<\/a><\/b> (American University, Washington D.C.), <a href=\"https:\/\/blog.zhdk.ch\/zdok\/2025\/jens-eder\/\"><b>Jens Eder<\/b><\/a> (Filmuniversit\u00e4t Babelsberg Konrad Wolf),<a href=\"https:\/\/blog.zhdk.ch\/zdok\/2024\/emily-coleman\/\"> <b>Emily Coleman<\/b> <\/a>(King\u2019s College \u00adLondon), <b><a href=\"https:\/\/blog.zhdk.ch\/zdok\/2025\/rand-beiruty-2\/\">Rand Beiruty<\/a> <\/b>(artistic researcher, Amman\/Berlin), <a href=\"https:\/\/blog.zhdk.ch\/zdok\/2024\/david-alamouti\/\"><b>David Alamouti <\/b><\/a>(University of the Arts London) kontextualisieren die diskutierten Themen, \u00adbeziehen neue Studien mit ein und setzen sich mit ethischen Standards auseinander.<\/li>\n<li><b>SPECIAL INPUT<span style=\"color: #808080\">:<\/span><br \/>\n<\/b>Die Psychotherapeutin <a href=\"https:\/\/blog.zhdk.ch\/zdok\/2025\/serra-ciliv\/\"><b>Serra Ciliv <\/b><\/a>(Film in Mind, UK) macht in einem Experiment mit Freiwilligen aus dem Publikum reale Problemstellungen zwischen Filmenden und Gefilmten sicht- und f\u00fchlbar. Der d\u00e4nische Produzent und Buchautor <a href=\"https:\/\/blog.zhdk.ch\/zdok\/2025\/mikael-opstrup\/\"><b>Mikael Opstrup <\/b><\/a>befasst sich mit der Frage, wie allt\u00e4gliche Ereignisse au\u00dferhalb unserer Kontrolle die kreativen Prozesse beeinflussen.<\/li>\n<\/ul>\n<hr \/>\n<h6><big><em>Bildmotiv: <\/em><em>DIE ANH\u00d6RUNG von Lisa Gerig, Ensemble Film 2023<\/em><em>\u00a0|<\/em><em>\u00a0<\/em><em>Gestaltung:\u00a0<\/em><a title=\"http:\/\/weberundpartner.com\/\" href=\"http:\/\/weberundpartner.com\/\">Agnes Weber<\/a><\/big><\/h6>\n<pre><strong>&gt;<\/strong><a href=\"https:\/\/blog.zhdk.ch\/zdok\/programm-25\/\"> PROGRAMM 2025<\/a> |<strong> &gt;<\/strong> <a href=\"https:\/\/blog.zhdk.ch\/zdok\/guests-2025\/\">G\u00c4STE 2025<\/a> | <strong>&gt;<\/strong><a href=\"https:\/\/blog.zhdk.ch\/zdok\/filme-2025\/\"> FILME 2025<\/a> | <strong>&gt;<\/strong> <a href=\"https:\/\/eventfrog.ch\/de\/p\/kurse-seminare\/kunst-kultur\/zdok-25-zuercher-dokumentarfilmtagung-7283131732487809850.html\" target=\"_blank\" rel=\"noopener\">TICKETS<\/a> | <strong>&gt;<\/strong><a href=\"https:\/\/blog.zhdk.ch\/zdok\/2025\/redaktion-moderation\/\"> REDAKTIONSTEAM<\/a><\/pre>\n<p>&nbsp;<\/p>\n<p>&nbsp;<\/p>\n<p>&nbsp;<\/p>\n","protected":false},"excerpt":{"rendered":"<p>ZDOK.25 fand vom 19. bis 21. M\u00e4rz 2025 im Museum f\u00fcr Gestaltung und im Kino Toni der ZHdK statt. Die Vortr\u00e4ge und Diskussionen stehen als Videoaufzeichnungen im Archiv zur Verf\u00fcgung. IT\u2018S A MATCH Beziehungsarbeit Im Dokumentarfilm Das Zusammenspiel zwischen Filmenden und Gefilmten ist komplex, verl\u00e4uft nicht immer reibungslos und dennoch, wenn \u2019es passt\u2019, ist es &hellip;<\/p>\n","protected":false},"author":6330,"featured_media":0,"parent":0,"menu_order":0,"comment_status":"closed","ping_status":"closed","template":"","meta":{"footnotes":""},"class_list":["post-6635","page","type-page","status-publish","hentry"],"_links":{"self":[{"href":"https:\/\/blog.zhdk.ch\/zdok\/wp-json\/wp\/v2\/pages\/6635","targetHints":{"allow":["GET"]}}],"collection":[{"href":"https:\/\/blog.zhdk.ch\/zdok\/wp-json\/wp\/v2\/pages"}],"about":[{"href":"https:\/\/blog.zhdk.ch\/zdok\/wp-json\/wp\/v2\/types\/page"}],"author":[{"embeddable":true,"href":"https:\/\/blog.zhdk.ch\/zdok\/wp-json\/wp\/v2\/users\/6330"}],"replies":[{"embeddable":true,"href":"https:\/\/blog.zhdk.ch\/zdok\/wp-json\/wp\/v2\/comments?post=6635"}],"version-history":[{"count":188,"href":"https:\/\/blog.zhdk.ch\/zdok\/wp-json\/wp\/v2\/pages\/6635\/revisions"}],"predecessor-version":[{"id":16343,"href":"https:\/\/blog.zhdk.ch\/zdok\/wp-json\/wp\/v2\/pages\/6635\/revisions\/16343"}],"wp:attachment":[{"href":"https:\/\/blog.zhdk.ch\/zdok\/wp-json\/wp\/v2\/media?parent=6635"}],"curies":[{"name":"wp","href":"https:\/\/api.w.org\/{rel}","templated":true}]}}