{"id":3336,"date":"2022-01-10T14:23:06","date_gmt":"2022-01-10T14:23:06","guid":{"rendered":"https:\/\/blog.zhdk.ch\/zfiction\/?page_id=3336"},"modified":"2024-10-17T07:34:02","modified_gmt":"2024-10-17T07:34:02","slug":"zfiction-24","status":"publish","type":"page","link":"https:\/\/blog.zhdk.ch\/zfiction\/zfiction-24\/","title":{"rendered":"ZFICTION.24"},"content":{"rendered":"<p><a href=\"https:\/\/blog.zhdk.ch\/zfiction\/files\/2023\/12\/1920X1080_ZFiction24_Banner01.png\"><img loading=\"lazy\" decoding=\"async\" class=\"alignnone size-full wp-image-4571\" src=\"https:\/\/blog.zhdk.ch\/zfiction\/files\/2023\/12\/1920X1080_ZFiction24_Banner01.png\" alt=\"\" width=\"8000\" height=\"4500\" srcset=\"https:\/\/blog.zhdk.ch\/zfiction\/files\/2023\/12\/1920X1080_ZFiction24_Banner01.png 8000w, https:\/\/blog.zhdk.ch\/zfiction\/files\/2023\/12\/1920X1080_ZFiction24_Banner01-300x169.png 300w, https:\/\/blog.zhdk.ch\/zfiction\/files\/2023\/12\/1920X1080_ZFiction24_Banner01-1024x576.png 1024w, https:\/\/blog.zhdk.ch\/zfiction\/files\/2023\/12\/1920X1080_ZFiction24_Banner01-768x432.png 768w, https:\/\/blog.zhdk.ch\/zfiction\/files\/2023\/12\/1920X1080_ZFiction24_Banner01-1536x864.png 1536w, https:\/\/blog.zhdk.ch\/zfiction\/files\/2023\/12\/1920X1080_ZFiction24_Banner01-2048x1152.png 2048w\" sizes=\"auto, (max-width: 8000px) 100vw, 8000px\" \/><\/a><\/p>\n<pre>Die Spielfilmtagung <strong>ZFICTION.24<\/strong> fand am <strong>21. und 22. M\u00e4rz 2024<\/strong> auf der B\u00fchne A in der Gessnerallee der Z\u00fcrcher Hochschule der K\u00fcnste (ZHdK) in Z\u00fcrich statt. <strong>\u00abFuture Bodies \u2013 Screen Acting in the Digital Age\u00bb<\/strong> untersuchte zeitgen\u00f6ssische und k\u00fcnftige Entwicklungen im Filmschauspiel vor dem Hintergrund der digitalen Transformation und neuer Modelle von Partizipation und Diversit\u00e4t.<\/pre>\n<p>Die Z\u00fcrcher Spielfilmtagung <strong>ZFICTION.24<\/strong> war der Kunst des Filmschauspiels gewidmet. Unter dem Titel \u00abFuture Bodies \u2013 Screen Acting in the Digital Age\u00bb erkundeten wir gemeinsam mit Branche und Publikum, welcher Stellenwert der Kunst der Darstellung im zeitgen\u00f6ssischen Filmschaffen zukommt.<\/p>\n<p>Was ist \u00abFilmschauspiel\u00bb? Unter welchen Bedingungen entsteht es? Wie kann die Zusammenarbeit zwischen Spielenden, Coaches und Inszenierenden k\u00fcnstlerisch wie menschlich gelingen? Wer darf welche Rolle spielen \u2013 und warum? Entwickeln sich Schauspielende zu Datenlieferanten f\u00fcr digitale Workflows mit KI? Was macht eine zeitgen\u00f6ssische Ausbildung aus?<\/p>\n<p>Bei <strong>ZFICTION.24<\/strong> trafen sich im Theater an der Gessnerallee Filmschaffende, Schauspielende, Forschende und Studierende mit internationalen G\u00e4sten zum fachlichen und kreativen Austausch. Expert:innen aus Wissenschaft und Praxis geben Einblick in aktuelle Entwicklungen rund um Partizipation, Diversit\u00e4t und Zusammenarbeit im Dreieck \u00abSpiel-Regie-Coach\u00bb. Der Einfluss von Computer-Algorithmen auf k\u00fcnftige Arbeitsfelder f\u00fcr Schauspielende wurde diskutiert, und ethische Fragen rund um k\u00fcnstliche \u00abIntelligenz\u00bb und generative Modelle f\u00fcr K\u00f6rper, Gesicht und Stimme er\u00f6rtert. Erg\u00e4nzt wurden diese Themen durch psychologische und filmwissenschaftliche Perspektiven.<\/p>\n<p>Vortr\u00e4ge und Case Studies zeigten <a href=\"https:\/\/blog.zhdk.ch\/zfiction\/2024\/01\/23\/mel-churcher\/\">Mel Churcher<\/a> (Coach und Buchautorin \u00abA Screen Acting Workshop\u00bb), <a href=\"https:\/\/blog.zhdk.ch\/zfiction\/2024\/01\/23\/jessica-hartley\/\">Jessica Hartley<\/a> (Royal School of Speech and Drama London, \u00abDignity in Actor Training\u00bb), <a href=\"https:\/\/blog.zhdk.ch\/zfiction\/2024\/02\/07\/dominic-lees\/\">Dominic Lees<\/a> (University of Reading, \u00abThe Digital Face and Deepfakes on Screen\u00bb), <a href=\"https:\/\/blog.zhdk.ch\/zfiction\/2024\/03\/07\/ella-rumpf\/\">Ella Rumpf<\/a> (Schauspielerin), <a href=\"https:\/\/blog.zhdk.ch\/zfiction\/2024\/02\/16\/cheryl-burniston\/\">Cheryl Burniston<\/a> (Motion Capture Artist), <a href=\"https:\/\/blog.zhdk.ch\/zfiction\/2024\/01\/23\/thalia-r-goldstein\/\">Thalia Goldstein<\/a> (GM University, Virgina, USA, \u00abPsychological Perspectives on Acting\u00bb), <a href=\"https:\/\/blog.zhdk.ch\/zfiction\/2024\/01\/23\/johannes-riis\/\">Johannes Riis<\/a> (University of Copenhagen, \u00abActing\u00bb), <a href=\"https:\/\/blog.zhdk.ch\/zfiction\/2024\/01\/23\/anja-kloeck\/\">Anja Kl\u00f6ck<\/a> (HMT Leipzig, \u00abSpielr\u00e4ume professionellen Schauspielens und digitale Transformation\u00bb), <a href=\"https:\/\/blog.zhdk.ch\/zfiction\/2024\/01\/23\/luis-august-krawen\/\">Luis August Krawen<\/a> (Video-K\u00fcnstler Schauspielhaus Hamburg, Schauspielhaus Z\u00fcrich, Residenztheater M\u00fcnchen), <a href=\"https:\/\/blog.zhdk.ch\/zfiction\/2024\/03\/07\/katalin-goedroes\/\">Katalin G\u00f6dr\u00f6s<\/a> (Regisseurin, Professorin ifs K\u00f6ln), <a href=\"https:\/\/blog.zhdk.ch\/zfiction\/2024\/02\/21\/maryam-touzani\">Maryam Touzani<\/a> (Regisseurin, Drehbuchautorin, Schauspielerin),\u00a0<a href=\"https:\/\/blog.zhdk.ch\/zfiction\/2024\/03\/07\/raquel-kishori-dukpa\/\">Raquel Kishori Dukpa<\/a> (J\u00fcnglinge, Casting, Autorin),\u00a0<a href=\"https:\/\/blog.zhdk.ch\/zfiction\/2024\/01\/23\/piotr-mirowski\/\">Piotr Mirowski<\/a> (Google DeepMind, Improbotics \u00abHuman-AI Improvisation\u00bb ), <a href=\"https:\/\/blog.zhdk.ch\/zfiction\/2024\/02\/13\/luba-elliott\/\">Luba Elliott<\/a> (Creative AI Researcher, Curator), <a href=\"https:\/\/blog.zhdk.ch\/zfiction\/2024\/03\/07\/corinna-glaus\/\">Corinna Glaus<\/a> (Casting) und <a href=\"https:\/\/blog.zhdk.ch\/zfiction\/2024\/03\/15\/kay-kysela\/\">Kay Kysela<\/a> (Schauspieler).<\/p>\n<p><strong>ZFICTION.24<\/strong> bat eine Plattform f\u00fcr Weiterbildung und vertiefte Auseinandersetzung mit der Kunst, die fiktionalen Filmen ihr Leben einhaucht.<\/p>\n<p><a href=\"https:\/\/blog.zhdk.ch\/zfiction\/zfiction-24-en\/\">&gt;&gt; English Version<\/a><\/p>\n<div>\n<div>\n<div>\n<hr class=\"ttfmake-hr\" style=\"border-style: solid;border-top-width: 1px\" \/>\n<h4><a href=\"https:\/\/blog.zhdk.ch\/zfiction\/programm-zfiction-24\/\"><strong>&gt;PROGRAMM<\/strong><\/a><strong> | <a href=\"https:\/\/blog.zhdk.ch\/zfiction\/gaeste-zfiction-24\/\">&gt;G\u00c4STE<\/a> |<a href=\"https:\/\/blog.zhdk.ch\/zfiction\/zeitplan-zfiction-24\/\"> &gt;ZEITPLAN<\/a> |<\/strong> <strong><a href=\"https:\/\/blog.zhdk.ch\/zfiction\/zfiction-info\/\">&gt;TICKETS<\/a> | <a href=\"https:\/\/blog.zhdk.ch\/zfiction\/zfiction-info\/\">&gt;INFO<\/a> | <a href=\"http:\/\/www.zfiction.ch\">&gt;HOME<\/a><\/strong><\/h4>\n<\/div>\n<\/div>\n<\/div>\n<hr class=\"ttfmake-hr\" style=\"border-style: solid;border-top-width: 1px\" \/>\n<h3><\/h3>\n","protected":false},"excerpt":{"rendered":"<p>Die Spielfilmtagung ZFICTION.24 fand am 21. und 22. M\u00e4rz 2024 auf der B\u00fchne A in der Gessnerallee der Z\u00fcrcher Hochschule der K\u00fcnste (ZHdK) in Z\u00fcrich statt. \u00abFuture Bodies \u2013 Screen Acting in the Digital Age\u00bb untersuchte zeitgen\u00f6ssische und k\u00fcnftige Entwicklungen im Filmschauspiel vor dem Hintergrund der digitalen Transformation und neuer Modelle von Partizipation und Diversit\u00e4t. &hellip;<\/p>\n","protected":false},"author":6337,"featured_media":0,"parent":0,"menu_order":0,"comment_status":"closed","ping_status":"closed","template":"","meta":{"footnotes":""},"class_list":["post-3336","page","type-page","status-publish","hentry"],"_links":{"self":[{"href":"https:\/\/blog.zhdk.ch\/zfiction\/wp-json\/wp\/v2\/pages\/3336","targetHints":{"allow":["GET"]}}],"collection":[{"href":"https:\/\/blog.zhdk.ch\/zfiction\/wp-json\/wp\/v2\/pages"}],"about":[{"href":"https:\/\/blog.zhdk.ch\/zfiction\/wp-json\/wp\/v2\/types\/page"}],"author":[{"embeddable":true,"href":"https:\/\/blog.zhdk.ch\/zfiction\/wp-json\/wp\/v2\/users\/6337"}],"replies":[{"embeddable":true,"href":"https:\/\/blog.zhdk.ch\/zfiction\/wp-json\/wp\/v2\/comments?post=3336"}],"version-history":[{"count":30,"href":"https:\/\/blog.zhdk.ch\/zfiction\/wp-json\/wp\/v2\/pages\/3336\/revisions"}],"predecessor-version":[{"id":6079,"href":"https:\/\/blog.zhdk.ch\/zfiction\/wp-json\/wp\/v2\/pages\/3336\/revisions\/6079"}],"wp:attachment":[{"href":"https:\/\/blog.zhdk.ch\/zfiction\/wp-json\/wp\/v2\/media?parent=3336"}],"curies":[{"name":"wp","href":"https:\/\/api.w.org\/{rel}","templated":true}]}}