{"id":36,"date":"2019-06-06T15:50:23","date_gmt":"2019-06-06T15:50:23","guid":{"rendered":"https:\/\/blog.zhdk.ch\/zfiction\/?page_id=36"},"modified":"2026-01-26T18:30:57","modified_gmt":"2026-01-26T18:30:57","slug":"zfiction-info","status":"publish","type":"page","link":"https:\/\/blog.zhdk.ch\/zfiction\/zfiction-info\/","title":{"rendered":"ZF Info"},"content":{"rendered":"<p>Die Z\u00fcrcher Spielfilmtagung ist eine Veranstaltung des <a href=\"https:\/\/www.zhdk.ch\/ipf\">Institute for the Performing Arts and Film<\/a>\u00a0in Zusammenarbeit mit der <a href=\"https:\/\/www.zhdk.ch\/film\">Fachrichtung Film<\/a> der ZHdK. Die Tagung findet auf der B\u00fchne A des\u00a0Theater der K\u00fcnste (Gessnerallee 9, 8001 Z\u00fcrich, Schweiz) statt.<\/p>\n<p><strong>Vorverkauf<br \/>\n<\/strong>Der Ticketvorverkauf beginnt im Februar 2026.<\/p>\n<p><strong>Preise<\/strong><br \/>\nZFICTION-Ticket (2 Tage) = CHF 130;<br \/>\nreduzierter Tarif f\u00fcr externe Studierende (nur mit g\u00fcltiger Legi) = CHF 80.<\/p>\n<p>ZFICTION-Tagespass (1 Tag) = CHF 90;<br \/>\nreduzierter Tarif f\u00fcr externe Studierende (nur mit g\u00fcltiger Legi) = CHF 50.<\/p>\n<p>ZHdK-Angeh\u00f6rige (nur mit ZHdK-Ausweis) = CHF 0.<\/p>\n<p><strong>Tageskasse<\/strong><br \/>\nWenige Tickets k\u00f6nnen direkt an der Tageskasse gekauft werden (je nach Verf\u00fcgbarkeit, Platzzahl beschr\u00e4nkt). ACHTUNG: Nur Kartenzahlung m\u00f6glich.<\/p>\n<p><strong>Sprache<br \/>\n<\/strong>Die Beitr\u00e4ge von ZFICTION.26 werden auf English sein.<\/p>\n<p><strong>Forschung und Film<br \/>\n<\/strong>Am <a href=\"https:\/\/www.zhdk.ch\/forschung\/ipf\/filmwissen\">Forschungsschwerpunkt Film<\/a> der ZHdK wird eine praxisorientierte Forschung und eine fachliche Debatte \u00fcber aktuelle Formen des Filmschaffens vorangetrieben. Ab 2021 wird der bisherigen\u00a0internationalen Dokumentarfilmtagung <a href=\"http:\/\/www.zdok.ch\">ZDOK<\/a> die Spielfilmtagung <a href=\"http:\/\/www.zfiction.ch\">ZFICTION<\/a> zur Seite gestellt. Die Zwillingstagungen finden abwechselnd im zweij\u00e4hrigen Rhythmus statt und suchen die Auseinandersetzung mit Themen aus unterschiedlichen Perspektiven. Filmschaffende legen mit ihren Werken und mit Referaten unverwechselbare Haltungen und Arbeitsmethoden dar, w\u00e4hrend Filmwissenschaftler\/innen das jeweilige Tagungsthema aus theoretischer Sicht beleuchten. Diskussionsrunden f\u00fchren die beiden Blickwinkel zusammen.<\/p>\n<p><strong>Presse<br \/>\n<\/strong>F\u00fcr Presseanfragen und Presseakkreditierungen wenden sie sich bitte an <a href=\"mailto:zfiction.info@zhdk.ch\">zfiction.info@zhdk.ch<\/a>.<\/p>\n<p><strong>Redaktionsgruppe ZF26<br \/>\n<\/strong>Mike Schaerer (Leitung), Miriam Loertscher, Silke Fischer, Georg Bringolf<\/p>\n<p><strong>Kontakt: <\/strong>zfiction.info(at)zhdk.ch<\/p>\n<p><strong>Anreise<\/strong><br \/>\nTheater der K\u00fcnste, B\u00fchne A, Gessnerallee 9, 8001 Z\u00fcrich \u00a0| \u00a0<a href=\"https:\/\/maps.app.goo.gl\/Zxi56xAHduUXzGy96\">maps.google<\/a><\/p>\n<hr class=\"ttfmake-hr\" style=\"border-style: solid;border-top-width: 1px\" \/>\n<p>The Zurich Fiction Film Conference ZFICTION is an annual event of the <a href=\"https:\/\/www.zhdk.ch\/ipf\">Institute for the Performing Arts and Film<\/a> in cooperation with the <a href=\"https:\/\/www.zhdk.ch\/film\">Subject Area Film<\/a> of the Zurich University of the Arts ZHdK. The conference takes place on Stage A of the Theater der K\u00fcnste (Gessnerallee 9, 8001 Zurich, Switzerland).<\/p>\n<p><strong>Ticketing<br \/>\n<\/strong>Tickets can be purchased in February 2026.<\/p>\n<p>ZFICTION ticket (2 Days) = CHF 130;<br \/>\nreduced rate for external students (only with student card) = CHF 80.<\/p>\n<p>ZFICTION day pass (1 Tag) = CHF 90;<br \/>\nreduced rate for external students (only with student card) = CHF 50.<\/p>\n<p>ZHdK members (staff and students) (only with ZHdK card) = CHF 0.<\/p>\n<p><strong>Box office<\/strong><br \/>\nThere is the possibility of purchasing tickets directly at the daily box office. ATTENTION: Only card payment possible.<\/p>\n<p><strong>Language<\/strong><br \/>\nThe talks at ZFICTION.26 will be in English.<\/p>\n<p><strong>Research and Film<\/strong><br \/>\nThe <a href=\"https:\/\/www.zhdk.ch\/film\">Research Focus Film<\/a>\u00a0of the ZHdK promotes practice-based research and a professional debate on current forms of filmmaking. Starting in 2020, the international documentary film conference <a href=\"http:\/\/www.zdok.ch\">ZDOK<\/a> is joined by the fiction film conference <a href=\"http:\/\/www.zfiction.ch\">ZFICTION<\/a>. The twin conferences take place alternately every two years and seek to address relevant topics from different perspectives: Filmmakers present their works and give lectures on their distinctive attitudes and working methods, while film scholars examine the conference topic from a theoretical point of view. Discussion panels bring the two perspectives together.<\/p>\n<p><strong>Press<\/strong><br \/>\nFor press enquiries and press accreditation, please contact <a href=\"zfiction.info@zhdk.ch\">zfiction.info@zhdk.ch<\/a>.<\/p>\n<p><strong>Editorial Group ZF26<\/strong><br \/>\nMike Schaerer (Leitung), Miriam Loertscher, Silke Fischer, Georg Bringolf<\/p>\n<p><strong>Contact:\u00a0<\/strong>zfiction.info(at)zhdk.ch<\/p>\n<p><strong>Directions<\/strong><br \/>\nTheater der K\u00fcnste, B\u00fchne A, Gessnerallee 9, 8001 Z\u00fcrich \u00a0| \u00a0<a href=\"https:\/\/maps.app.goo.gl\/Zxi56xAHduUXzGy96\">maps.google<\/a><\/p>\n<hr \/>\n<h4><\/h4>\n<p>&nbsp;<\/p>\n","protected":false},"excerpt":{"rendered":"<p>Die Z\u00fcrcher Spielfilmtagung ist eine Veranstaltung des Institute for the Performing Arts and Film\u00a0in Zusammenarbeit mit der Fachrichtung Film der ZHdK. Die Tagung findet auf der B\u00fchne A des\u00a0Theater der K\u00fcnste (Gessnerallee 9, 8001 Z\u00fcrich, Schweiz) statt. Vorverkauf Der Ticketvorverkauf beginnt im Februar 2026. Preise ZFICTION-Ticket (2 Tage) = CHF 130; reduzierter Tarif f\u00fcr externe &hellip;<\/p>\n","protected":false},"author":3675,"featured_media":0,"parent":0,"menu_order":0,"comment_status":"closed","ping_status":"closed","template":"","meta":{"footnotes":""},"class_list":["post-36","page","type-page","status-publish","hentry"],"_links":{"self":[{"href":"https:\/\/blog.zhdk.ch\/zfiction\/wp-json\/wp\/v2\/pages\/36","targetHints":{"allow":["GET"]}}],"collection":[{"href":"https:\/\/blog.zhdk.ch\/zfiction\/wp-json\/wp\/v2\/pages"}],"about":[{"href":"https:\/\/blog.zhdk.ch\/zfiction\/wp-json\/wp\/v2\/types\/page"}],"author":[{"embeddable":true,"href":"https:\/\/blog.zhdk.ch\/zfiction\/wp-json\/wp\/v2\/users\/3675"}],"replies":[{"embeddable":true,"href":"https:\/\/blog.zhdk.ch\/zfiction\/wp-json\/wp\/v2\/comments?post=36"}],"version-history":[{"count":65,"href":"https:\/\/blog.zhdk.ch\/zfiction\/wp-json\/wp\/v2\/pages\/36\/revisions"}],"predecessor-version":[{"id":4831,"href":"https:\/\/blog.zhdk.ch\/zfiction\/wp-json\/wp\/v2\/pages\/36\/revisions\/4831"}],"wp:attachment":[{"href":"https:\/\/blog.zhdk.ch\/zfiction\/wp-json\/wp\/v2\/media?parent=36"}],"curies":[{"name":"wp","href":"https:\/\/api.w.org\/{rel}","templated":true}]}}