{"id":4,"date":"2019-06-06T12:31:59","date_gmt":"2019-06-06T12:31:59","guid":{"rendered":"https:\/\/blog.zhdk.ch\/zfiction\/?page_id=2"},"modified":"2026-03-10T07:25:18","modified_gmt":"2026-03-10T07:25:18","slug":"sample-page","status":"publish","type":"page","link":"https:\/\/blog.zhdk.ch\/zfiction\/","title":{"rendered":"ZFICTION.26"},"content":{"rendered":"<p><a href=\"https:\/\/blog.zhdk.ch\/zfiction\/files\/2025\/12\/251218_ZFICTION26_NL-Header01_1920-x-1080_RZ-scaled.jpg\"><img loading=\"lazy\" decoding=\"async\" class=\"alignnone wp-image-6189\" src=\"https:\/\/blog.zhdk.ch\/zfiction\/files\/2025\/12\/251218_ZFICTION26_NL-Header01_1920-x-1080_RZ-300x169.jpg\" alt=\"\" width=\"824\" height=\"464\" srcset=\"https:\/\/blog.zhdk.ch\/zfiction\/files\/2025\/12\/251218_ZFICTION26_NL-Header01_1920-x-1080_RZ-300x169.jpg 300w, https:\/\/blog.zhdk.ch\/zfiction\/files\/2025\/12\/251218_ZFICTION26_NL-Header01_1920-x-1080_RZ-1024x576.jpg 1024w, https:\/\/blog.zhdk.ch\/zfiction\/files\/2025\/12\/251218_ZFICTION26_NL-Header01_1920-x-1080_RZ-768x432.jpg 768w, https:\/\/blog.zhdk.ch\/zfiction\/files\/2025\/12\/251218_ZFICTION26_NL-Header01_1920-x-1080_RZ-1536x864.jpg 1536w, https:\/\/blog.zhdk.ch\/zfiction\/files\/2025\/12\/251218_ZFICTION26_NL-Header01_1920-x-1080_RZ-2048x1152.jpg 2048w\" sizes=\"auto, (max-width: 824px) 100vw, 824px\" \/><\/a><\/p>\n<pre>Die Spielfilmtagung <strong>ZFICTION.26<\/strong> findet am <strong>18. und 19. M\u00e4rz 2026<\/strong> auf der B\u00fchne A in der Gessnerallee der Z\u00fcrcher Hochschule der K\u00fcnste (ZHdK) in Z\u00fcrich statt.<\/pre>\n<h5><big><small><b>Building the Mundane &#8211; The Ordinary Glamour of Production Design in Film<\/b><\/small><\/big><\/h5>\n<p>\u201e<i>Die Zeit schreitet voran, w\u00e4hrend der Raum herumlungert<\/i>.\u201c<br \/>\nDoreen Massey, Geografin und Sozialwissenschaftlerin<\/p>\n<p>Die vierte Z\u00fcrcher Spielfilmtagung<strong> ZFICTION.26<\/strong> besch\u00e4ftigt sich mit dem UNspektakul\u00e4ren im Production Design \u2013 dem Alltag als Filmischem Raum. Es sind die gew\u00f6hnlichen Umgebungen, die unauff\u00e4lligen Wohnr\u00e4ume, banalen Strassenecken, generischen B\u00fcror\u00e4ume und \u00dcbergangszonen, welche vom Production Design erschaffen werden und welche die erz\u00e4hlerische Wirklichkeit des Films beherbergen. Diese scheinbar nicht gebauten R\u00e4ume fungieren als <i>terra cognita<\/i> f\u00fcr die Zuschauer:innen \u2013 unmittelbar erkennbar und psychologisch bewohnbar \u2013 und bleiben trotz ihrer gesellschaftlichen und politischen Relevanz doch eine <i>terra incognita<\/i> der filmwissenschaftlichen Auseinandersetzung.<\/p>\n<p>Die Tagung untersucht die paradox kreative Herausforderung, das Gew\u00f6hnliche darzustellen: Wie schaffen es Production Designer, das Prosaische in einen glaubw\u00fcrdigen Film-Raum zu \u00fcberf\u00fchren und dabei das Wesen seiner Allt\u00e4glichkeit zu erzeugen?<\/p>\n<p>R\u00e4umliche Kategorien des Kinos \u2013 z.B. K\u00fcchen, Wohnzimmer, B\u00fcros, Dachb\u00f6den, Badezimmer \u2013 werden untersucht und diskutiert. Wie fungieren diese archetypischen h\u00e4uslichen und institutionellen Umgebungen als generative Orte f\u00fcr dramatische Handlungen, psychologische Enth\u00fcllungen, narrative Entwicklungen und das Schaffen von Authentizit\u00e4t?<\/p>\n<p>Unter Ber\u00fccksichtigung ihrer architektonischen Grammatik, ihrer kulturellen, politischen Semiotik und ihrer narrativen Verwendung versucht <strong>ZFICTION.26<\/strong>, f\u00fcr diese Alltagsr\u00e4ume praktische und filmwissenschaftliche Grundlagen zu etablieren.<\/p>\n<p>Das Tagungsziel ist kartografischer Natur: Die Erforschung eines bisher von der Theorie vernachl\u00e4ssigten Terrains. Das Unterfangen positioniert Production Design des Allt\u00e4glichen nicht als nebens\u00e4chliches Handwerk, sondern als zentral f\u00fcr das Verst\u00e4ndnis, wie das fiktionale Kino Bedeutung konstruiert, Erfahrungen authentifiziert und die Identifikation des Publikums durch r\u00e4umliche Mittel formt.<\/p>\n<p>In Case Studies und einem interdisziplin\u00e4ren Dialog zwischen Production Design, Architekturtheorie, Kulturgeografie, Filmwissenschaft und Ph\u00e4nomenologie will <strong>ZFICTION.26<\/strong> den gew\u00f6hnlichen Raum als legitimes und essentielles Praxis- und Forschungsfeld des Films etablieren.<\/p>\n<p>&nbsp;<\/p>\n<p><b>FILMSCHAFFENDE:<\/b><br \/>\n<a href=\"https:\/\/blog.zhdk.ch\/zfiction\/2026\/01\/20\/j-abrahams\/\"><b>Jaqueline Abrahams<\/b><\/a> (u.a. T<i>he Lobster, Lady Macbeth, His House, Wallander<\/i>), <a href=\"https:\/\/blog.zhdk.ch\/zfiction\/2026\/01\/20\/kisvarday\/\"><b>Jason Kisvarday<\/b><\/a> (u.a. <i>Everything Everywhere All at Once, Palm Springs, Swiss Army Man, The Legend of Ochi<\/i>), <a href=\"https:\/\/blog.zhdk.ch\/zfiction\/2026\/01\/20\/ephraim\/\"><b>Kelsi Ephraim<\/b><\/a> (u.a. <i>Everything Everywhere All at Once, MaXXXine, To Catch a Killer, Swiss Army Man<\/i>), <a href=\"https:\/\/blog.zhdk.ch\/zfiction\/2026\/01\/20\/bschultz\/\"><b>Beatrice Schultz<\/b><\/a> (u.a. <i>Western, Heldin, Rivale, Irgendwann werden wir uns alles erz\u00e4hlen<\/i>), <a href=\"https:\/\/blog.zhdk.ch\/zfiction\/2026\/01\/20\/rblaschke\/\"><b>Reinhild Blaschke<\/b><\/a> (u.a. <i>Gavagal, Ich war zu Hause, aber\u2026, In the shadows, Gold<\/i>), <a href=\"https:\/\/blog.zhdk.ch\/zfiction\/2026\/01\/20\/silke-fischer\/\"><b>Silke Fischer<\/b><\/a> (u.a. <i>Toni Erdmann, Lore, 3 Tage in Quiberon, Unorthodox<\/i> )<\/p>\n<p><b>FORSCHENDE<\/b>:<br \/>\n<a href=\"https:\/\/blog.zhdk.ch\/zfiction\/2026\/01\/20\/fpheasant-kelly\/\"><b>Francis Pheasant-Kelly<\/b><\/a> (<i>University of Wolverhampton, UK, Filmwissenschaft<\/i>), <a href=\"https:\/\/blog.zhdk.ch\/zfiction\/2026\/01\/20\/lf-donaldson\/\"><b>Lucy Fife Donaldson<\/b><\/a> (<i>University of St. Andrews, UK, Filmwissenschaft<\/i>), <a href=\"https:\/\/blog.zhdk.ch\/zfiction\/2026\/01\/20\/jbarnwell\/\"><b>Jane Barnwell<\/b> <\/a>(<i>University of Westminster, UK, Research and Education<\/i>), <a href=\"https:\/\/blog.zhdk.ch\/zfiction\/2026\/01\/20\/vpantenburg\/\"><b>Volker Pantenburg<\/b><\/a> (<i>Universit\u00e4t Z\u00fcrich, Filmwissenschaft<\/i>), <a href=\"https:\/\/blog.zhdk.ch\/zfiction\/2026\/01\/20\/fliptay\/\"><b>Fabienne Liptay <\/b><\/a>(<i>Universit\u00e4t Z\u00fcrich, Filmwissenschaft<\/i>), <a href=\"https:\/\/blog.zhdk.ch\/zfiction\/2026\/01\/20\/uholl\/\"><b>Ute Holl <\/b><\/a>(<i>Universit\u00e4t Basel, Medienwissenschaft<\/i>), <a href=\"https:\/\/blog.zhdk.ch\/zfiction\/2026\/01\/20\/gdellagiacoma\/\"><b>Gina Dellagiacoma<\/b><\/a> (<i>Universit\u00e4t Z\u00fcrich, Sozialanthropologie und Empirische Kulturwissenschaft<\/i>), <a href=\"https:\/\/blog.zhdk.ch\/zfiction\/2026\/01\/20\/bglombitza\/\"><b>Birgit Glombitza<\/b><\/a> (<i>freie Dozentin, Autorin, Dramaturgin<\/i>)<\/p>\n<p><b>BESONDERE BEITR\u00c4GE<\/b>:<br \/>\n<a href=\"https:\/\/blog.zhdk.ch\/zfiction\/2026\/01\/20\/tkissling\/\"><b>Thomas Kissling<\/b><\/a> (<i>Architekt \/ Landschaftsarchitekt, B\u00fcro VOGT<\/i>), <a href=\"https:\/\/blog.zhdk.ch\/zfiction\/2026\/01\/20\/rreynolds\/\"><b>Reynold Reynolds<\/b><\/a> (<i>Bildender K\u00fcnstler<\/i>)<\/p>\n<p>&nbsp;<\/p>\n<h3><a href=\"https:\/\/blog.zhdk.ch\/zfiction\/programm-zfiction-26\/\">PROGRAMM<\/a> | <a href=\"https:\/\/blog.zhdk.ch\/zfiction\/zeitplan-zfiction-26\/\">ZEITPLAN<\/a> | <a href=\"https:\/\/blog.zhdk.ch\/zfiction\/ticketing\/\">TICKETS<\/a><\/h3>\n<p>&nbsp;<\/p>\n<div>\n<div>\n<div>\n<h4><\/h4>\n<\/div>\n<\/div>\n<\/div>\n<hr class=\"ttfmake-hr\" style=\"border-style: solid;border-top-width: 1px\" \/>\n<h4><\/h4>\n<p>&nbsp;<\/p>\n","protected":false},"excerpt":{"rendered":"<p>Die Spielfilmtagung ZFICTION.26 findet am 18. und 19. M\u00e4rz 2026 auf der B\u00fchne A in der Gessnerallee der Z\u00fcrcher Hochschule der K\u00fcnste (ZHdK) in Z\u00fcrich statt. Building the Mundane &#8211; The Ordinary Glamour of Production Design in Film \u201eDie Zeit schreitet voran, w\u00e4hrend der Raum herumlungert.\u201c Doreen Massey, Geografin und Sozialwissenschaftlerin Die vierte Z\u00fcrcher Spielfilmtagung &hellip;<\/p>\n","protected":false},"author":3675,"featured_media":0,"parent":0,"menu_order":0,"comment_status":"closed","ping_status":"closed","template":"","meta":{"footnotes":""},"class_list":["post-4","page","type-page","status-publish","hentry"],"_links":{"self":[{"href":"https:\/\/blog.zhdk.ch\/zfiction\/wp-json\/wp\/v2\/pages\/4","targetHints":{"allow":["GET"]}}],"collection":[{"href":"https:\/\/blog.zhdk.ch\/zfiction\/wp-json\/wp\/v2\/pages"}],"about":[{"href":"https:\/\/blog.zhdk.ch\/zfiction\/wp-json\/wp\/v2\/types\/page"}],"author":[{"embeddable":true,"href":"https:\/\/blog.zhdk.ch\/zfiction\/wp-json\/wp\/v2\/users\/3675"}],"replies":[{"embeddable":true,"href":"https:\/\/blog.zhdk.ch\/zfiction\/wp-json\/wp\/v2\/comments?post=4"}],"version-history":[{"count":220,"href":"https:\/\/blog.zhdk.ch\/zfiction\/wp-json\/wp\/v2\/pages\/4\/revisions"}],"predecessor-version":[{"id":6966,"href":"https:\/\/blog.zhdk.ch\/zfiction\/wp-json\/wp\/v2\/pages\/4\/revisions\/6966"}],"wp:attachment":[{"href":"https:\/\/blog.zhdk.ch\/zfiction\/wp-json\/wp\/v2\/media?parent=4"}],"curies":[{"name":"wp","href":"https:\/\/api.w.org\/{rel}","templated":true}]}}