{"id":4517,"date":"2022-09-20T12:59:39","date_gmt":"2022-09-20T12:59:39","guid":{"rendered":"https:\/\/blog.zhdk.ch\/zfiction\/?page_id=4517"},"modified":"2022-09-20T14:09:24","modified_gmt":"2022-09-20T14:09:24","slug":"zfiction-talks","status":"publish","type":"page","link":"https:\/\/blog.zhdk.ch\/zfiction\/zfiction-talks\/","title":{"rendered":"ZFICTION Talks"},"content":{"rendered":"<p>Diese Seite erm\u00f6glicht den direkten Zugang zu den Vortr\u00e4gen und Pr\u00e4sentationen aller <strong>ZFICTION<\/strong>-Jahrg\u00e4nge, gegliedert nach den Namen der Autorinnen und Autoren. Eine thematische Gliederung nach Jahren findet sich unter <a href=\"https:\/\/blog.zhdk.ch\/zfiction\/zfiction-archiv\/\">ZFICTION Archiv<\/a>. Oben rechts auf der Seite steht zudem eine Volltext-Suche zur Verf\u00fcgung.<\/p>\n<p>On this page, you have direct access to all presentations in the ZFICTION archives. The texts and\/or videos are listed by the authors\u2018 names. If you prefer to browse the archives by topic and year, please refer to <a href=\"https:\/\/blog.zhdk.ch\/zfiction\/zfiction-archiv\/\">ZFICTION Archiv<\/a>. For direct access to English presentations only, please refer to <a href=\"https:\/\/blog.zhdk.ch\/zfiction\/zfiction-english\/\">ZFICTION English<\/a>. This website also offers a full-text search at the top right hand corner.<\/p>\n<pre>Folgende Referate sind als <strong><span style=\"color: #bd672d\">Video<\/span><\/strong> und\/oder als <strong><span style=\"color: #bd672d\">Text (PDF)<\/span><\/strong> verf\u00fcgbar. &gt; The following presentations are available as <strong><span style=\"color: #bd672d\">Text (PDF)<\/span><\/strong> and\/or <strong><span style=\"color: #bd672d\">Video<\/span><\/strong>.<\/pre>\n<h2><strong>A<\/strong><\/h2>\n<p><a href=\"https:\/\/blog.zhdk.ch\/zfiction\/2020\/01\/17\/simon_jon_andreasen\/\">Andreasen, Simon Jon<\/a>\u00a0(mit <a href=\"https:\/\/blog.zhdk.ch\/zfiction\/2021\/06\/03\/rasmus-kloster-bro-en\/\">Bro, Rasmus Kloster<\/a>): <strong>Form before words: Cinematic Story development with Video Sketching &amp; Universe Devising with Virtual Production.<\/strong> <small>2021 \u0399 ENGLISH \u0399\u00a0<a href=\"https:\/\/blog.zhdk.ch\/zfiction\/2021\/09\/24\/video-form-before-words-cinematic-story-development-with-video-sketching-universe-devising-with-virtual-production\/\">Video<\/a><\/small><\/p>\n<p><a href=\"https:\/\/blog.zhdk.ch\/zfiction\/2021\/06\/03\/sarah-atkinson-en\/\">Atkinson, Sarah<\/a>: <strong>Virtual Production: grass-roots, green shoots and global flows.<\/strong> <small>2021 \u0399 ENGLISH \u0399\u00a0<a href=\"https:\/\/blog.zhdk.ch\/zfiction\/2021\/09\/24\/virtual-production-grass-roots-green-shoots-and-global-flows\/\">Video<\/a><\/small><\/p>\n<hr \/>\n<h2>B<\/h2>\n<p><a href=\"https:\/\/blog.zhdk.ch\/zfiction\/2022\/02\/07\/fred-baillif\/\">Baillif, Fred<\/a>: <strong>From Reality to Fiction and back \u2013 Case study \u201cLa Mif\u201d.<\/strong> <small>2022 \u0399 ENGLISH \u0399\u00a0<a href=\"https:\/\/blog.zhdk.ch\/zfiction\/2022\/09\/16\/la-mif\/\">Video<\/a><\/small><\/p>\n<p><a href=\"https:\/\/blog.zhdk.ch\/zfiction\/2022\/02\/08\/jan-bennemann\/\">Bennemann, Jan<\/a>\u00a0(mit <a href=\"https:\/\/blog.zhdk.ch\/zfiction\/2022\/02\/08\/lars-wiebe\/\">Wiebe, Lars<\/a>) (Netflix): <strong>Was besch\u00e4ftigt die Branche: Stoffentwicklung bei Serien und Filmen.<\/strong> <small>2022 \u0399 DEUTSCH \u0399\u00a0<a href=\"https:\/\/blog.zhdk.ch\/zfiction\/2022\/09\/16\/netflix\/\">Video<\/a><\/small><\/p>\n<p><a href=\"https:\/\/blog.zhdk.ch\/zfiction\/2022\/01\/18\/fritz-breithaupt\/\">Breithaupt, Fritz<\/a>: <strong>Das narrative Gehirn.<\/strong> <small>2022 \u0399 DEUTSCH \u0399\u00a0<a href=\"https:\/\/blog.zhdk.ch\/zfiction\/2022\/09\/16\/video-das-narrative-gehirn\/\">Video<\/a><\/small><\/p>\n<p><a href=\"https:\/\/blog.zhdk.ch\/zfiction\/2021\/06\/03\/rasmus-kloster-bro-en\/\">Bro, Rasmus Kloster<\/a>\u00a0(mit\u00a0<a href=\"https:\/\/blog.zhdk.ch\/zfiction\/2020\/01\/17\/simon_jon_andreasen\/\">Andreasen, Simon Jon<\/a>): <strong>Form before words: Cinematic Story development with Video Sketching &amp; Universe Devising with Virtual Production.<\/strong> <small>2021 \u0399 ENGLISH \u0399\u00a0<a href=\"https:\/\/blog.zhdk.ch\/zfiction\/2021\/09\/24\/video-form-before-words-cinematic-story-development-with-video-sketching-universe-devising-with-virtual-production\/\">Video<\/a><\/small><\/p>\n<hr \/>\n<h2><strong>D<\/strong><\/h2>\n<p><a href=\"https:\/\/blog.zhdk.ch\/zfiction\/2021\/06\/03\/andreas-dahn-en\/\">Dahn, Andreas<\/a>\u00a0(mit <a href=\"https:\/\/blog.zhdk.ch\/zfiction\/2020\/01\/20\/mirko-lempert\/\">Lempert, Mirko<\/a>): <strong>Drehen in Echtzeit mit Virtual Reality.<\/strong> <small>2021 \u0399 DEUTSCH \u0399\u00a0<a href=\"https:\/\/blog.zhdk.ch\/zfiction\/2021\/09\/24\/drehen-in-echtzeit-mit-virtual-reality\/\">Video<\/a><\/small><\/p>\n<hr \/>\n<h2>H<\/h2>\n<p><a href=\"https:\/\/blog.zhdk.ch\/zfiction\/2022\/02\/08\/anna-sofie-hartmann\/\">Hartmann, \u00a0Anna Sofie<\/a>: <strong>Collecting Real Fictions \u2013 Case Study \u201cGiraffe\u201d.<\/strong> <small>2022 \u0399 ENGLISH \u0399\u00a0<a href=\"https:\/\/blog.zhdk.ch\/zfiction\/2022\/09\/16\/video-case-study-giraffe\/\">Video<\/a><\/small><\/p>\n<p><a href=\"https:\/\/blog.zhdk.ch\/zfiction\/2020\/01\/20\/volker-helzle\/\">Helzle, Volker<\/a>: <strong>Virtual Production and Digital Humans \u2013 Aktuelle Forschung und zuk\u00fcnftige Herausforderung.<\/strong> <small>2021 \u0399 DEUTSCH \u0399\u00a0<a href=\"https:\/\/blog.zhdk.ch\/zfiction\/2021\/09\/30\/video-production-and-digital-humans\/\">Video<\/a><\/small><\/p>\n<hr \/>\n<h2>I<\/h2>\n<p><a href=\"https:\/\/blog.zhdk.ch\/zfiction\/2020\/01\/20\/christian-iseli\/\">Iseli, Christian<\/a> (mit <a href=\"https:\/\/blog.zhdk.ch\/zfiction\/2020\/01\/20\/mike-schaerer\/\">Schaerer, Michael<\/a>): <strong>The Promise: Storytelling trifft auf Virtual Production.<\/strong> <small>2021 \u0399 DEUTSCH \u0399\u00a0<a href=\"https:\/\/blog.zhdk.ch\/zfiction\/2021\/10\/06\/video-the-promise-storytelling-trifft-auf-virtual-production\/\">Video<\/a><\/small><\/p>\n<hr \/>\n<h2>J<\/h2>\n<p><a href=\"https:\/\/blog.zhdk.ch\/zfiction\/2022\/06\/28\/stefan-jaeger\/\">J\u00e4ger, Stefan<\/a> (mit <a href=\"https:\/\/blog.zhdk.ch\/zfiction\/2020\/01\/20\/mike-schaerer\/\">Schaerer, Michael<\/a>): <strong>ZFICTION.22 Einf\u00fchrung.<\/strong> <small>2022 \u0399 DEUTSCH \u0399\u00a0<a href=\"https:\/\/blog.zhdk.ch\/zfiction\/2022\/09\/16\/video-zfiction-22-einfuehrung\/\">Video<\/a><\/small><\/p>\n<hr \/>\n<h2>K<\/h2>\n<p><a href=\"https:\/\/blog.zhdk.ch\/zfiction\/2022\/01\/13\/marja-riitta-koivumaeki\/\">Koivum\u00e4ki, Marja-Riitta<\/a>: <strong>Dramaturgical case study from a screenwriter\u2019s perspective.<\/strong> <small>2022 \u0399 ENGLISH \u0399\u00a0<a href=\"https:\/\/blog.zhdk.ch\/zfiction\/2022\/09\/16\/video-sw-psp\/\">Video<\/a><\/small><\/p>\n<p><a href=\"https:\/\/blog.zhdk.ch\/zfiction\/2021\/06\/01\/norbert-kottmann\/\">Kottmann, Norbert<\/a> (mit\u00a0<a href=\"https:\/\/blog.zhdk.ch\/zfiction\/2020\/01\/20\/miriam-loertscher\/\">Loertscher, Miriam<\/a>\u00a0): <strong>SNF Forschungsprojekt \u201cVirtually Real\u201d \u2013 Schlusspr\u00e4sentation.<\/strong> <small>2021 \u0399 DEUTSCH \u0399\u00a0<a href=\"https:\/\/blog.zhdk.ch\/zfiction\/2021\/09\/24\/video-snf-forschungsprojekt-virtually-real-schlusspraesentation\/\">Video<\/a><\/small><\/p>\n<hr \/>\n<h2>L<\/h2>\n<p><a href=\"https:\/\/blog.zhdk.ch\/zfiction\/2022\/01\/13\/christine-lang\/\">Lang, Christine<\/a>: <strong>European Storytelling: epic, open, diverse.<\/strong> <small>2022 \u0399 DEUTSCH \u0399\u00a0<a href=\"https:\/\/blog.zhdk.ch\/zfiction\/2022\/09\/16\/video-european-storytelling\/\">Video<\/a>\u00a0| <a href=\"https:\/\/blog.zhdk.ch\/zfiction\/files\/2022\/06\/ZFICTION22_Christine-Lang_-Dramaturgie-in-Titane-und-Happy-End-von-C.Lang_.pdf\">Text<\/a><\/small><\/p>\n<p><a href=\"https:\/\/blog.zhdk.ch\/zfiction\/2020\/01\/20\/mirko-lempert\/\">Lempert, Mirko<\/a>\u00a0(mit <a href=\"https:\/\/blog.zhdk.ch\/zfiction\/2021\/06\/03\/andreas-dahn-en\/\">Dahn, Andreas<\/a>): <strong>Drehen in Echtzeit mit Virtual Reality.<\/strong> <small>2021 \u0399 DEUTSCH \u0399\u00a0<a href=\"https:\/\/blog.zhdk.ch\/zfiction\/2021\/09\/24\/drehen-in-echtzeit-mit-virtual-reality\/\">Video<\/a><\/small><\/p>\n<p><a href=\"https:\/\/blog.zhdk.ch\/zfiction\/2020\/01\/20\/miriam-loertscher\/\">Loertscher, Miriam<\/a>\u00a0(mit\u00a0<a href=\"https:\/\/blog.zhdk.ch\/zfiction\/2021\/06\/01\/norbert-kottmann\/\">Kottmann, Norbert<\/a>): <strong>SNF Forschungsprojekt \u201cVirtually Real\u201d \u2013 Schlusspr\u00e4sentation.<\/strong> <small>2021 \u0399 DEUTSCH \u0399\u00a0<a href=\"https:\/\/blog.zhdk.ch\/zfiction\/2021\/09\/24\/video-snf-forschungsprojekt-virtually-real-schlusspraesentation\/\">Video<\/a><\/small><\/p>\n<hr \/>\n<h2>M<\/h2>\n<p><a href=\"https:\/\/blog.zhdk.ch\/zfiction\/2021\/06\/03\/sylke-rene-meyer-en\/\">Meyer, Sylke Ren\u00e9<\/a>: <strong>Low Tech and Lo-Fi. Resisting a Discourse of Mastery.<\/strong> <small>2021 \u0399 ENGLISH \u0399\u00a0<a href=\"https:\/\/blog.zhdk.ch\/zfiction\/2021\/09\/24\/video-low-tech-and-lo-fi-resisting-a-discourse-of-mastery\/\">Video<\/a> | <a href=\"https:\/\/www.academia.edu\/49948951\/Sylke_Rene_Meyer_Low_Tech_and_Lo_Fi_Resisting_a_Discourse_of_Mastery\">Text<\/a><\/small><\/p>\n<hr \/>\n<h2>P<\/h2>\n<p>(Schluss)Panel: <strong>The Promise: Storytelling trifft auf Virtual Production.<\/strong> <small>2021 \u0399 ENGLISH \u0399\u00a0<a href=\"https:\/\/blog.zhdk.ch\/zfiction\/2021\/10\/06\/closing-panel-zfiction-21\/\">Video<\/a><\/small><\/p>\n<p>Panel Tag 1: <strong>Please Don\u2019t Tell \u2013 Storytelling Beyond Magic Formula. <\/strong><small>2022 \u0399 ENGLISH \u0399\u00a0<a href=\"https:\/\/blog.zhdk.ch\/zfiction\/2022\/09\/16\/video-schlusspanel-tag-1\/\">Video<\/a><\/small><\/p>\n<p>(Schluss)Panel: <strong>Please Don\u2019t Tell \u2013 Storytelling Beyond Magic Formula. <\/strong><small>2022 \u0399 ENGLISH \u0399\u00a0<a href=\"https:\/\/blog.zhdk.ch\/zfiction\/2022\/09\/16\/video-closing-panel\/\">Video<\/a><\/small><\/p>\n<hr \/>\n<h2>r<\/h2>\n<p><a href=\"https:\/\/blog.zhdk.ch\/zfiction\/2022\/02\/24\/kathrin-resetarits\/\">Resetarits, Kathrin<\/a>: <strong>Erz\u00e4hlen abseits der Schablone \u2013 Offene Erz\u00e4hlstrukturen in Filmausbildung und Dramaturgie.<\/strong> <small>2022 \u0399 DEUTSCH \u0399\u00a0<a href=\"https:\/\/blog.zhdk.ch\/zfiction\/2022\/09\/16\/video-schablone\/\">Video<\/a><\/small><\/p>\n<hr \/>\n<h2>S<\/h2>\n<p><a href=\"https:\/\/blog.zhdk.ch\/zfiction\/2020\/01\/20\/mike-schaerer\/\">Schaerer, Michael<\/a>\u00a0(mit\u00a0<a href=\"https:\/\/blog.zhdk.ch\/zfiction\/2020\/01\/20\/christian-iseli\/\">Christian Iseli<\/a>): <strong>The Promise: Storytelling trifft auf Virtual Production.<\/strong> <small>2021 \u0399 DEUTSCH \u0399\u00a0<a href=\"https:\/\/blog.zhdk.ch\/zfiction\/2021\/10\/06\/video-the-promise-storytelling-trifft-auf-virtual-production\/\">Video<\/a><\/small><\/p>\n<p><a href=\"https:\/\/blog.zhdk.ch\/zfiction\/2020\/01\/20\/mike-schaerer\/\">Schaerer, Michael<\/a>\u00a0(mit <a href=\"https:\/\/blog.zhdk.ch\/zfiction\/2022\/06\/28\/stefan-jaeger\/\">J\u00e4ger, Stefan<\/a>): <strong>ZFICTION.22 Einf\u00fchrung.<\/strong> <small>2022 \u0399 DEUTSCH \u0399\u00a0<a href=\"https:\/\/blog.zhdk.ch\/zfiction\/2022\/09\/16\/video-zfiction-22-einfuehrung\/\">Video<\/a><\/small><small><\/small><\/p>\n<p><a href=\"https:\/\/blog.zhdk.ch\/zfiction\/2022\/02\/07\/christian-schwochow\/\">Schwochow, Christian<\/a>: <strong>Politisches Erz\u00e4hlen in populistischen Zeiten.<\/strong> <small>2022 \u0399 DEUTSCH \u0399\u00a0<a href=\"https:\/\/blog.zhdk.ch\/zfiction\/2022\/09\/16\/politisches-erzaehlen\/\">Video<\/a><\/small><\/p>\n<p><a href=\"https:\/\/blog.zhdk.ch\/zfiction\/2022\/02\/07\/linda-seger\/\">Seger, Linda<\/a>: <strong>Pushing Boundaries: Learn from the Old, Create the New.<\/strong> <small>2022 \u0399 ENGLISH \u0399\u00a0<a href=\"https:\/\/blog.zhdk.ch\/zfiction\/2022\/09\/16\/video-pushing-boundaries\/\">Video<\/a><\/small><\/p>\n<p><a href=\"https:\/\/blog.zhdk.ch\/zfiction\/2022\/03\/04\/ruediger-suchsland\/\">Suchsland, R\u00fcdiger<\/a>: <strong>Auf der Suche nach dem \u201cdritten Kino\u201d.<\/strong> <small>2022 \u0399 DEUTSCH \u0399\u00a0<a href=\"https:\/\/blog.zhdk.ch\/zfiction\/2022\/09\/16\/video-drittes-kino\/\">Video<\/a><\/small><\/p>\n<hr \/>\n<h2>W<\/h2>\n<p><a href=\"https:\/\/blog.zhdk.ch\/zfiction\/2022\/02\/08\/lars-wiebe\/\">Wiebe, Lars<\/a>\u00a0(mit <a href=\"https:\/\/blog.zhdk.ch\/zfiction\/2022\/02\/08\/jan-bennemann\/\">Bennemann, Jan<\/a>) (Netflix): <strong>Was besch\u00e4ftigt die Branche: Stoffentwicklung bei Serien und Filmen.<\/strong> <small>2022 \u0399 DEUTSCH \u0399\u00a0<a href=\"https:\/\/blog.zhdk.ch\/zfiction\/2022\/09\/16\/netflix\/\">Video<\/a><\/small><\/p>\n<p><a href=\"https:\/\/blog.zhdk.ch\/zfiction\/2022\/03\/02\/vinca-wiedemann-2\/\">Wiedemann, Vinca<\/a>: <strong>Audiences are the new avantgarde.<\/strong> <small>2022 \u0399 ENGLISH \u0399\u00a0<a href=\"https:\/\/blog.zhdk.ch\/zfiction\/2022\/09\/16\/new-avantgarde\/\">Video<\/a><\/small><\/p>\n<p>&nbsp;<\/p>\n","protected":false},"excerpt":{"rendered":"<p>Diese Seite erm\u00f6glicht den direkten Zugang zu den Vortr\u00e4gen und Pr\u00e4sentationen aller ZFICTION-Jahrg\u00e4nge, gegliedert nach den Namen der Autorinnen und Autoren. Eine thematische Gliederung nach Jahren findet sich unter ZFICTION Archiv. Oben rechts auf der Seite steht zudem eine Volltext-Suche zur Verf\u00fcgung. On this page, you have direct access to all presentations in the ZFICTION &hellip;<\/p>\n","protected":false},"author":6337,"featured_media":0,"parent":0,"menu_order":0,"comment_status":"closed","ping_status":"closed","template":"","meta":{"footnotes":""},"class_list":["post-4517","page","type-page","status-publish","hentry"],"_links":{"self":[{"href":"https:\/\/blog.zhdk.ch\/zfiction\/wp-json\/wp\/v2\/pages\/4517","targetHints":{"allow":["GET"]}}],"collection":[{"href":"https:\/\/blog.zhdk.ch\/zfiction\/wp-json\/wp\/v2\/pages"}],"about":[{"href":"https:\/\/blog.zhdk.ch\/zfiction\/wp-json\/wp\/v2\/types\/page"}],"author":[{"embeddable":true,"href":"https:\/\/blog.zhdk.ch\/zfiction\/wp-json\/wp\/v2\/users\/6337"}],"replies":[{"embeddable":true,"href":"https:\/\/blog.zhdk.ch\/zfiction\/wp-json\/wp\/v2\/comments?post=4517"}],"version-history":[{"count":8,"href":"https:\/\/blog.zhdk.ch\/zfiction\/wp-json\/wp\/v2\/pages\/4517\/revisions"}],"predecessor-version":[{"id":4537,"href":"https:\/\/blog.zhdk.ch\/zfiction\/wp-json\/wp\/v2\/pages\/4517\/revisions\/4537"}],"wp:attachment":[{"href":"https:\/\/blog.zhdk.ch\/zfiction\/wp-json\/wp\/v2\/media?parent=4517"}],"curies":[{"name":"wp","href":"https:\/\/api.w.org\/{rel}","templated":true}]}}