{"id":4588,"date":"2024-01-23T13:35:48","date_gmt":"2024-01-23T13:35:48","guid":{"rendered":"https:\/\/blog.zhdk.ch\/zfiction\/?page_id=4588"},"modified":"2024-03-15T07:30:41","modified_gmt":"2024-03-15T07:30:41","slug":"zfiction-24-en","status":"publish","type":"page","link":"https:\/\/blog.zhdk.ch\/zfiction\/zfiction-24-en\/","title":{"rendered":"ZFICTION.24 (EN)"},"content":{"rendered":"<p><img loading=\"lazy\" decoding=\"async\" class=\"alignnone wp-image-4571\" src=\"https:\/\/blog.zhdk.ch\/zfiction\/files\/2023\/12\/1920X1080_ZFiction24_Banner01-300x169.png\" alt=\"\" width=\"873\" height=\"492\" srcset=\"https:\/\/blog.zhdk.ch\/zfiction\/files\/2023\/12\/1920X1080_ZFiction24_Banner01-300x169.png 300w, https:\/\/blog.zhdk.ch\/zfiction\/files\/2023\/12\/1920X1080_ZFiction24_Banner01-1024x576.png 1024w, https:\/\/blog.zhdk.ch\/zfiction\/files\/2023\/12\/1920X1080_ZFiction24_Banner01-768x432.png 768w, https:\/\/blog.zhdk.ch\/zfiction\/files\/2023\/12\/1920X1080_ZFiction24_Banner01-1536x864.png 1536w, https:\/\/blog.zhdk.ch\/zfiction\/files\/2023\/12\/1920X1080_ZFiction24_Banner01-2048x1152.png 2048w\" sizes=\"auto, (max-width: 873px) 100vw, 873px\" \/><\/p>\n<pre>The feature film conference <strong>ZFICTION.24<\/strong> will take place on <strong>March 21.\/22. 2024<\/strong> on stage A in the Gessnerallee at Zurich University of the Arts (ZHdK) in Zurich. <strong>\"Future Bodies - Screen Acting in the Digital Age\"<\/strong> examines contemporary and future developments in film acting from multiple perspectives against the backdrop of digital transformation and taking into account current models of participation and diversity.<\/pre>\n<p>Zurich\u2019s Feature Film Conference <strong>ZFICTION.24<\/strong> is dedicated to the art of screen acting. We will explore the role of thespians in contemporary filmmaking under the banner &#8222;Future Bodies &#8211; Screen Acting in the Digital Age&#8220;.<\/p>\n<p>What is &#8222;screen acting&#8220;? Which are its working conditions? How can the collaboration between actors, coaches and producers succeed both artistically and ethically? Who is allowed to play which role &#8211; and why? Are actors turned into data suppliers for digital workflows with AI? What constitutes contemporary acting training?<\/p>\n<p>At <strong>ZFICTION.24<\/strong>, filmmakers, actors, researchers and students will meet with international guests at the Theater an der Gessnerallee for a professional and creative exchange. Experts from academia and practice will provide insights into current developments in participation, diversity and collaboration in the &#8222;play-director-coach&#8220; triangle. The influence of computer algorithms on future fields of work for actors will be discussed, and ethical issues related to the use of artificial &#8222;intelligence&#8220; and generative algorithms examined. These topics will be complemented by psychological and film studies perspectives.<\/p>\n<p>Presentations and case studies will feature <a href=\"https:\/\/blog.zhdk.ch\/zfiction\/2024\/01\/23\/mel-churcher-en\/\">Mel Churcher<\/a> (coach and author of &#8222;A Screen Acting Workshop&#8220;), <a href=\"https:\/\/blog.zhdk.ch\/zfiction\/2024\/01\/23\/jessica-hartley-en\/\">Jessica Hartley<\/a> (Royal School of Speech and Drama London, &#8222;Dignity in Actor Training&#8220;), <a href=\"https:\/\/blog.zhdk.ch\/zfiction\/2024\/02\/07\/dominic-lees-en\/\">Dominic Lees<\/a> (University of Reading, &#8222;The Digital Face and Deepfakes on Screen&#8220;), <a href=\"https:\/\/blog.zhdk.ch\/zfiction\/2024\/03\/07\/ella-rumpf-en\/\">Ella Rumpf<\/a> (actress), <a href=\"https:\/\/blog.zhdk.ch\/zfiction\/2024\/02\/16\/cheryl-burniston-2\/\">Cheryl Burniston<\/a> (motion capture artist), <a href=\"https:\/\/blog.zhdk.ch\/zfiction\/2024\/01\/23\/thalia-r-goldstein-en\/\">Thalia Goldstein<\/a> (GM University, Virgina, USA, &#8222;Psychological Perspectives on Acting&#8220;), <a href=\"https:\/\/blog.zhdk.ch\/zfiction\/2024\/01\/23\/johannes-riis-en\/\">Johannes Riis<\/a> (University of Copenhagen, &#8222;Acting&#8220;), <a href=\"https:\/\/blog.zhdk.ch\/zfiction\/2024\/01\/23\/anja-kloech-en\/\">Anja Kl\u00f6ck<\/a> (HMT Leipzig, &#8222;Spielr\u00e4ume professionellen Schauspielens und digitale Transformation&#8220;), <a href=\"https:\/\/blog.zhdk.ch\/zfiction\/2024\/01\/23\/luis-august-krawen-en\/\">Luis August Krawen<\/a> (Video-K\u00fcnstler Schauspielhaus Hamburg, Schauspielhaus Z\u00fcrich, Residenztheater M\u00fcnchen), <a href=\"https:\/\/blog.zhdk.ch\/zfiction\/2024\/03\/07\/katalin-goedroes-en\/\">Katalin G\u00f6dr\u00f6s<\/a> (director and professor ifs Cologne), <a href=\"https:\/\/blog.zhdk.ch\/zfiction\/2024\/02\/21\/maryam-touzani-en\">Maryam Touzani<\/a> (Director, Screenwriter, Actress), <a href=\"https:\/\/blog.zhdk.ch\/zfiction\/2024\/03\/07\/raquel-kishori-dukpa-en\/\">Raquel Kishori Dukpa<\/a> (J\u00fcnglinge, Casting, Screenwriter), <a href=\"https:\/\/blog.zhdk.ch\/zfiction\/2024\/01\/23\/piotr-mirowski-en\/\">Piotr Mirowski<\/a> (Google DeepMind, Improbotics &#8222;Human-AI Improvisation&#8220;), <a href=\"https:\/\/blog.zhdk.ch\/zfiction\/2024\/02\/13\/luba-elliott-en\/\">Luba Elliott<\/a> (Creative AI Researcher, Curator), <a href=\"https:\/\/blog.zhdk.ch\/zfiction\/2024\/03\/07\/corinna-glaus\/\">Corinna Glaus<\/a> (Casting) and <a href=\"https:\/\/blog.zhdk.ch\/zfiction\/2024\/03\/15\/kay-kysela\/\">Kay Kysela<\/a> (actor).<\/p>\n<p><strong>ZFICTION.24<\/strong> offers a platform for further education and in-depth exploration of the art that breathes life into fictional films.<\/p>\n<p><a href=\"https:\/\/blog.zhdk.ch\/zfiction\/\">&gt;&gt; Deutsche Version<\/a><\/p>\n<h3><\/h3>\n","protected":false},"excerpt":{"rendered":"<p>The feature film conference ZFICTION.24 will take place on March 21.\/22. 2024 on stage A in the Gessnerallee at Zurich University of the Arts (ZHdK) in Zurich. &#8222;Future Bodies &#8211; Screen Acting in the Digital Age&#8220; examines contemporary and future developments in film acting from multiple perspectives against the backdrop of digital transformation and taking &hellip;<\/p>\n","protected":false},"author":6337,"featured_media":0,"parent":0,"menu_order":0,"comment_status":"closed","ping_status":"closed","template":"","meta":{"footnotes":""},"class_list":["post-4588","page","type-page","status-publish","hentry"],"_links":{"self":[{"href":"https:\/\/blog.zhdk.ch\/zfiction\/wp-json\/wp\/v2\/pages\/4588","targetHints":{"allow":["GET"]}}],"collection":[{"href":"https:\/\/blog.zhdk.ch\/zfiction\/wp-json\/wp\/v2\/pages"}],"about":[{"href":"https:\/\/blog.zhdk.ch\/zfiction\/wp-json\/wp\/v2\/types\/page"}],"author":[{"embeddable":true,"href":"https:\/\/blog.zhdk.ch\/zfiction\/wp-json\/wp\/v2\/users\/6337"}],"replies":[{"embeddable":true,"href":"https:\/\/blog.zhdk.ch\/zfiction\/wp-json\/wp\/v2\/comments?post=4588"}],"version-history":[{"count":13,"href":"https:\/\/blog.zhdk.ch\/zfiction\/wp-json\/wp\/v2\/pages\/4588\/revisions"}],"predecessor-version":[{"id":5739,"href":"https:\/\/blog.zhdk.ch\/zfiction\/wp-json\/wp\/v2\/pages\/4588\/revisions\/5739"}],"wp:attachment":[{"href":"https:\/\/blog.zhdk.ch\/zfiction\/wp-json\/wp\/v2\/media?parent=4588"}],"curies":[{"name":"wp","href":"https:\/\/api.w.org\/{rel}","templated":true}]}}