{"id":4975,"date":"2024-02-21T11:01:00","date_gmt":"2024-02-21T11:01:00","guid":{"rendered":"https:\/\/blog.zhdk.ch\/zfiction\/?page_id=4975"},"modified":"2024-03-21T06:39:57","modified_gmt":"2024-03-21T06:39:57","slug":"programm-zfiction-24","status":"publish","type":"page","link":"https:\/\/blog.zhdk.ch\/zfiction\/programm-zfiction-24\/","title":{"rendered":"Programm ZFICTION.24"},"content":{"rendered":"<p><strong>Donnerstag, \u00a021. M\u00e4rz 2024<\/strong><\/p>\n<p>09:15 | <strong>Begr\u00fcssung<\/strong><\/p>\n<p>09:30 | <span style=\"font-size: 1.5rem\"><a href=\"https:\/\/blog.zhdk.ch\/zfiction\/2024\/02\/29\/spielraeume\/\"><span class=\"NormalTextRun SCXW131033310 BCX4\">Spielr\u00e4ume professionellen Schauspielens und digitale Transformation<\/span><span class=\"NormalTextRun SCXW131033310 BCX4\">en<\/span><\/a><\/span> | <a href=\"https:\/\/blog.zhdk.ch\/zfiction\/2024\/01\/23\/anja-kloeck\/\">Anja Kl\u00f6ck<\/a><\/p>\n<p>10:15 | <a href=\"https:\/\/blog.zhdk.ch\/zfiction\/2024\/02\/13\/era-deepfakes-ai\/\">Acting in the era of deepfakes and AI<\/a> | <a href=\"https:\/\/blog.zhdk.ch\/zfiction\/2024\/02\/07\/dominic-lees-en\/\">Dominic Lees<\/a><\/p>\n<p>11:00 | Pause<\/p>\n<p>11:30 | <a href=\"https:\/\/blog.zhdk.ch\/zfiction\/2024\/02\/21\/coaching-actors\/\">Coaching Actors &#8211; Roles, Techniques, and Challenges<\/a> | <a href=\"https:\/\/blog.zhdk.ch\/zfiction\/2024\/01\/23\/mel-churcher-en\/\">Mel Churcher<\/a><\/p>\n<p>12:00 | <a href=\"https:\/\/blog.zhdk.ch\/zfiction\/2024\/03\/08\/character-work-bringing-text-to-life\/\">Character work \u2013 Bringing text to life<\/a> | <a href=\"https:\/\/blog.zhdk.ch\/zfiction\/2024\/03\/07\/ella-rumpf\/\">Ella Rumpf<\/a><\/p>\n<p>13:00 | Mittagspause \/ Ausstellung <a href=\"https:\/\/blog.zhdk.ch\/zfiction\/2024\/02\/26\/conversations-stanley\/\">Conversations with &#8222;Stanley&#8220;<\/a><\/p>\n<p>14:30 | <a href=\"https:\/\/blog.zhdk.ch\/zfiction\/2024\/02\/20\/ai-and-art-world\/\">AI and the Art World: Change, Challenge and Opportunity<\/a> | <a href=\"https:\/\/blog.zhdk.ch\/zfiction\/2024\/02\/13\/luba-elliott-en\/\">Luba Elliott<\/a><\/p>\n<p>15:15 | <a href=\"https:\/\/blog.zhdk.ch\/zfiction\/2024\/02\/20\/pe-cap\/\">Differences in role creation for performance capture and screen<\/a> | <a href=\"https:\/\/blog.zhdk.ch\/zfiction\/2024\/02\/16\/cheryl-burniston-2\/\">Cheryl Burniston<\/a><\/p>\n<p>16:00 | Pause \/ Ausstellung <a href=\"https:\/\/blog.zhdk.ch\/zfiction\/2024\/02\/26\/conversations-stanley\/\">Conversations with &#8222;Stanley&#8220;<\/a><\/p>\n<p>16:30 | <a href=\"https:\/\/blog.zhdk.ch\/zfiction\/2024\/02\/20\/schauspiel-virtuell\/\">Lebendiges Schauspiel in virtuellen Welten<\/a> | <a href=\"https:\/\/blog.zhdk.ch\/zfiction\/2024\/01\/23\/luis-august-krawen\/\">Luis August Krawen<\/a><\/p>\n<p>17:15 | <a href=\"https:\/\/blog.zhdk.ch\/zfiction\/2024\/02\/26\/robots\/\">Human Machines: Improvisation Comedy with Large Language Models<\/a> | <a href=\"https:\/\/blog.zhdk.ch\/zfiction\/2024\/01\/23\/piotr-mirowski-en\/\">Piotr Mirowski<\/a><\/p>\n<p>18:00 | Ausstellung <a href=\"https:\/\/blog.zhdk.ch\/zfiction\/2024\/02\/26\/conversations-stanley\/\">Conversations with &#8222;Stanley&#8220;<\/a> (bis 18:45)<\/p>\n<p>&nbsp;<\/p>\n<p><strong>Freitag, \u00a022. M\u00e4rz 2024<\/strong><\/p>\n<p>09:15 | <strong>Begr\u00fcssung<\/strong><\/p>\n<p>09:30 | <a href=\"https:\/\/blog.zhdk.ch\/zfiction\/2024\/02\/21\/stylistic-change\/\">Stylistic change and the norms that guide spectators\u2019 appraisal of screen performances<\/a> | <a href=\"https:\/\/blog.zhdk.ch\/zfiction\/2024\/01\/23\/johannes-riis-en\/\">Johannes Riis<\/a><\/p>\n<p>10:15 | <a href=\"https:\/\/blog.zhdk.ch\/zfiction\/2024\/02\/20\/components\/\">The Psychological Components of Acting Characters<\/a>\u00a0| <a href=\"https:\/\/blog.zhdk.ch\/zfiction\/2024\/01\/23\/thalia-r-goldstein-en\/\">Thalia R. Goldstein<\/a><\/p>\n<p>11:00 | Pause \/ Ausstellung <a href=\"https:\/\/blog.zhdk.ch\/zfiction\/2024\/02\/26\/conversations-stanley\/\">Conversations with &#8222;Stanley&#8220;<\/a><\/p>\n<p>11:30 | <a href=\"https:\/\/blog.zhdk.ch\/zfiction\/2024\/02\/20\/trauma-informed\/\">Trauma Informed Pedagogy in an &#8218;erotic&#8216; art<\/a> | <a href=\"https:\/\/blog.zhdk.ch\/zfiction\/2024\/01\/23\/jessica-hartley-en\/\">Jessica Hartley<\/a><\/p>\n<p>12:00 | <span class=\"s2\"><a href=\"https:\/\/blog.zhdk.ch\/zfiction\/2024\/03\/07\/verletzlichkeit-in-der-beziehung-schauspiel-regie\/\">Verletzlichkeit in der Beziehung Schauspiel-Regie<\/a> | <\/span><a href=\"https:\/\/blog.zhdk.ch\/zfiction\/2024\/03\/07\/katalin-goedroes\/\">Katalin G\u00f6dr\u00f6s<\/a><\/p>\n<p>13:00 | Mittagspause \/ Ausstellung <a href=\"https:\/\/blog.zhdk.ch\/zfiction\/2024\/02\/26\/conversations-stanley\/\">Conversations with &#8222;Stanley&#8220;<\/a><\/p>\n<p><span class=\"s2\">14:30 | Inviting Proximity: Cultivating Intimacy Through Screen Acting<\/span>\u00a0| <a href=\"https:\/\/blog.zhdk.ch\/zfiction\/2024\/02\/21\/maryam-touzani-en\/\">Maryam Touzani<\/a><\/p>\n<p>15:00 | <a href=\"https:\/\/blog.zhdk.ch\/zfiction\/2024\/03\/08\/narrative-und-besetzung-im-wechselspiel\/\"><span class=\"TextRun SCXW170081536 BCX4\" lang=\"DE-CH\" xml:lang=\"DE-CH\" data-contrast=\"none\"><span class=\"NormalTextRun SCXW170081536 BCX4\">Narrative und Besetzung im Wechselspiel<\/span><\/span><\/a><span class=\"s2\">\u00a0| <\/span><a href=\"https:\/\/blog.zhdk.ch\/zfiction\/2024\/03\/07\/raquel-kishori-dukpa\/\">Raquel Dukpa<\/a><\/p>\n<p>15:30 | Panel Diskussion &#8211; Diversity Casting, Gespr\u00e4ch mit <a href=\"https:\/\/blog.zhdk.ch\/zfiction\/2024\/03\/07\/raquel-kishori-dukpa\/\">Raquel Kishori Dukpa<\/a>, <a href=\"https:\/\/blog.zhdk.ch\/zfiction\/2024\/03\/07\/corinna-glaus\/\">Corinna Glaus<\/a>, <a href=\"https:\/\/blog.zhdk.ch\/zfiction\/2024\/03\/15\/kay-kysela\/\">Kay Kysela<\/a><\/p>\n<p>16:00 | Pause \/ Ausstellung <a href=\"https:\/\/blog.zhdk.ch\/zfiction\/2024\/02\/26\/conversations-stanley\/\">Conversations with &#8222;Stanley&#8220;<\/a><\/p>\n<p>16:30 | <strong>Panel &#8211; Conclusion with speakers from the conference day 1 and 2<\/strong><\/p>\n<p>17:15 | Ende<\/p>\n<hr \/>\n<h3><a href=\"https:\/\/blog.zhdk.ch\/zfiction\/\">&gt;HOME<\/a> | <a href=\"https:\/\/blog.zhdk.ch\/zfiction\/zeitplan-zfiction-24\/\">&gt;ZEITPLAn<\/a> | <a href=\"https:\/\/eventfrog.ch\/de\/p\/kurse-seminare\/sonstige-kurse-seminare\/zfiction-24-future-bodies-screen-acting-in-the-digital-age-7155556170274421111.html\">&gt;Tickets<\/a><\/h3>\n","protected":false},"excerpt":{"rendered":"<p>Donnerstag, \u00a021. M\u00e4rz 2024 09:15 | Begr\u00fcssung 09:30 | Spielr\u00e4ume professionellen Schauspielens und digitale Transformationen | Anja Kl\u00f6ck 10:15 | Acting in the era of deepfakes and AI | Dominic Lees 11:00 | Pause 11:30 | Coaching Actors &#8211; Roles, Techniques, and Challenges | Mel Churcher 12:00 | Character work \u2013 Bringing text to life &hellip;<\/p>\n","protected":false},"author":6337,"featured_media":0,"parent":0,"menu_order":0,"comment_status":"closed","ping_status":"closed","template":"","meta":{"footnotes":""},"class_list":["post-4975","page","type-page","status-publish","hentry"],"_links":{"self":[{"href":"https:\/\/blog.zhdk.ch\/zfiction\/wp-json\/wp\/v2\/pages\/4975","targetHints":{"allow":["GET"]}}],"collection":[{"href":"https:\/\/blog.zhdk.ch\/zfiction\/wp-json\/wp\/v2\/pages"}],"about":[{"href":"https:\/\/blog.zhdk.ch\/zfiction\/wp-json\/wp\/v2\/types\/page"}],"author":[{"embeddable":true,"href":"https:\/\/blog.zhdk.ch\/zfiction\/wp-json\/wp\/v2\/users\/6337"}],"replies":[{"embeddable":true,"href":"https:\/\/blog.zhdk.ch\/zfiction\/wp-json\/wp\/v2\/comments?post=4975"}],"version-history":[{"count":34,"href":"https:\/\/blog.zhdk.ch\/zfiction\/wp-json\/wp\/v2\/pages\/4975\/revisions"}],"predecessor-version":[{"id":5843,"href":"https:\/\/blog.zhdk.ch\/zfiction\/wp-json\/wp\/v2\/pages\/4975\/revisions\/5843"}],"wp:attachment":[{"href":"https:\/\/blog.zhdk.ch\/zfiction\/wp-json\/wp\/v2\/media?parent=4975"}],"curies":[{"name":"wp","href":"https:\/\/api.w.org\/{rel}","templated":true}]}}