{"id":6257,"date":"2026-02-08T11:58:29","date_gmt":"2026-02-08T11:58:29","guid":{"rendered":"https:\/\/blog.zhdk.ch\/zfiction\/?page_id=6257"},"modified":"2026-03-03T08:46:11","modified_gmt":"2026-03-03T08:46:11","slug":"zfiction-talks-ap","status":"publish","type":"page","link":"https:\/\/blog.zhdk.ch\/zfiction\/zfiction-talks-ap\/","title":{"rendered":"ZFICTION Talks"},"content":{"rendered":"<p>Diese Seite erm\u00f6glicht den direkten Zugang zu den Vortr\u00e4gen und Pr\u00e4sentationen aller <strong>ZFICTION<\/strong>-Jahrg\u00e4nge, gegliedert nach den Namen der Autorinnen und Autoren. Eine thematische Gliederung nach Jahren findet sich unter <a href=\"https:\/\/blog.zhdk.ch\/zfiction\/zfiction-archiv\/\">ZFICTION Archiv<\/a>. Oben rechts auf der Seite steht zudem eine Volltext-Suche zur Verf\u00fcgung.<\/p>\n<p>On this page, you have direct access to all presentations in the ZFICTION archives. The texts and\/or videos are listed by the authors\u2018 names. If you prefer to browse the archives by topic and year, please refer to <a href=\"https:\/\/blog.zhdk.ch\/zfiction\/zfiction-archiv\/\">ZFICTION Archiv<\/a>. For direct access to English presentations only, please refer to <a href=\"https:\/\/blog.zhdk.ch\/zfiction\/zfiction-english\/\">ZFICTION English<\/a>. This website also offers a full-text search at the top right hand corner.<\/p>\n<p>&nbsp;<\/p>\n<h2><strong>A<\/strong><\/h2>\n<p><a href=\"https:\/\/blog.zhdk.ch\/zfiction\/2020\/01\/17\/simon_jon_andreasen\/\">Andreasen, Simon Jon<\/a>\u00a0(mit <a href=\"https:\/\/blog.zhdk.ch\/zfiction\/2021\/06\/03\/rasmus-kloster-bro-en\/\">Bro, Rasmus Kloster<\/a>): <strong>Form before words: Cinematic Story development with Video Sketching &amp; Universe Devising with Virtual Production.<br \/>\n<\/strong> <small>2021 \u0399 ENGLISH <small>\u00a0\u00a0<\/small><a id=\"ttfmake-1768989392\" class=\"ttfmake-button\" style=\"background-color: #171717;color: #ffffff;font-size: 11px;font-weight: normal;padding: 4px 10px;border-radius: 50px\" href=\"https:\/\/blog.zhdk.ch\/zfiction\/2021\/09\/24\/video-form-before-words-cinematic-story-development-with-video-sketching-universe-devising-with-virtual-production\/\" data-hover-background-color=\"#5485d8\" data-hover-color=\"#ffffff\">Talk<\/a><\/small><\/p>\n<p><a href=\"https:\/\/blog.zhdk.ch\/zfiction\/2021\/06\/03\/sarah-atkinson-en\/\">Atkinson, Sarah<\/a>: <strong>Virtual Production: grass-roots, green shoots and global flows.<\/strong><br \/>\n<small>2021 \u0399 ENGLISH<small> \u00a0<\/small><small><small>\u00a0<\/small><\/small><a id=\"ttfmake-1768989502\" class=\"ttfmake-button\" style=\"background-color: #171717;color: #ffffff;font-size: 11px;font-weight: normal;padding: 4px 10px;border-radius: 50px\" href=\"https:\/\/blog.zhdk.ch\/zfiction\/2022\/09\/16\/la-mif\/\" data-hover-background-color=\"#5485d8\" data-hover-color=\"#ffffff\">Talk<\/a><\/small><\/p>\n<hr \/>\n<h2>B<\/h2>\n<p><a href=\"https:\/\/blog.zhdk.ch\/zfiction\/2022\/02\/07\/fred-baillif\/\">Baillif, Fred<\/a>: <strong>From Reality to Fiction and back \u2013 Case study \u201cLa Mif\u201d.<\/strong><br \/>\n<small>2022 \u0399 ENGLISH\u00a0 <a id=\"ttfmake-1768989643\" class=\"ttfmake-button\" style=\"background-color: #171717;color: #ffffff;font-size: 11px;font-weight: normal;padding: 4px 10px;border-radius: 50px\" href=\"https:\/\/blog.zhdk.ch\/zfiction\/2022\/09\/16\/la-mif\/\" data-hover-background-color=\"#171717\" data-hover-color=\"#ffffff\">Talk<\/a><\/small><\/p>\n<p><a href=\"https:\/\/blog.zhdk.ch\/zfiction\/2022\/02\/08\/jan-bennemann\/\">Bennemann, Jan<\/a>\u00a0(mit <a href=\"https:\/\/blog.zhdk.ch\/zfiction\/2022\/02\/08\/lars-wiebe\/\">Wiebe, Lars<\/a>) (Netflix): <strong>Was besch\u00e4ftigt die Branche: Stoffentwicklung bei Serien und Filmen.<\/strong><br \/>\n<small>2022 \u0399 DEUTSCH\u00a0 <a id=\"ttfmake-1768989660\" class=\"ttfmake-button\" style=\"background-color: #171717;color: #ffffff;font-size: 11px;font-weight: normal;padding: 4px 10px;border-radius: 50px\" href=\"https:\/\/blog.zhdk.ch\/zfiction\/2022\/09\/16\/netflix\/\" data-hover-background-color=\"#171717\" data-hover-color=\"#ffffff\">Talk<\/a><\/small><\/p>\n<p><a href=\"https:\/\/blog.zhdk.ch\/zfiction\/2022\/01\/18\/fritz-breithaupt\/\">Breithaupt, Fritz<\/a>: <strong>Das narrative Gehirn.<\/strong><br \/>\n<small>2022 \u0399 DEUTSCH\u00a0 <a id=\"ttfmake-1768989719\" class=\"ttfmake-button\" style=\"background-color: #171717;color: #ffffff;font-size: 11px;font-weight: normal;padding: 4px 10px;border-radius: 50px\" href=\"https:\/\/blog.zhdk.ch\/zfiction\/2022\/03\/01\/das-narrative-gehirn\/\" data-hover-background-color=\"#171717\" data-hover-color=\"#ffffff\">Talk<\/a><\/small><\/p>\n<p><a href=\"https:\/\/blog.zhdk.ch\/zfiction\/2021\/06\/03\/rasmus-kloster-bro-en\/\">Bro, Rasmus Kloster<\/a>\u00a0(mit\u00a0<a href=\"https:\/\/blog.zhdk.ch\/zfiction\/2020\/01\/17\/simon_jon_andreasen\/\">Andreasen, Simon Jon<\/a>): <strong>Form before words: Cinematic Story development with Video Sketching &amp; Universe Devising with Virtual Production.<\/strong><br \/>\n<small>2021 \u0399 ENGLISH\u00a0 <a id=\"ttfmake-1768989835\" class=\"ttfmake-button\" style=\"background-color: #171717;color: #ffffff;font-size: 11px;font-weight: normal;padding: 4px 10px;border-radius: 50px\" href=\"https:\/\/blog.zhdk.ch\/zfiction\/2021\/09\/24\/video-form-before-words-cinematic-story-development-with-video-sketching-universe-devising-with-virtual-production\/\" data-hover-background-color=\"#171717\" data-hover-color=\"#ffffff\">Talk<\/a><\/small><\/p>\n<hr \/>\n<h2><strong>D<\/strong><\/h2>\n<p><a href=\"https:\/\/blog.zhdk.ch\/zfiction\/2021\/06\/03\/andreas-dahn-en\/\">Dahn, Andreas<\/a>\u00a0(mit <a href=\"https:\/\/blog.zhdk.ch\/zfiction\/2020\/01\/20\/mirko-lempert\/\">Lempert, Mirko<\/a>): <strong>Drehen in Echtzeit mit Virtual Reality.<\/strong><br \/>\n<small>2021 \u0399 DEUTSCH <small>\u00a0<a id=\"ttfmake-1768989835\" class=\"ttfmake-button\" style=\"background-color: #171717;color: #ffffff;font-size: 11px;font-weight: normal;padding: 4px 10px;border-radius: 50px\" href=\"https:\/\/blog.zhdk.ch\/zfiction\/2021\/09\/24\/drehen-in-echtzeit-mit-virtual-reality\/\" data-hover-background-color=\"#171717\" data-hover-color=\"#ffffff\">Talk<\/a><\/small><\/small><\/p>\n<hr \/>\n<h2>H<\/h2>\n<p><a href=\"https:\/\/blog.zhdk.ch\/zfiction\/2022\/02\/08\/anna-sofie-hartmann\/\">Hartmann, \u00a0Anna Sofie<\/a>: <strong>Collecting Real Fictions \u2013 Case Study \u201cGiraffe\u201d.<\/strong><br \/>\n<small>2022 \u0399 ENGLISH <small><small><a id=\"ttfmake-1768989835\" class=\"ttfmake-button\" style=\"background-color: #171717;color: #ffffff;font-size: 11px;font-weight: normal;padding: 4px 10px;border-radius: 50px\" href=\"https:\/\/blog.zhdk.ch\/zfiction\/2022\/09\/16\/video-case-study-giraffe\/\" data-hover-background-color=\"#171717\" data-hover-color=\"#ffffff\">Talk<\/a><\/small><\/small> <\/small><\/p>\n<p><a href=\"https:\/\/blog.zhdk.ch\/zfiction\/2020\/01\/20\/volker-helzle\/\">Helzle, Volker<\/a>: <strong>Virtual Production and Digital Humans \u2013 Aktuelle Forschung und zuk\u00fcnftige Herausforderung.<\/strong><br \/>\n<small>2021 \u0399 DEUTSCH <small>\u00a0<small><small><a id=\"ttfmake-1768989835\" class=\"ttfmake-button\" style=\"background-color: #171717;color: #ffffff;font-size: 11px;font-weight: normal;padding: 4px 10px;border-radius: 50px\" href=\"https:\/\/blog.zhdk.ch\/zfiction\/2021\/09\/30\/video-production-and-digital-humans\/\" data-hover-background-color=\"#171717\" data-hover-color=\"#ffffff\">Talk<\/a><\/small><\/small><\/small>\u00a0<\/small><\/p>\n<hr \/>\n<h2>I<\/h2>\n<p><a href=\"https:\/\/blog.zhdk.ch\/zfiction\/2020\/01\/20\/christian-iseli\/\">Iseli, Christian<\/a> (mit <a href=\"https:\/\/blog.zhdk.ch\/zfiction\/2020\/01\/20\/mike-schaerer\/\">Schaerer, Michael<\/a>): <strong>The Promise: Storytelling trifft auf Virtual Production.<\/strong><br \/>\n<small>2021 \u0399 DEUTSCH <small><small><small><small><a id=\"ttfmake-1768989835\" class=\"ttfmake-button\" style=\"background-color: #171717;color: #ffffff;font-size: 11px;font-weight: normal;padding: 4px 10px;border-radius: 50px\" href=\"https:\/\/blog.zhdk.ch\/zfiction\/2021\/10\/06\/video-the-promise-storytelling-trifft-auf-virtual-production\/\" data-hover-background-color=\"#171717\" data-hover-color=\"#ffffff\">Talk<\/a><\/small><\/small><\/small>\u00a0<\/small> <\/small><\/p>\n<hr \/>\n<h2>J<\/h2>\n<p><a href=\"https:\/\/blog.zhdk.ch\/zfiction\/2022\/06\/28\/stefan-jaeger\/\">J\u00e4ger, Stefan<\/a> (mit <a href=\"https:\/\/blog.zhdk.ch\/zfiction\/2020\/01\/20\/mike-schaerer\/\">Schaerer, Michael<\/a>): <strong>ZFICTION.22 Einf\u00fchrung.<\/strong><br \/>\n<small>2022 \u0399 DEUTSCH <small><small><small><small><small><a id=\"ttfmake-1768989835\" class=\"ttfmake-button\" style=\"background-color: #171717;color: #ffffff;font-size: 11px;font-weight: normal;padding: 4px 10px;border-radius: 50px\" href=\"https:\/\/blog.zhdk.ch\/zfiction\/2022\/09\/16\/video-zfiction-22-einfuehrung\/\" data-hover-background-color=\"#171717\" data-hover-color=\"#ffffff\">Talk<\/a><\/small><\/small><\/small>\u00a0<\/small><\/small> <\/small><\/p>\n<hr \/>\n<h2>K<\/h2>\n<p><a href=\"https:\/\/blog.zhdk.ch\/zfiction\/2022\/01\/13\/marja-riitta-koivumaeki\/\">Koivum\u00e4ki, Marja-Riitta<\/a>: <strong>Dramaturgical case study from a screenwriter\u2019s perspective.<\/strong><br \/>\n<small>2022 \u0399 ENGLISH <small><small><small><small><small><small><a id=\"ttfmake-1768989835\" class=\"ttfmake-button\" style=\"background-color: #171717;color: #ffffff;font-size: 11px;font-weight: normal;padding: 4px 10px;border-radius: 50px\" href=\"https:\/\/blog.zhdk.ch\/zfiction\/2022\/09\/16\/video-sw-psp\/\" data-hover-background-color=\"#171717\" data-hover-color=\"#ffffff\">Talk<\/a><\/small><\/small><\/small>\u00a0<\/small><\/small><\/small><\/small><\/p>\n<p><a href=\"https:\/\/blog.zhdk.ch\/zfiction\/2021\/06\/01\/norbert-kottmann\/\">Kottmann, Norbert<\/a> (mit\u00a0<a href=\"https:\/\/blog.zhdk.ch\/zfiction\/2020\/01\/20\/miriam-loertscher\/\">Loertscher, Miriam<\/a>\u00a0): <strong>SNF Forschungsprojekt \u201cVirtually Real\u201d \u2013 Schlusspr\u00e4sentation.<\/strong><br \/>\n<small>2021 \u0399 DEUTSCH <small><small><small><small><small><small><small><a id=\"ttfmake-1768989835\" class=\"ttfmake-button\" style=\"background-color: #171717;color: #ffffff;font-size: 11px;font-weight: normal;padding: 4px 10px;border-radius: 50px\" href=\"https:\/\/blog.zhdk.ch\/zfiction\/2021\/09\/24\/video-snf-forschungsprojekt-virtually-real-schlusspraesentation\/\" data-hover-background-color=\"#171717\" data-hover-color=\"#ffffff\">Talk<\/a><\/small><\/small><\/small>\u00a0<\/small><\/small><\/small><\/small><\/small><\/p>\n<hr \/>\n<h2>L<\/h2>\n<p><a href=\"https:\/\/blog.zhdk.ch\/zfiction\/2022\/01\/13\/christine-lang\/\">Lang, Christine<\/a>: <strong>European Storytelling: epic, open, diverse.<\/strong><br \/>\n<small>2022 \u0399 DEUTSCH <a href=\"https:\/\/blog.zhdk.ch\/zfiction\/files\/2022\/06\/ZFICTION22_Christine-Lang_-Dramaturgie-in-Titane-und-Happy-End-von-C.Lang_.pdf\">\u00a0<small><small><small><small><small><small><small><small><\/small><\/small><\/small><\/small><\/small><\/small><\/small><\/small><\/a><small><small><small><a id=\"ttfmake-1768989835\" class=\"ttfmake-button\" style=\"background-color: #171717;color: #ffffff;font-size: 11px;font-weight: normal;padding: 4px 10px;border-radius: 50px\" href=\"https:\/\/blog.zhdk.ch\/zfiction\/2022\/09\/16\/video-european-storytelling\/\" data-hover-background-color=\"#171717\" data-hover-color=\"#ffffff\">Talk<\/a><\/small><\/small><\/small>\u00a0<\/small><\/p>\n<p><a href=\"https:\/\/blog.zhdk.ch\/zfiction\/2020\/01\/20\/mirko-lempert\/\">Lempert, Mirko<\/a>\u00a0(mit <a href=\"https:\/\/blog.zhdk.ch\/zfiction\/2021\/06\/03\/andreas-dahn-en\/\">Dahn, Andreas<\/a>): <strong>Drehen in Echtzeit mit Virtual Reality.<\/strong><br \/>\n<small>2021 \u0399 DEUTSCH <small><small><small><small><a id=\"ttfmake-1768989835\" class=\"ttfmake-button\" style=\"background-color: #171717;color: #ffffff;font-size: 11px;font-weight: normal;padding: 4px 10px;border-radius: 50px\" href=\"https:\/\/blog.zhdk.ch\/zfiction\/2021\/09\/24\/drehen-in-echtzeit-mit-virtual-reality\/\" data-hover-background-color=\"#171717\" data-hover-color=\"#ffffff\">Talk<\/a><\/small><\/small><\/small>\u00a0<\/small><\/small><\/p>\n<p><a href=\"https:\/\/blog.zhdk.ch\/zfiction\/2020\/01\/20\/miriam-loertscher\/\">Loertscher, Miriam<\/a>\u00a0(mit\u00a0<a href=\"https:\/\/blog.zhdk.ch\/zfiction\/2021\/06\/01\/norbert-kottmann\/\">Kottmann, Norbert<\/a>): <strong>SNF Forschungsprojekt \u201cVirtually Real\u201d \u2013 Schlusspr\u00e4sentation.<\/strong><br \/>\n<small>2021 \u0399 DEUTSCH <small><small><small><small><small><a id=\"ttfmake-1768989835\" class=\"ttfmake-button\" style=\"background-color: #171717;color: #ffffff;font-size: 11px;font-weight: normal;padding: 4px 10px;border-radius: 50px\" href=\"https:\/\/blog.zhdk.ch\/zfiction\/2021\/09\/24\/video-snf-forschungsprojekt-virtually-real-schlusspraesentation\/\" data-hover-background-color=\"#171717\" data-hover-color=\"#ffffff\">Talk<\/a><\/small><\/small><\/small>\u00a0<\/small><\/small><\/small><\/p>\n<hr \/>\n<h2>M<\/h2>\n<p><a href=\"https:\/\/blog.zhdk.ch\/zfiction\/2021\/06\/03\/sylke-rene-meyer-en\/\">Meyer, Sylke Ren\u00e9<\/a>: <strong>Low Tech and Lo-Fi. Resisting a Discourse of Mastery.<\/strong><br \/>\n<small>2021 \u0399 ENGLISH <small><small><small><small><small><small><a id=\"ttfmake-1768989835\" class=\"ttfmake-button\" style=\"background-color: #171717;color: #ffffff;font-size: 11px;font-weight: normal;padding: 4px 10px;border-radius: 50px\" href=\"https:\/\/blog.zhdk.ch\/zfiction\/2021\/09\/24\/video-low-tech-and-lo-fi-resisting-a-discourse-of-mastery\/\" data-hover-background-color=\"#171717\" data-hover-color=\"#ffffff\">Talk<\/a><\/small><\/small><\/small>\u00a0<\/small><\/small><\/small>\u00a0<\/small><\/p>\n<hr \/>\n<h2>P<\/h2>\n<p>(Schluss)Panel: <strong>The Promise: Storytelling trifft auf Virtual Production.<\/strong><br \/>\n<small>2021 \u0399 ENGLISH <small>\u00a0<small><small><small><small><small><small><a id=\"ttfmake-1768989835\" class=\"ttfmake-button\" style=\"background-color: #171717;color: #ffffff;font-size: 11px;font-weight: normal;padding: 4px 10px;border-radius: 50px\" href=\"https:\/\/blog.zhdk.ch\/zfiction\/2021\/10\/06\/closing-panel-zfiction-21\/\" data-hover-background-color=\"#171717\" data-hover-color=\"#ffffff\">Talk<\/a><\/small><\/small><\/small>\u00a0<\/small><\/small><\/small>\u00a0<\/small><\/small><\/p>\n<p>Panel Tag 1: <strong>Please Don\u2019t Tell \u2013 Storytelling Beyond Magic Formula.<br \/>\n<\/strong><small>2022 \u0399 ENGLISH <small><small><small><small><small><small><small><small><a id=\"ttfmake-1768989835\" class=\"ttfmake-button\" style=\"background-color: #171717;color: #ffffff;font-size: 11px;font-weight: normal;padding: 4px 10px;border-radius: 50px\" href=\"https:\/\/blog.zhdk.ch\/zfiction\/2022\/09\/16\/video-schlusspanel-tag-1\/\" data-hover-background-color=\"#171717\" data-hover-color=\"#ffffff\">Talk<\/a><\/small><\/small><\/small>\u00a0<\/small><\/small><\/small><\/small><\/small><\/small><\/p>\n<p>(Schluss)Panel: <strong>Please Don\u2019t Tell \u2013 Storytelling Beyond Magic Formula.<br \/>\n<\/strong><small>2022 \u0399 ENGLISH <small><small><small><small><small><small><small><small><small><a id=\"ttfmake-1768989835\" class=\"ttfmake-button\" style=\"background-color: #171717;color: #ffffff;font-size: 11px;font-weight: normal;padding: 4px 10px;border-radius: 50px\" href=\"https:\/\/blog.zhdk.ch\/zfiction\/2022\/09\/16\/video-closing-panel\/\" data-hover-background-color=\"#171717\" data-hover-color=\"#ffffff\">Talk<\/a><\/small><\/small><\/small>\u00a0<\/small><\/small><\/small><\/small><\/small><\/small>\u00a0<\/small><\/p>\n<hr \/>\n<h2>r<\/h2>\n<p><a href=\"https:\/\/blog.zhdk.ch\/zfiction\/2022\/02\/24\/kathrin-resetarits\/\">Resetarits, Kathrin<\/a>: <strong>Erz\u00e4hlen abseits der Schablone \u2013 Offene Erz\u00e4hlstrukturen in Filmausbildung und Dramaturgie.<\/strong><br \/>\n<small>2022 \u0399 DEUTSCH <small><small><small><small><small><small><small><small><small><small><a id=\"ttfmake-1768989835\" class=\"ttfmake-button\" style=\"background-color: #171717;color: #ffffff;font-size: 11px;font-weight: normal;padding: 4px 10px;border-radius: 50px\" href=\"https:\/\/blog.zhdk.ch\/zfiction\/2022\/09\/16\/video-schablone\/\" data-hover-background-color=\"#171717\" data-hover-color=\"#ffffff\">Talk<\/a><\/small><\/small><\/small>\u00a0<\/small><\/small><\/small><\/small><\/small><\/small>\u00a0<\/small><\/small><\/p>\n<hr \/>\n<h2>S<\/h2>\n<p><a href=\"https:\/\/blog.zhdk.ch\/zfiction\/2020\/01\/20\/mike-schaerer\/\">Schaerer, Michael<\/a>\u00a0(mit\u00a0<a href=\"https:\/\/blog.zhdk.ch\/zfiction\/2020\/01\/20\/christian-iseli\/\">Christian Iseli<\/a>): <strong>The Promise: Storytelling trifft auf Virtual Production.<\/strong><br \/>\n<small>2021 \u0399 DEUTSCH <small><small><small><small><small><small><small><small><small><small><small><a id=\"ttfmake-1768989835\" class=\"ttfmake-button\" style=\"background-color: #171717;color: #ffffff;font-size: 11px;font-weight: normal;padding: 4px 10px;border-radius: 50px\" href=\"https:\/\/blog.zhdk.ch\/zfiction\/2021\/10\/06\/video-the-promise-storytelling-trifft-auf-virtual-production\/\" data-hover-background-color=\"#171717\" data-hover-color=\"#ffffff\">Talk<\/a><\/small><\/small><\/small>\u00a0<\/small><\/small><\/small><\/small><\/small><\/small>\u00a0<\/small><\/small><\/small><\/p>\n<p><a href=\"https:\/\/blog.zhdk.ch\/zfiction\/2020\/01\/20\/mike-schaerer\/\">Schaerer, Michael<\/a>\u00a0(mit <a href=\"https:\/\/blog.zhdk.ch\/zfiction\/2022\/06\/28\/stefan-jaeger\/\">J\u00e4ger, Stefan<\/a>): <strong>ZFICTION.22 Einf\u00fchrung.<\/strong><br \/>\n<small>2022 \u0399 DEUTSCH <small><small><small><small><small><small><small><small><small><small><small><a id=\"ttfmake-1768989835\" class=\"ttfmake-button\" style=\"background-color: #171717;color: #ffffff;font-size: 11px;font-weight: normal;padding: 4px 10px;border-radius: 50px\" href=\"https:\/\/blog.zhdk.ch\/zfiction\/2022\/09\/16\/video-zfiction-22-einfuehrung\/\" data-hover-background-color=\"#171717\" data-hover-color=\"#ffffff\">Talk<\/a><\/small><\/small><\/small>\u00a0<\/small><\/small><\/small><\/small><\/small><\/small>\u00a0<\/small><\/small><\/small><small><\/small><\/p>\n<p><a href=\"https:\/\/blog.zhdk.ch\/zfiction\/2022\/02\/07\/christian-schwochow\/\">Schwochow, Christian<\/a>: <strong>Politisches Erz\u00e4hlen in populistischen Zeiten.<\/strong><br \/>\n<small>2022 \u0399 DEUTSCH <small><small><small><small><small><small><small><small><small><small><small><a id=\"ttfmake-1768989835\" class=\"ttfmake-button\" style=\"background-color: #171717;color: #ffffff;font-size: 11px;font-weight: normal;padding: 4px 10px;border-radius: 50px\" href=\"https:\/\/blog.zhdk.ch\/zfiction\/2022\/09\/16\/politisches-erzaehlen\/\" data-hover-background-color=\"#171717\" data-hover-color=\"#ffffff\">Talk<\/a><\/small><\/small><\/small>\u00a0<\/small><\/small><\/small><\/small><\/small><\/small>\u00a0<\/small><\/small><\/small><\/p>\n<p><a href=\"https:\/\/blog.zhdk.ch\/zfiction\/2022\/02\/07\/linda-seger\/\">Seger, Linda<\/a>: <strong>Pushing Boundaries: Learn from the Old, Create the New.<\/strong><br \/>\n<small>2022 \u0399 ENGLISH <small><small><small><small><small><small><small><small><small><small><small><a id=\"ttfmake-1768989835\" class=\"ttfmake-button\" style=\"background-color: #171717;color: #ffffff;font-size: 11px;font-weight: normal;padding: 4px 10px;border-radius: 50px\" href=\"https:\/\/blog.zhdk.ch\/zfiction\/2022\/09\/16\/video-pushing-boundaries\/\" data-hover-background-color=\"#171717\" data-hover-color=\"#ffffff\">Talk<\/a><\/small><\/small><\/small>\u00a0<\/small><\/small><\/small><\/small><\/small><\/small>\u00a0<\/small><\/small><\/small><\/p>\n<p><a href=\"https:\/\/blog.zhdk.ch\/zfiction\/2022\/03\/04\/ruediger-suchsland\/\">Suchsland, R\u00fcdiger<\/a>: <strong>Auf der Suche nach dem \u201cdritten Kino\u201d.<\/strong><br \/>\n<small>2022 \u0399 DEUTSCH <small><small><small><small><small><small><small><small><small><small><small><a id=\"ttfmake-1768989835\" class=\"ttfmake-button\" style=\"background-color: #171717;color: #ffffff;font-size: 11px;font-weight: normal;padding: 4px 10px;border-radius: 50px\" href=\"https:\/\/blog.zhdk.ch\/zfiction\/2022\/09\/16\/video-drittes-kino\/\" data-hover-background-color=\"#171717\" data-hover-color=\"#ffffff\">Talk<\/a><\/small><\/small><\/small>\u00a0<\/small><\/small><\/small><\/small><\/small><\/small>\u00a0<\/small><\/small><\/small><\/p>\n<hr \/>\n<h2>W<\/h2>\n<p><a href=\"https:\/\/blog.zhdk.ch\/zfiction\/2022\/02\/08\/lars-wiebe\/\">Wiebe, Lars<\/a>\u00a0(mit <a href=\"https:\/\/blog.zhdk.ch\/zfiction\/2022\/02\/08\/jan-bennemann\/\">Bennemann, Jan<\/a>) (Netflix): <strong>Was besch\u00e4ftigt die Branche: Stoffentwicklung bei Serien und Filmen.<\/strong><br \/>\n<small>2022 \u0399 DEUTSCH <small><small><small><small><small><small><small><small><small><small><small><a id=\"ttfmake-1768989835\" class=\"ttfmake-button\" style=\"background-color: #171717;color: #ffffff;font-size: 11px;font-weight: normal;padding: 4px 10px;border-radius: 50px\" href=\"https:\/\/blog.zhdk.ch\/zfiction\/2022\/09\/16\/netflix\/\" data-hover-background-color=\"#171717\" data-hover-color=\"#ffffff\">Talk<\/a><\/small><\/small><\/small>\u00a0<\/small><\/small><\/small><\/small><\/small><\/small>\u00a0<\/small><\/small><\/small><\/p>\n<p><a href=\"https:\/\/blog.zhdk.ch\/zfiction\/2022\/03\/02\/vinca-wiedemann-2\/\">Wiedemann, Vinca<\/a>: <strong>Audiences are the new avantgarde.<\/strong><br \/>\n<small>2022 \u0399 ENGLISH <small><small><small><small><small><small><small><small><small><small><small><a id=\"ttfmake-1768989835\" class=\"ttfmake-button\" style=\"background-color: #171717;color: #ffffff;font-size: 11px;font-weight: normal;padding: 4px 10px;border-radius: 50px\" href=\"https:\/\/blog.zhdk.ch\/zfiction\/2022\/09\/16\/new-avantgarde\/\" data-hover-background-color=\"#171717\" data-hover-color=\"#ffffff\">Talk<\/a><\/small><\/small><\/small>\u00a0<\/small><\/small><\/small><\/small><\/small><\/small><\/small><\/small><\/small><\/p>\n<p>&nbsp;<\/p>\n","protected":false},"excerpt":{"rendered":"<p>Diese Seite erm\u00f6glicht den direkten Zugang zu den Vortr\u00e4gen und Pr\u00e4sentationen aller ZFICTION-Jahrg\u00e4nge, gegliedert nach den Namen der Autorinnen und Autoren. Eine thematische Gliederung nach Jahren findet sich unter ZFICTION Archiv. Oben rechts auf der Seite steht zudem eine Volltext-Suche zur Verf\u00fcgung. On this page, you have direct access to all presentations in the ZFICTION &hellip;<\/p>\n","protected":false},"author":6954,"featured_media":0,"parent":0,"menu_order":0,"comment_status":"closed","ping_status":"closed","template":"","meta":{"footnotes":""},"class_list":["post-6257","page","type-page","status-publish","hentry"],"_links":{"self":[{"href":"https:\/\/blog.zhdk.ch\/zfiction\/wp-json\/wp\/v2\/pages\/6257","targetHints":{"allow":["GET"]}}],"collection":[{"href":"https:\/\/blog.zhdk.ch\/zfiction\/wp-json\/wp\/v2\/pages"}],"about":[{"href":"https:\/\/blog.zhdk.ch\/zfiction\/wp-json\/wp\/v2\/types\/page"}],"author":[{"embeddable":true,"href":"https:\/\/blog.zhdk.ch\/zfiction\/wp-json\/wp\/v2\/users\/6954"}],"replies":[{"embeddable":true,"href":"https:\/\/blog.zhdk.ch\/zfiction\/wp-json\/wp\/v2\/comments?post=6257"}],"version-history":[{"count":31,"href":"https:\/\/blog.zhdk.ch\/zfiction\/wp-json\/wp\/v2\/pages\/6257\/revisions"}],"predecessor-version":[{"id":6962,"href":"https:\/\/blog.zhdk.ch\/zfiction\/wp-json\/wp\/v2\/pages\/6257\/revisions\/6962"}],"wp:attachment":[{"href":"https:\/\/blog.zhdk.ch\/zfiction\/wp-json\/wp\/v2\/media?parent=6257"}],"curies":[{"name":"wp","href":"https:\/\/api.w.org\/{rel}","templated":true}]}}