{"id":232,"date":"2015-03-17T17:25:40","date_gmt":"2015-03-17T17:25:40","guid":{"rendered":"https:\/\/blog.zhdk.ch\/zh4k\/?page_id=232"},"modified":"2015-06-02T06:35:55","modified_gmt":"2015-06-02T06:35:55","slug":"cities-news","status":"publish","type":"page","link":"https:\/\/blog.zhdk.ch\/zh4k\/cities-news\/","title":{"rendered":"Cities &amp; News"},"content":{"rendered":"<h1 class=\"entry-title\"><\/h1>\n<p><a href=\"http:\/\/www.faz.net\/aktuell\/stil\/drinnen-draussen\/natur-in-der-stadt-in-hamburg-gruent-es-von-den-daechern-13609121.html\" target=\"_blank\">H\u00e4ngende G\u00e4rten auf ehemaligen Nazi-Bunkern<\/a><\/p>\n<p><a href=\"http:\/\/www.nzz.ch\/feuilleton\/kunst_architektur\/polizei-schliesst-umstrittenes-kunstprojekt-1.18547754\" target=\"_blank\">Schweizer K\u00fcnstler an Biennale zensiert<\/a><\/p>\n<p><a href=\"http:\/\/www.monopol-magazin.de\/Steinbock-auf-dem-Kopf-von-Bismarck-ueber-dem-Hamburger-Hafen\" target=\"_blank\">Steinb\u00f6cke in Hamburg<\/a><\/p>\n<p><a href=\"http:\/\/www.virtuale-switzerland.org\/virtuale-2014\/lausanne\/\" target=\"_blank\">Virtuale in Lausanne<\/a><\/p>\n<p><a href=\"http:\/\/www.deutschlandfunk.de\/iran-teheran-wird-zur-galerie.1818.de.html?dram%3Aarticle_id=319431\" target=\"_blank\">Teheran wird zur Galerie<\/a><\/p>\n<p>&nbsp;<\/p>\n<p>&nbsp;<\/p>\n","protected":false},"excerpt":{"rendered":"<p>H\u00e4ngende G\u00e4rten auf ehemaligen Nazi-Bunkern Schweizer K\u00fcnstler an Biennale zensiert Steinb\u00f6cke in Hamburg Virtuale in Lausanne Teheran wird zur Galerie &nbsp; &nbsp;<\/p>\n","protected":false},"author":2700,"featured_media":0,"parent":0,"menu_order":0,"comment_status":"open","ping_status":"open","template":"","meta":{"footnotes":""},"class_list":["post-232","page","type-page","status-publish","hentry","dwtl normal"],"_links":{"self":[{"href":"https:\/\/blog.zhdk.ch\/zh4k\/wp-json\/wp\/v2\/pages\/232","targetHints":{"allow":["GET"]}}],"collection":[{"href":"https:\/\/blog.zhdk.ch\/zh4k\/wp-json\/wp\/v2\/pages"}],"about":[{"href":"https:\/\/blog.zhdk.ch\/zh4k\/wp-json\/wp\/v2\/types\/page"}],"author":[{"embeddable":true,"href":"https:\/\/blog.zhdk.ch\/zh4k\/wp-json\/wp\/v2\/users\/2700"}],"replies":[{"embeddable":true,"href":"https:\/\/blog.zhdk.ch\/zh4k\/wp-json\/wp\/v2\/comments?post=232"}],"version-history":[{"count":7,"href":"https:\/\/blog.zhdk.ch\/zh4k\/wp-json\/wp\/v2\/pages\/232\/revisions"}],"predecessor-version":[{"id":582,"href":"https:\/\/blog.zhdk.ch\/zh4k\/wp-json\/wp\/v2\/pages\/232\/revisions\/582"}],"wp:attachment":[{"href":"https:\/\/blog.zhdk.ch\/zh4k\/wp-json\/wp\/v2\/media?parent=232"}],"curies":[{"name":"wp","href":"https:\/\/api.w.org\/{rel}","templated":true}]}}