{"id":362,"date":"2015-05-05T08:15:42","date_gmt":"2015-05-05T08:15:42","guid":{"rendered":"https:\/\/blog.zhdk.ch\/zh4k\/?page_id=362"},"modified":"2015-06-02T06:32:05","modified_gmt":"2015-06-02T06:32:05","slug":"necropolis","status":"publish","type":"page","link":"https:\/\/blog.zhdk.ch\/zh4k\/projektideen-der-studierenden\/necropolis\/","title":{"rendered":"Necropolis"},"content":{"rendered":"<p>St\u00e4dte sind gemacht, um in ihnen\u00a0zu leben. Gleichzeitig gibt es in St\u00e4dten Orte f\u00fcr Menschen, die gestorben sind: Friedh\u00f6fe. Was heisst es, den Friedhof als eine Metapher f\u00fcr die Stadt zu verwenden? Gibt es eine kulturelle Konstante hinter den Praktiken und den Objekten von Friedh\u00f6fen? \/ Medium: Tonskulptur, Soundinstallation.<\/p>\n<p>&nbsp;<\/p>\n<p><strong>City is a place for people living in. At the same time, there is a place in the city for people who passed away living in called cemeteries. What is the meaning or relationship of using cemeteries as a metaphor to the city? Is there any culture issue behind the funeral practice and objects in cemeteries?\/\u00a0<em>Medium: Sound sculpture\/Sound installation<\/em><\/strong><\/p>\n<p>&nbsp;<\/p>\n<p><a href=\"http:\/\/www.evilagnivv.com\/\" target=\"_blank\">Cheuk Wing Nam<\/a><\/p>\n<p>&nbsp;<\/p>\n<p>&nbsp;<\/p>\n","protected":false},"excerpt":{"rendered":"<p>St\u00e4dte sind gemacht, um in ihnen\u00a0zu leben. Gleichzeitig gibt es in St\u00e4dten Orte f\u00fcr Menschen, die gestorben sind: Friedh\u00f6fe. Was heisst es, den Friedhof als eine Metapher f\u00fcr die Stadt zu verwenden? Gibt es eine kulturelle Konstante hinter den Praktiken [&hellip;]<\/p>\n","protected":false},"author":2700,"featured_media":0,"parent":34,"menu_order":0,"comment_status":"open","ping_status":"open","template":"","meta":{"footnotes":""},"class_list":["post-362","page","type-page","status-publish","hentry","dwtl normal"],"_links":{"self":[{"href":"https:\/\/blog.zhdk.ch\/zh4k\/wp-json\/wp\/v2\/pages\/362","targetHints":{"allow":["GET"]}}],"collection":[{"href":"https:\/\/blog.zhdk.ch\/zh4k\/wp-json\/wp\/v2\/pages"}],"about":[{"href":"https:\/\/blog.zhdk.ch\/zh4k\/wp-json\/wp\/v2\/types\/page"}],"author":[{"embeddable":true,"href":"https:\/\/blog.zhdk.ch\/zh4k\/wp-json\/wp\/v2\/users\/2700"}],"replies":[{"embeddable":true,"href":"https:\/\/blog.zhdk.ch\/zh4k\/wp-json\/wp\/v2\/comments?post=362"}],"version-history":[{"count":6,"href":"https:\/\/blog.zhdk.ch\/zh4k\/wp-json\/wp\/v2\/pages\/362\/revisions"}],"predecessor-version":[{"id":574,"href":"https:\/\/blog.zhdk.ch\/zh4k\/wp-json\/wp\/v2\/pages\/362\/revisions\/574"}],"up":[{"embeddable":true,"href":"https:\/\/blog.zhdk.ch\/zh4k\/wp-json\/wp\/v2\/pages\/34"}],"wp:attachment":[{"href":"https:\/\/blog.zhdk.ch\/zh4k\/wp-json\/wp\/v2\/media?parent=362"}],"curies":[{"name":"wp","href":"https:\/\/api.w.org\/{rel}","templated":true}]}}