{"id":372,"date":"2015-05-05T08:20:28","date_gmt":"2015-05-05T08:20:28","guid":{"rendered":"https:\/\/blog.zhdk.ch\/zh4k\/?page_id=372"},"modified":"2015-05-05T08:20:28","modified_gmt":"2015-05-05T08:20:28","slug":"city-kit","status":"publish","type":"page","link":"https:\/\/blog.zhdk.ch\/zh4k\/projektideen-der-studierenden\/city-kit\/","title":{"rendered":"City Kit"},"content":{"rendered":"<p>Das City Kit wird von Stadtbewohnern in ihrer bekannten Umgebung angewendet und zeigt pers\u00f6nliche Eindr\u00fccke einer Stadt oder bestimmter Umgebungen.\u00a0Das City Kit beeinhaltet eine Gebrauchsanleitung in Bild und Text, eine Einwegkamera, ein Notizb\u00fcchlein, ein Stift, ein USB-Stick, kleine Druckverschlussbeutel und farbige Klebepunkte.\u00a0Das Kit wird an verschiedene Stadtbewohner aus Z\u00fcrich, Hamburg und HongKong verteilt. Mithilfe der im City Kit enthaltenen Gegenst\u00e4nde ist die Person aufgefordert ihre Stadt vorzustellen und unterschiedliche Stadtteile zu untersuchen. Wenn die Stadtuntersuchung abgeschlossen ist, werden s\u00e4mtliche Gegenst\u00e4nde wieder verpackt und nach Z\u00fcrich zur\u00fcckgebracht. Im Gegenzug erhalten die TeilnehmerInnen eine Impression aus einer anderen Stadt.<\/p>\n<p>&nbsp;<\/p>\n<p><strong>The City Kit is created by local city members and enables foreigners to get a personal impression of a city or certain city parts. The aim of this approach is to get impressions of some personal details or secrets about a foreign city.\u00a0The City Kit includes the following items: instruction book, single-use camera, note pad, pencil, USB-Stick, little plastic bags and stickers.\u00a0The City Kit is sent by postal to different participants in Zurich, Hamburg and Hong Kong. The person who receives the package is asked to introduce the city by investigating different parts of the city with the help of the Kit. Afterwards the package gets refilled and has to be sent back to the city where it came from. In return the participant will get a City-Impression of another city.<\/strong><\/p>\n<p>&nbsp;<\/p>\n<p>Inbal Sharon<\/p>\n<p>&nbsp;<\/p>\n<p>&nbsp;<\/p>\n<p>&nbsp;<\/p>\n<p>&nbsp;<\/p>\n<p>&nbsp;<\/p>\n<p>&nbsp;<\/p>\n","protected":false},"excerpt":{"rendered":"<p>Das City Kit wird von Stadtbewohnern in ihrer bekannten Umgebung angewendet und zeigt pers\u00f6nliche Eindr\u00fccke einer Stadt oder bestimmter Umgebungen.\u00a0Das City Kit beeinhaltet eine Gebrauchsanleitung in Bild und Text, eine Einwegkamera, ein Notizb\u00fcchlein, ein Stift, ein USB-Stick, kleine Druckverschlussbeutel und [&hellip;]<\/p>\n","protected":false},"author":2700,"featured_media":0,"parent":34,"menu_order":0,"comment_status":"open","ping_status":"open","template":"","meta":{"footnotes":""},"class_list":["post-372","page","type-page","status-publish","hentry","dwtl normal"],"_links":{"self":[{"href":"https:\/\/blog.zhdk.ch\/zh4k\/wp-json\/wp\/v2\/pages\/372","targetHints":{"allow":["GET"]}}],"collection":[{"href":"https:\/\/blog.zhdk.ch\/zh4k\/wp-json\/wp\/v2\/pages"}],"about":[{"href":"https:\/\/blog.zhdk.ch\/zh4k\/wp-json\/wp\/v2\/types\/page"}],"author":[{"embeddable":true,"href":"https:\/\/blog.zhdk.ch\/zh4k\/wp-json\/wp\/v2\/users\/2700"}],"replies":[{"embeddable":true,"href":"https:\/\/blog.zhdk.ch\/zh4k\/wp-json\/wp\/v2\/comments?post=372"}],"version-history":[{"count":1,"href":"https:\/\/blog.zhdk.ch\/zh4k\/wp-json\/wp\/v2\/pages\/372\/revisions"}],"predecessor-version":[{"id":374,"href":"https:\/\/blog.zhdk.ch\/zh4k\/wp-json\/wp\/v2\/pages\/372\/revisions\/374"}],"up":[{"embeddable":true,"href":"https:\/\/blog.zhdk.ch\/zh4k\/wp-json\/wp\/v2\/pages\/34"}],"wp:attachment":[{"href":"https:\/\/blog.zhdk.ch\/zh4k\/wp-json\/wp\/v2\/media?parent=372"}],"curies":[{"name":"wp","href":"https:\/\/api.w.org\/{rel}","templated":true}]}}