{"id":394,"date":"2015-05-05T08:29:40","date_gmt":"2015-05-05T08:29:40","guid":{"rendered":"https:\/\/blog.zhdk.ch\/zh4k\/?page_id=394"},"modified":"2015-05-05T08:29:45","modified_gmt":"2015-05-05T08:29:45","slug":"pulsating-city","status":"publish","type":"page","link":"https:\/\/blog.zhdk.ch\/zh4k\/projektideen-der-studierenden\/pulsating-city\/","title":{"rendered":"Pulsating City"},"content":{"rendered":"<p>\u201eThere is no such thing as silence\u201c, war John Cages Aussage nach dem Aufenthalt in einem schalltoten Raum. F\u00fcr ihn h\u00f6rbar; sein Herzschlag, das Rauschen des Blutes in seinen Adern und vom Nervensystem produzierte Frequenzen. Ein Puls, ein innerer Rhythmus. Body-Symphonie.\u00a0Verstehen wir die Stadt als Cages K\u00f6rper, dann formulieren die Stromleitungen das Nervensystem, die Wasserleitungen und das Transportsystem im Untergrund das Rauschen des Blutes als pulsierenden Gleichstrom. Diese Systeme halten die Stadt am Leben, sind ihr Herzschlag, ihr Puls.\u00a0Mittels Fieldrecording analysiere ich die Untergrundger\u00e4usche von Hamburg, Hong Kong und Z\u00fcrich: Mechanische Rhythmen, atmende Tunnels, atmosph\u00e4risches Rauschen und tropfende Kan\u00e4le ergeben ein von mir interpretiertes Soundscape der jeweiligen St\u00e4dte.<\/p>\n<p>&nbsp;<\/p>\n<p><strong>\u201eThere is no such thing as silence\u201c. This was John Cage\u2019s statement after spending time in an soundproof\u2019 room; he could hear his heart beating, his blood flowing, and frequencies produced by the nervous system&#8230; a pulse, an inner rhythm, like a symphony of the human body.\u00a0Understanding a city as Cage\u2019s body, electrical lines could be the nervous system, water pipes and underground railways the noise of flowing blood, a pulsating current. Those systems keep the city alive, they are its heartbeat, its pulse.\u00a0With a Zoom Handy Recorder H4n and two external omnidirectional microphones I am doing field recordings in underground systems of Hamburg, Hong Kong and Zurich: mechanical rhythms, breathing tunnels, atmospheric noises, and dropping pipes make up my soundscape that simulates the pulse of the cities.<\/strong><\/p>\n<p>&nbsp;<\/p>\n<p>Eve H\u00fcbscher<\/p>\n<p>&nbsp;<\/p>\n","protected":false},"excerpt":{"rendered":"<p>\u201eThere is no such thing as silence\u201c, war John Cages Aussage nach dem Aufenthalt in einem schalltoten Raum. F\u00fcr ihn h\u00f6rbar; sein Herzschlag, das Rauschen des Blutes in seinen Adern und vom Nervensystem produzierte Frequenzen. Ein Puls, ein innerer Rhythmus. [&hellip;]<\/p>\n","protected":false},"author":2700,"featured_media":0,"parent":34,"menu_order":0,"comment_status":"open","ping_status":"open","template":"","meta":{"footnotes":""},"class_list":["post-394","page","type-page","status-publish","hentry","dwtl normal"],"_links":{"self":[{"href":"https:\/\/blog.zhdk.ch\/zh4k\/wp-json\/wp\/v2\/pages\/394","targetHints":{"allow":["GET"]}}],"collection":[{"href":"https:\/\/blog.zhdk.ch\/zh4k\/wp-json\/wp\/v2\/pages"}],"about":[{"href":"https:\/\/blog.zhdk.ch\/zh4k\/wp-json\/wp\/v2\/types\/page"}],"author":[{"embeddable":true,"href":"https:\/\/blog.zhdk.ch\/zh4k\/wp-json\/wp\/v2\/users\/2700"}],"replies":[{"embeddable":true,"href":"https:\/\/blog.zhdk.ch\/zh4k\/wp-json\/wp\/v2\/comments?post=394"}],"version-history":[{"count":2,"href":"https:\/\/blog.zhdk.ch\/zh4k\/wp-json\/wp\/v2\/pages\/394\/revisions"}],"predecessor-version":[{"id":398,"href":"https:\/\/blog.zhdk.ch\/zh4k\/wp-json\/wp\/v2\/pages\/394\/revisions\/398"}],"up":[{"embeddable":true,"href":"https:\/\/blog.zhdk.ch\/zh4k\/wp-json\/wp\/v2\/pages\/34"}],"wp:attachment":[{"href":"https:\/\/blog.zhdk.ch\/zh4k\/wp-json\/wp\/v2\/media?parent=394"}],"curies":[{"name":"wp","href":"https:\/\/api.w.org\/{rel}","templated":true}]}}