{"id":440,"date":"2015-05-18T12:16:14","date_gmt":"2015-05-18T12:16:14","guid":{"rendered":"https:\/\/blog.zhdk.ch\/zh4k\/?page_id=440"},"modified":"2015-05-18T12:19:32","modified_gmt":"2015-05-18T12:19:32","slug":"raubsand","status":"publish","type":"page","link":"https:\/\/blog.zhdk.ch\/zh4k\/projektideen-der-studierenden\/raubsand\/","title":{"rendered":"Raubsand"},"content":{"rendered":"<p><em>Sand ist unterdessen nach Wasser der meistgebrauchte Rohstoff. Wir verbrauchen zurzeit pro Jahr etwa doppelt so viel Sand, wie alle Fl\u00fcsse der Erde herstellen. Der meiste Sand wird lokal abgebaut und verarbeitet, aber die Nachfrage ist normalerweise h\u00f6her als das lokale Angebot. Symptomatisch daf\u00fcr ist die Baubranche, die etwa die H\u00e4lfte des abgebauten Sandes verarbeitet. Nicht jeder Sand kann zu Bauzwecken eingesetzt werden. Da die Umweltauflagen der meisten L\u00e4nder den Abbau beschr\u00e4nken, entstanden in den letzten Jahren \u00fcberall auf der Welt Sandmafias, die Sand illegal abbauen. Diese Handelswege sind praktisch nicht r\u00fcckverfolgbar. Niemand weiss genau, wieviel Sand illegal abgebaut wird und ob importierter Sand legal oder illegal abgebaut worden ist.<\/em><\/p>\n<p>Meine Arbeit thematisiert das Sandgesch\u00e4ft von diesen L\u00fccken her.\u00a0Die Idee\/ Ich stelle den illegalen Sandabbau an den Orten, wo der mutmassliche illegale Sand landet, nach: Baustellen. Ich gehe in der Nacht, vermummt, dahin und entwende eine geringe Menge Sand, der dort zu finden ist. Es betrifft Baustellen aus verschiedenen St\u00e4dten der Schweiz, Hamburg und (wenn m\u00f6glich) Hong Kong. Da sich nicht r\u00fcckverfolgen l\u00e4sst, ob der dort gefundene Sand, falls er aus einem entsprechenden Land kommt, legal oder illegal abgebaut worden ist, kann ich die Kette des Raubbaus nicht tats\u00e4chlich rekonstruieren, aber ich kann sie imitieren\/simulieren und imagin\u00e4r\/virtuell weiterf\u00fchren. Ich kann einen Raub sichtbar machen, um einen unsichtbaren anzuzeigen. ich kann nicht \u00e4ndern, dass Sand illegal abgebaut wird, aber ich kann neue Bedingungen schaffen, unter denen Sand abgebaut; als eine (wertvolle) Ressource behandelt wird. Ich kann nichts \u00fcber den entwendeten Sand sagen, aber ich kann ihn \u00bbsprechen lassen\u00ab.<\/p>\n<p>Ausf\u00fchrung\/ Teil 1: An Ausstellungsw\u00e4nden werden 3-5 S\u00e4tze geschrieben, die Aussagen \u00fcber das illegale Sandgesch\u00e4ft machen bzw. Fakten liefern. An der Stelle, an der diese Fakten bzw. Zahlen, Orte, Namen stehen w\u00fcrden, bringe ich Zensurbalken an. Diese Zensurbalken bestehen aus einem Farbgemisch, das aus dem an den Baustellen entwendeten Sand hergestellt wird. Fl\u00e4che eines solchen Satzes: ca. 40 x 100 cm. Es ist wichtig, dass die S\u00e4tze nicht nebeneinander stehen, sondern in einem Raum mit grossen Abst\u00e4nden verteilt werden. \/ Teil2: Wenn ich auf den Baustellen den Sand entwende, filme ich das mit meiner Kamera. Die so entstandenen Videos dokumentieren den imitierten raubakt. Sie sind hektisch, dunkel, zeigen fast nichts erkennbares, zu h\u00f6ren ist alles. Die Videos dauern je ca. 5 Minuten und sollen einzeln im Loop auf verschiedenen Monitoren abgespielt werden (3-5 st\u00fcck). Bilschrimdiagonale: max. 50 cm. \/ Dazu m\u00f6chte ich ein Dossier aus Recherchen \u00fcber das Sandgesch\u00e4ft auflegen.<\/p>\n<p>&nbsp;<\/p>\n<p>Philipp Spillmann<\/p>\n","protected":false},"excerpt":{"rendered":"<p>Sand ist unterdessen nach Wasser der meistgebrauchte Rohstoff. Wir verbrauchen zurzeit pro Jahr etwa doppelt so viel Sand, wie alle Fl\u00fcsse der Erde herstellen. Der meiste Sand wird lokal abgebaut und verarbeitet, aber die Nachfrage ist normalerweise h\u00f6her als das [&hellip;]<\/p>\n","protected":false},"author":2700,"featured_media":0,"parent":34,"menu_order":0,"comment_status":"open","ping_status":"open","template":"","meta":{"footnotes":""},"class_list":["post-440","page","type-page","status-publish","hentry","dwtl normal"],"_links":{"self":[{"href":"https:\/\/blog.zhdk.ch\/zh4k\/wp-json\/wp\/v2\/pages\/440","targetHints":{"allow":["GET"]}}],"collection":[{"href":"https:\/\/blog.zhdk.ch\/zh4k\/wp-json\/wp\/v2\/pages"}],"about":[{"href":"https:\/\/blog.zhdk.ch\/zh4k\/wp-json\/wp\/v2\/types\/page"}],"author":[{"embeddable":true,"href":"https:\/\/blog.zhdk.ch\/zh4k\/wp-json\/wp\/v2\/users\/2700"}],"replies":[{"embeddable":true,"href":"https:\/\/blog.zhdk.ch\/zh4k\/wp-json\/wp\/v2\/comments?post=440"}],"version-history":[{"count":5,"href":"https:\/\/blog.zhdk.ch\/zh4k\/wp-json\/wp\/v2\/pages\/440\/revisions"}],"predecessor-version":[{"id":452,"href":"https:\/\/blog.zhdk.ch\/zh4k\/wp-json\/wp\/v2\/pages\/440\/revisions\/452"}],"up":[{"embeddable":true,"href":"https:\/\/blog.zhdk.ch\/zh4k\/wp-json\/wp\/v2\/pages\/34"}],"wp:attachment":[{"href":"https:\/\/blog.zhdk.ch\/zh4k\/wp-json\/wp\/v2\/media?parent=440"}],"curies":[{"name":"wp","href":"https:\/\/api.w.org\/{rel}","templated":true}]}}