{"id":718,"date":"2015-06-28T17:00:40","date_gmt":"2015-06-28T17:00:40","guid":{"rendered":"https:\/\/blog.zhdk.ch\/zh4k\/?page_id=718"},"modified":"2015-07-01T12:27:42","modified_gmt":"2015-07-01T12:27:42","slug":"city-as-a-bridge-if-now-was-somewhere-else","status":"publish","type":"page","link":"https:\/\/blog.zhdk.ch\/zh4k\/exhibition-connecting-space\/arbeiten-artworks\/city-as-a-bridge-if-now-was-somewhere-else\/","title":{"rendered":"City as a Bridge \u2013 if now was somewhere else"},"content":{"rendered":"<div class=\"page\" title=\"Page 1\">\n<div class=\"layoutArea\">\n<div class=\"column\">\n<p>\u201eIf now was somewhere else\u201d ist eine Performance, die sich mit dem Thema Br\u00fccken befasst. Sie besteht aus einem Audio-Walk \u00fcber eine Br\u00fccke, die gleichzeitg in den drei St\u00e4dten Z\u00fcrich, Hamburg und Hong Kong stattfand und akustisch aufgenommen worden ist. Die Besucher der Ausstellung werden w\u00e4hrend 15 Minuten von drei Stimmen \u00fcber die Br\u00fccke gef\u00fchrt. Die Tonverbindung kann gelesen werden als Kaleidoskop der Erz\u00e4hlung, Evaluation und Beschreibung der konkreten Situation in jeder Stadt.<\/p>\n<p><strong>\u201eif now was somewhere else\u201d is a site specific performance dealing with the frame of the bridge. The performance \u2013 a live-audio-walk crossing a bridge from one side to the other in three different cities\u00a0of Zurich, Hamburg, and Hong Kong at the same time \u2013 was documented as an audio-recording. Visitors of the exhibition will be guided across a bridge within fif- teen minutes by three different voices. The soundconnection is understood as a kaleidoscope of narration, evaluation and description of the concrete situation in each city.<\/strong><\/p>\n<p>Benjamin Jagdmann \/ Laura Ferrara \/ Charlotte Sarrazin Collaborators in Hamburg: Marie Knop, Mara von Zitzewitz; Collaborators in Hong Kong: Siddharth Choudhary, Lau Ming-Wai, Cheuk Wing Nam<\/p>\n<\/div>\n<\/div>\n<\/div>\n","protected":false},"excerpt":{"rendered":"<p>\u201eIf now was somewhere else\u201d ist eine Performance, die sich mit dem Thema Br\u00fccken befasst. Sie besteht aus einem Audio-Walk \u00fcber eine Br\u00fccke, die gleichzeitg in den drei St\u00e4dten Z\u00fcrich, Hamburg und Hong Kong stattfand und akustisch aufgenommen worden ist. [&hellip;]<\/p>\n","protected":false},"author":2700,"featured_media":0,"parent":714,"menu_order":0,"comment_status":"open","ping_status":"open","template":"","meta":{"footnotes":""},"class_list":["post-718","page","type-page","status-publish","hentry","dwtl normal"],"_links":{"self":[{"href":"https:\/\/blog.zhdk.ch\/zh4k\/wp-json\/wp\/v2\/pages\/718","targetHints":{"allow":["GET"]}}],"collection":[{"href":"https:\/\/blog.zhdk.ch\/zh4k\/wp-json\/wp\/v2\/pages"}],"about":[{"href":"https:\/\/blog.zhdk.ch\/zh4k\/wp-json\/wp\/v2\/types\/page"}],"author":[{"embeddable":true,"href":"https:\/\/blog.zhdk.ch\/zh4k\/wp-json\/wp\/v2\/users\/2700"}],"replies":[{"embeddable":true,"href":"https:\/\/blog.zhdk.ch\/zh4k\/wp-json\/wp\/v2\/comments?post=718"}],"version-history":[{"count":4,"href":"https:\/\/blog.zhdk.ch\/zh4k\/wp-json\/wp\/v2\/pages\/718\/revisions"}],"predecessor-version":[{"id":1028,"href":"https:\/\/blog.zhdk.ch\/zh4k\/wp-json\/wp\/v2\/pages\/718\/revisions\/1028"}],"up":[{"embeddable":true,"href":"https:\/\/blog.zhdk.ch\/zh4k\/wp-json\/wp\/v2\/pages\/714"}],"wp:attachment":[{"href":"https:\/\/blog.zhdk.ch\/zh4k\/wp-json\/wp\/v2\/media?parent=718"}],"curies":[{"name":"wp","href":"https:\/\/api.w.org\/{rel}","templated":true}]}}