{"id":734,"date":"2015-06-28T17:05:54","date_gmt":"2015-06-28T17:05:54","guid":{"rendered":"https:\/\/blog.zhdk.ch\/zh4k\/?page_id=734"},"modified":"2015-07-01T14:02:41","modified_gmt":"2015-07-01T14:02:41","slug":"the-city-as-a-landscape-of-conflicts-utopoly","status":"publish","type":"page","link":"https:\/\/blog.zhdk.ch\/zh4k\/exhibition-connecting-space\/arbeiten-artworks\/the-city-as-a-landscape-of-conflicts-utopoly\/","title":{"rendered":"The city as a Landscape of Conflicts \u2013 Utopoly"},"content":{"rendered":"<div class=\"page\" title=\"Page 3\">\n<div class=\"layoutArea\">\n<div class=\"column\">\n<p>Die historische und soziale Fabrik einer Stadt wird immer durch Konflikte verschiedener Interessen(gruppen) geformt. Utopoly ist ein Spiel, das einige solcher Konflikte reproduziert und sie f\u00fcr die Spieler erfahrbar macht. Es basiert auf einem Spiel von 1904, \u00bbThe Landlord&#8217;s Game\u00ab von Elizabeth Magie, welches daf\u00fcr gedacht war, Kritik am Kapitalismus zu \u00fcben, aber sp\u00e4ter zum Spiel Monopoly weiterentwickelt wurde. Indem wir einige neue Regeln einf\u00fchren, m\u00f6chten wir die Bedeutung einer Wiederaneigung von Stadt diskutieren und \u00fcberdenken. Lasst die Spiele beginnen!<\/p>\n<p><strong>The historical and social fabric of a city is always shaped by conflicts between different interests. Utopoly is a game that reproduces some of these conflicts and lets the players experience them. It is based on The Landlord\u2019s Game from 1904 of Elizabeth Magie, which was meant as a critique on capitalism, but later evolved into Monopoly. By adding a few rules we want to discuss and rethink the means of reclaiming the right to the city.\u00a0Let\u2019s play!<\/strong><\/p>\n<p>Diana B\u00e4rmann \/ Daniel Drognitz \/ Laura Sabel \/ Tobias Strebel<\/p>\n<\/div>\n<\/div>\n<\/div>\n","protected":false},"excerpt":{"rendered":"<p>Die historische und soziale Fabrik einer Stadt wird immer durch Konflikte verschiedener Interessen(gruppen) geformt. Utopoly ist ein Spiel, das einige solcher Konflikte reproduziert und sie f\u00fcr die Spieler erfahrbar macht. Es basiert auf einem Spiel von 1904, \u00bbThe Landlord&#8217;s Game\u00ab [&hellip;]<\/p>\n","protected":false},"author":2700,"featured_media":0,"parent":714,"menu_order":0,"comment_status":"open","ping_status":"open","template":"","meta":{"footnotes":""},"class_list":["post-734","page","type-page","status-publish","hentry","dwtl normal"],"_links":{"self":[{"href":"https:\/\/blog.zhdk.ch\/zh4k\/wp-json\/wp\/v2\/pages\/734","targetHints":{"allow":["GET"]}}],"collection":[{"href":"https:\/\/blog.zhdk.ch\/zh4k\/wp-json\/wp\/v2\/pages"}],"about":[{"href":"https:\/\/blog.zhdk.ch\/zh4k\/wp-json\/wp\/v2\/types\/page"}],"author":[{"embeddable":true,"href":"https:\/\/blog.zhdk.ch\/zh4k\/wp-json\/wp\/v2\/users\/2700"}],"replies":[{"embeddable":true,"href":"https:\/\/blog.zhdk.ch\/zh4k\/wp-json\/wp\/v2\/comments?post=734"}],"version-history":[{"count":5,"href":"https:\/\/blog.zhdk.ch\/zh4k\/wp-json\/wp\/v2\/pages\/734\/revisions"}],"predecessor-version":[{"id":1102,"href":"https:\/\/blog.zhdk.ch\/zh4k\/wp-json\/wp\/v2\/pages\/734\/revisions\/1102"}],"up":[{"embeddable":true,"href":"https:\/\/blog.zhdk.ch\/zh4k\/wp-json\/wp\/v2\/pages\/714"}],"wp:attachment":[{"href":"https:\/\/blog.zhdk.ch\/zh4k\/wp-json\/wp\/v2\/media?parent=734"}],"curies":[{"name":"wp","href":"https:\/\/api.w.org\/{rel}","templated":true}]}}