{"id":772,"date":"2015-06-28T17:15:35","date_gmt":"2015-06-28T17:15:35","guid":{"rendered":"https:\/\/blog.zhdk.ch\/zh4k\/?page_id=772"},"modified":"2015-07-01T12:38:11","modified_gmt":"2015-07-01T12:38:11","slug":"city-as-a-game-board-a-playful-exploration","status":"publish","type":"page","link":"https:\/\/blog.zhdk.ch\/zh4k\/exhibition-connecting-space\/arbeiten-artworks\/city-as-a-game-board-a-playful-exploration\/","title":{"rendered":"City as a Game Board \u2013 A Playful Exploration"},"content":{"rendered":"<div class=\"page\" title=\"Page 8\">\n<div class=\"layoutArea\">\n<div class=\"column\">\n<p>Wenn man in einer Stadt umherzieht, w\u00e4hlt man f\u00fcr gew\u00f6hnlich die Orte, die man besichtigen will, bewusst aus. Bei unserem Projekt \u00fcberlassen wir die\u00a0Entscheidung f\u00fcr ein Ziel durch einm W\u00fcrfel. Der W\u00fcrfel wurde auf einer Karte von Hong Kong geworfen und brachte uns so an zuf\u00e4llige Orte, bei denen wir uns die Anzahl Stunden aufhielten, die der gefallene W\u00fcrfel gezeigt hatte. \u00a0Die Ergebnisse dieser Entdeckungen stellen wir hier aus.<\/p>\n<p><strong>When you move around in a city you usually choose the places you want to visit consciously. In our project we handed this decision to the dice. Rolled on a map of Hong Kong, the dice brought us to random places where we spent the number of hours shown on the dice. We exhibit the results generated during these playful explorations.<\/strong><\/p>\n<p>Marie Knop \/ Selina M\u00fcller \/ Tang Yiu Ho, Perry<\/p>\n<\/div>\n<\/div>\n<\/div>\n","protected":false},"excerpt":{"rendered":"<p>Wenn man in einer Stadt umherzieht, w\u00e4hlt man f\u00fcr gew\u00f6hnlich die Orte, die man besichtigen will, bewusst aus. Bei unserem Projekt \u00fcberlassen wir die\u00a0Entscheidung f\u00fcr ein Ziel durch einm W\u00fcrfel. Der W\u00fcrfel wurde auf einer Karte von Hong Kong geworfen [&hellip;]<\/p>\n","protected":false},"author":2700,"featured_media":0,"parent":714,"menu_order":0,"comment_status":"open","ping_status":"open","template":"","meta":{"footnotes":""},"class_list":["post-772","page","type-page","status-publish","hentry","dwtl normal"],"_links":{"self":[{"href":"https:\/\/blog.zhdk.ch\/zh4k\/wp-json\/wp\/v2\/pages\/772","targetHints":{"allow":["GET"]}}],"collection":[{"href":"https:\/\/blog.zhdk.ch\/zh4k\/wp-json\/wp\/v2\/pages"}],"about":[{"href":"https:\/\/blog.zhdk.ch\/zh4k\/wp-json\/wp\/v2\/types\/page"}],"author":[{"embeddable":true,"href":"https:\/\/blog.zhdk.ch\/zh4k\/wp-json\/wp\/v2\/users\/2700"}],"replies":[{"embeddable":true,"href":"https:\/\/blog.zhdk.ch\/zh4k\/wp-json\/wp\/v2\/comments?post=772"}],"version-history":[{"count":3,"href":"https:\/\/blog.zhdk.ch\/zh4k\/wp-json\/wp\/v2\/pages\/772\/revisions"}],"predecessor-version":[{"id":1038,"href":"https:\/\/blog.zhdk.ch\/zh4k\/wp-json\/wp\/v2\/pages\/772\/revisions\/1038"}],"up":[{"embeddable":true,"href":"https:\/\/blog.zhdk.ch\/zh4k\/wp-json\/wp\/v2\/pages\/714"}],"wp:attachment":[{"href":"https:\/\/blog.zhdk.ch\/zh4k\/wp-json\/wp\/v2\/media?parent=772"}],"curies":[{"name":"wp","href":"https:\/\/api.w.org\/{rel}","templated":true}]}}