{"id":778,"date":"2015-06-28T17:16:50","date_gmt":"2015-06-28T17:16:50","guid":{"rendered":"https:\/\/blog.zhdk.ch\/zh4k\/?page_id=778"},"modified":"2015-07-01T13:32:52","modified_gmt":"2015-07-01T13:32:52","slug":"city-as-last-home","status":"publish","type":"page","link":"https:\/\/blog.zhdk.ch\/zh4k\/exhibition-connecting-space\/arbeiten-artworks\/city-as-last-home\/","title":{"rendered":"City as Last Home"},"content":{"rendered":"<div class=\"page\" title=\"Page 9\">\n<div class=\"layoutArea\">\n<div class=\"column\">\n<p>Reisen geh\u00f6rt heute zu den gew\u00f6hnlichen Dingen: Menschen wandern in andere L\u00e4nder aus, leben f\u00fcr mehrere Jahre in fremden St\u00e4dten, vielleicht haben sie irgendwann sogar vergessen, wie ihre Familienangeh\u00f6rigen zu Hause aussehen. Jedenfalls, die Vorstellung, irgendwann einmal, am Ende des\u00a0Lebens,\u00a0zur\u00fcck\u00a0zu Hause zu sein, gibt auch in dieser Welt der konstanten Bewegung immer noch ein Gef\u00fchl des inneren Friedens. Menschen k\u00f6nenn sich ein Leben lang nicht gesehen haben, aber sie empfinden die Aussicht auf ein \u00bbNachleben\u00ab miteinander als angenehm und w\u00fcnschenswert. Diese Idee hat sich nie ge\u00e4ndert.<\/p>\n<p><strong>Today it is very common to travel: people migrate to other countries, they live in foreign countries for\u00a0many years, they may even forget what their family members at home look like. However in this world\u00a0of continuous movement the notion of \u201egoing home\u201c at the end of one\u2019s life \u2013 to rest in peace \u2013 still gives peace of mind. People may not have seen each other in a life time, but they take comfort in the prospect of staying together after life. This idea has never changed.<\/strong><\/p>\n<p>Cheuk Wing-Nam<\/p>\n<\/div>\n<\/div>\n<\/div>\n","protected":false},"excerpt":{"rendered":"<p>Reisen geh\u00f6rt heute zu den gew\u00f6hnlichen Dingen: Menschen wandern in andere L\u00e4nder aus, leben f\u00fcr mehrere Jahre in fremden St\u00e4dten, vielleicht haben sie irgendwann sogar vergessen, wie ihre Familienangeh\u00f6rigen zu Hause aussehen. Jedenfalls, die Vorstellung, irgendwann einmal, am Ende des\u00a0Lebens,\u00a0zur\u00fcck\u00a0zu [&hellip;]<\/p>\n","protected":false},"author":2700,"featured_media":0,"parent":714,"menu_order":0,"comment_status":"open","ping_status":"open","template":"","meta":{"footnotes":""},"class_list":["post-778","page","type-page","status-publish","hentry","dwtl normal"],"_links":{"self":[{"href":"https:\/\/blog.zhdk.ch\/zh4k\/wp-json\/wp\/v2\/pages\/778","targetHints":{"allow":["GET"]}}],"collection":[{"href":"https:\/\/blog.zhdk.ch\/zh4k\/wp-json\/wp\/v2\/pages"}],"about":[{"href":"https:\/\/blog.zhdk.ch\/zh4k\/wp-json\/wp\/v2\/types\/page"}],"author":[{"embeddable":true,"href":"https:\/\/blog.zhdk.ch\/zh4k\/wp-json\/wp\/v2\/users\/2700"}],"replies":[{"embeddable":true,"href":"https:\/\/blog.zhdk.ch\/zh4k\/wp-json\/wp\/v2\/comments?post=778"}],"version-history":[{"count":4,"href":"https:\/\/blog.zhdk.ch\/zh4k\/wp-json\/wp\/v2\/pages\/778\/revisions"}],"predecessor-version":[{"id":1078,"href":"https:\/\/blog.zhdk.ch\/zh4k\/wp-json\/wp\/v2\/pages\/778\/revisions\/1078"}],"up":[{"embeddable":true,"href":"https:\/\/blog.zhdk.ch\/zh4k\/wp-json\/wp\/v2\/pages\/714"}],"wp:attachment":[{"href":"https:\/\/blog.zhdk.ch\/zh4k\/wp-json\/wp\/v2\/media?parent=778"}],"curies":[{"name":"wp","href":"https:\/\/api.w.org\/{rel}","templated":true}]}}