{"id":790,"date":"2015-06-28T17:20:22","date_gmt":"2015-06-28T17:20:22","guid":{"rendered":"https:\/\/blog.zhdk.ch\/zh4k\/?page_id=790"},"modified":"2015-07-01T13:47:21","modified_gmt":"2015-07-01T13:47:21","slug":"city-as-oxymora","status":"publish","type":"page","link":"https:\/\/blog.zhdk.ch\/zh4k\/exhibition-connecting-space\/arbeiten-artworks\/city-as-oxymora\/","title":{"rendered":"City as Oxymora"},"content":{"rendered":"<p>F\u00fcr mich ist die Vorstellung einer Stadt bereits widerspr\u00fcchlich. Wir sehen St\u00e4dte als Niederlassungen.\u00a0Niederlassungen,\u00a0die auf l\u00e4ndliche Gegenden\u00a0aufgebaut sind, die entwurzelt\u00a0worden sind. Man\u00a0kommt in eine Stadt f\u00fcr ein besseres Einkommen, aber endet damit, mehr\u00a0auszugeben. Man f\u00fchlt sich angezogen von der reichen Infrastruktur einer Stadt, aber endet damit, naturbelassene Umgebungen zu suchen. Eine Stadt in der millionen von Menschen miteinander leben, ist immer auch ein Ort f\u00fcr entschiedene Zur\u00fcckgezogenheit. Ich sehe das Wort Oxymora als eine Metapher f\u00fcr die Stadt; eine rhetorische Figur, die sich selbst wiedersprechende Elemente in sich vereint.<\/p>\n<div class=\"page\" title=\"Page 11\">\n<div class=\"layoutArea\">\n<div class=\"column\">\n<p><strong>To me, the notion of a city is self-contradicting. We view cities as formation of settlements, settlements based on uprooting of rural environments. One moves to a city for a better livelihood, yet ends up spending far more. One is attracted by a city\u2019s rich infrastructure but ends up looking for natural surroundings within it. A city, where millions of people live together, also happens to be a place for deliberate unsociability. I view oxymora\u00a0as a metaphor for city; as a figure of speech that comprises self-contradicting elements\u00a0in conjunction.<\/strong><\/p>\n<p>Siddharth Choudhary<\/p>\n<\/div>\n<\/div>\n<\/div>\n","protected":false},"excerpt":{"rendered":"<p>F\u00fcr mich ist die Vorstellung einer Stadt bereits widerspr\u00fcchlich. Wir sehen St\u00e4dte als Niederlassungen.\u00a0Niederlassungen,\u00a0die auf l\u00e4ndliche Gegenden\u00a0aufgebaut sind, die entwurzelt\u00a0worden sind. Man\u00a0kommt in eine Stadt f\u00fcr ein besseres Einkommen, aber endet damit, mehr\u00a0auszugeben. Man f\u00fchlt sich angezogen von der reichen [&hellip;]<\/p>\n","protected":false},"author":2700,"featured_media":0,"parent":714,"menu_order":0,"comment_status":"open","ping_status":"open","template":"","meta":{"footnotes":""},"class_list":["post-790","page","type-page","status-publish","hentry","dwtl normal"],"_links":{"self":[{"href":"https:\/\/blog.zhdk.ch\/zh4k\/wp-json\/wp\/v2\/pages\/790","targetHints":{"allow":["GET"]}}],"collection":[{"href":"https:\/\/blog.zhdk.ch\/zh4k\/wp-json\/wp\/v2\/pages"}],"about":[{"href":"https:\/\/blog.zhdk.ch\/zh4k\/wp-json\/wp\/v2\/types\/page"}],"author":[{"embeddable":true,"href":"https:\/\/blog.zhdk.ch\/zh4k\/wp-json\/wp\/v2\/users\/2700"}],"replies":[{"embeddable":true,"href":"https:\/\/blog.zhdk.ch\/zh4k\/wp-json\/wp\/v2\/comments?post=790"}],"version-history":[{"count":6,"href":"https:\/\/blog.zhdk.ch\/zh4k\/wp-json\/wp\/v2\/pages\/790\/revisions"}],"predecessor-version":[{"id":1088,"href":"https:\/\/blog.zhdk.ch\/zh4k\/wp-json\/wp\/v2\/pages\/790\/revisions\/1088"}],"up":[{"embeddable":true,"href":"https:\/\/blog.zhdk.ch\/zh4k\/wp-json\/wp\/v2\/pages\/714"}],"wp:attachment":[{"href":"https:\/\/blog.zhdk.ch\/zh4k\/wp-json\/wp\/v2\/media?parent=790"}],"curies":[{"name":"wp","href":"https:\/\/api.w.org\/{rel}","templated":true}]}}