{"id":796,"date":"2015-06-28T17:21:46","date_gmt":"2015-06-28T17:21:46","guid":{"rendered":"https:\/\/blog.zhdk.ch\/zh4k\/?page_id=796"},"modified":"2015-07-01T12:33:12","modified_gmt":"2015-07-01T12:33:12","slug":"city-as-a-collection-of-artefacts","status":"publish","type":"page","link":"https:\/\/blog.zhdk.ch\/zh4k\/exhibition-connecting-space\/arbeiten-artworks\/city-as-a-collection-of-artefacts\/","title":{"rendered":"City as a Collection of Artefacts"},"content":{"rendered":"<div class=\"page\" title=\"Page 12\">\n<div class=\"layoutArea\">\n<div class=\"column\">\n<p>Mit der wachsenden\u00a0Verbeitung von Zahlungssystemen per Karte erhalten wir, w\u00e4hrend wir in einer Stadt unterwegs sind, immer weniger physische Zeugnisse der Reise. Jedenfalls, in den meisten F\u00e4llen erfordert das St\u00e4dtereisen immer noch ein Ticket, sei es ein digitales Ticket oder ein Ticket auf Papier, egal ob es sich bei den Fortbewegungsmitteln um Busse, F\u00e4hren oder Z\u00fcge handelt. Tickets als pers\u00f6nliche Artefakte haben einen hohes Potenzial um das Leben von Individuen zu untersuchen.<\/p>\n<p><strong>With the increasing popularity of stored value smart card systems, we are now leaving less physical evidence when we travel, especially when we travel within a city. However, most inter-city travel still requires a ticket, whether it is an e-ticket or a physical ticket, by bus, by ferry, or by train. Tickets as personal artefacts hold great potential for examining individual lives.<\/strong><\/p>\n<p>Lau Ming-Wai (Maggie)<\/p>\n<\/div>\n<\/div>\n<\/div>\n","protected":false},"excerpt":{"rendered":"<p>Mit der wachsenden\u00a0Verbeitung von Zahlungssystemen per Karte erhalten wir, w\u00e4hrend wir in einer Stadt unterwegs sind, immer weniger physische Zeugnisse der Reise. Jedenfalls, in den meisten F\u00e4llen erfordert das St\u00e4dtereisen immer noch ein Ticket, sei es ein digitales Ticket oder [&hellip;]<\/p>\n","protected":false},"author":2700,"featured_media":0,"parent":714,"menu_order":0,"comment_status":"open","ping_status":"open","template":"","meta":{"footnotes":""},"class_list":["post-796","page","type-page","status-publish","hentry","dwtl normal"],"_links":{"self":[{"href":"https:\/\/blog.zhdk.ch\/zh4k\/wp-json\/wp\/v2\/pages\/796","targetHints":{"allow":["GET"]}}],"collection":[{"href":"https:\/\/blog.zhdk.ch\/zh4k\/wp-json\/wp\/v2\/pages"}],"about":[{"href":"https:\/\/blog.zhdk.ch\/zh4k\/wp-json\/wp\/v2\/types\/page"}],"author":[{"embeddable":true,"href":"https:\/\/blog.zhdk.ch\/zh4k\/wp-json\/wp\/v2\/users\/2700"}],"replies":[{"embeddable":true,"href":"https:\/\/blog.zhdk.ch\/zh4k\/wp-json\/wp\/v2\/comments?post=796"}],"version-history":[{"count":4,"href":"https:\/\/blog.zhdk.ch\/zh4k\/wp-json\/wp\/v2\/pages\/796\/revisions"}],"predecessor-version":[{"id":1034,"href":"https:\/\/blog.zhdk.ch\/zh4k\/wp-json\/wp\/v2\/pages\/796\/revisions\/1034"}],"up":[{"embeddable":true,"href":"https:\/\/blog.zhdk.ch\/zh4k\/wp-json\/wp\/v2\/pages\/714"}],"wp:attachment":[{"href":"https:\/\/blog.zhdk.ch\/zh4k\/wp-json\/wp\/v2\/media?parent=796"}],"curies":[{"name":"wp","href":"https:\/\/api.w.org\/{rel}","templated":true}]}}