{"id":806,"date":"2015-06-28T17:28:59","date_gmt":"2015-06-28T17:28:59","guid":{"rendered":"https:\/\/blog.zhdk.ch\/zh4k\/?page_id=806"},"modified":"2015-07-01T13:18:49","modified_gmt":"2015-07-01T13:18:49","slug":"city-as-distinct-sound","status":"publish","type":"page","link":"https:\/\/blog.zhdk.ch\/zh4k\/exhibition-connecting-space\/arbeiten-artworks\/city-as-distinct-sound\/","title":{"rendered":"City as Distinct Sound"},"content":{"rendered":"<div class=\"page\" title=\"Page 13\">\n<div class=\"layoutArea\">\n<div class=\"column\">\n<p>Dass an verschiedenen Orten unterschiedliche Kl\u00e4nge anzutreffen sind, ist offensichtlich. Jedenfalls, die Absicht meines Projekts war zu untersuchen, ob es auch akustische Gemeinsamkeiten zwischen zwei St\u00e4dten (Z\u00fcrich und Hong Kong) gibt, wenn man\u00a0ihre Ger\u00e4uschkulissen vergleicht. Indem ich akustische Fingerabdr\u00fccke zwischen den St\u00e4dten aufgenommen habe und sie simultan abspiele (und visualisiere), hoffe ich einen gemeinsamen Kern der beiden Orte freilegen zu k\u00f6nnen.<\/p>\n<p><strong>Very obviously different places have different sounds. However, my intention for my project was to explore whether there may also be auditive similarities between two cities \u2013 Zurich and Hong Kong \u2013 via a comparison\u00a0of their soundscapes. By recording audio fingerprints of these two cities and then playing \u2013 and visualising \u2013 them in parallel I was hoping to be able to identify a common core in the experience of city.<\/strong><\/p>\n<p>So Man-Wa, Arabii<\/p>\n<\/div>\n<\/div>\n<\/div>\n","protected":false},"excerpt":{"rendered":"<p>Dass an verschiedenen Orten unterschiedliche Kl\u00e4nge anzutreffen sind, ist offensichtlich. Jedenfalls, die Absicht meines Projekts war zu untersuchen, ob es auch akustische Gemeinsamkeiten zwischen zwei St\u00e4dten (Z\u00fcrich und Hong Kong) gibt, wenn man\u00a0ihre Ger\u00e4uschkulissen vergleicht. Indem ich akustische Fingerabdr\u00fccke zwischen [&hellip;]<\/p>\n","protected":false},"author":2700,"featured_media":0,"parent":714,"menu_order":0,"comment_status":"open","ping_status":"open","template":"","meta":{"footnotes":""},"class_list":["post-806","page","type-page","status-publish","hentry","dwtl normal"],"_links":{"self":[{"href":"https:\/\/blog.zhdk.ch\/zh4k\/wp-json\/wp\/v2\/pages\/806","targetHints":{"allow":["GET"]}}],"collection":[{"href":"https:\/\/blog.zhdk.ch\/zh4k\/wp-json\/wp\/v2\/pages"}],"about":[{"href":"https:\/\/blog.zhdk.ch\/zh4k\/wp-json\/wp\/v2\/types\/page"}],"author":[{"embeddable":true,"href":"https:\/\/blog.zhdk.ch\/zh4k\/wp-json\/wp\/v2\/users\/2700"}],"replies":[{"embeddable":true,"href":"https:\/\/blog.zhdk.ch\/zh4k\/wp-json\/wp\/v2\/comments?post=806"}],"version-history":[{"count":4,"href":"https:\/\/blog.zhdk.ch\/zh4k\/wp-json\/wp\/v2\/pages\/806\/revisions"}],"predecessor-version":[{"id":1072,"href":"https:\/\/blog.zhdk.ch\/zh4k\/wp-json\/wp\/v2\/pages\/806\/revisions\/1072"}],"up":[{"embeddable":true,"href":"https:\/\/blog.zhdk.ch\/zh4k\/wp-json\/wp\/v2\/pages\/714"}],"wp:attachment":[{"href":"https:\/\/blog.zhdk.ch\/zh4k\/wp-json\/wp\/v2\/media?parent=806"}],"curies":[{"name":"wp","href":"https:\/\/api.w.org\/{rel}","templated":true}]}}