{"id":609,"date":"2023-04-09T13:05:01","date_gmt":"2023-04-09T13:05:01","guid":{"rendered":"https:\/\/blog.zhdk.ch\/zhdkimmachwerk\/?page_id=609"},"modified":"2023-04-11T18:38:10","modified_gmt":"2023-04-11T18:38:10","slug":"von-der-monotypie-zur-serie","status":"publish","type":"page","link":"https:\/\/blog.zhdk.ch\/zhdkimmachwerk\/von-der-monotypie-zur-serie\/","title":{"rendered":"Von der Monotypie zur\u00a0Serie\u00a0"},"content":{"rendered":"\n<p>&nbsp;Eindr\u00fccklicher&nbsp;Abdruck \u2013 vielseitiger&nbsp;Durchdruck&nbsp;\u2013 und einmalige Druckmalereien<\/p>\n\n\n<div id=\"metaslider-id-903\" style=\"width: 100%;\" class=\"ml-slider-3-107-0 metaslider metaslider-flex metaslider-903 ml-slider has-dots-nav ms-theme-default\" role=\"region\" aria-label=\"New Slideshow\" data-height=\"700\" data-width=\"700\">\n    <div id=\"metaslider_container_903\">\n        <div id=\"metaslider_903\">\n            <ul class='slides'>\n                <li style=\"display: block; width: 100%;\" class=\"slide-919 ms-image \" aria-roledescription=\"slide\" data-date=\"2023-04-11 09:45:39\" data-filename=\"IMG_8295kb-scaled-700x700.jpg\" data-slide-type=\"image\"><img loading=\"lazy\" decoding=\"async\" src=\"https:\/\/blog.zhdk.ch\/zhdkimmachwerk\/files\/2023\/04\/IMG_8295kb-scaled-700x700.jpg\" height=\"700\" width=\"700\" alt=\"\" class=\"slider-903 slide-919 msDefaultImage\" title=\"IMG_8295kb\" \/><\/li>\n                <li style=\"display: none; width: 100%;\" class=\"slide-921 ms-image \" aria-roledescription=\"slide\" data-date=\"2023-04-11 09:45:39\" data-filename=\"IMG_8303kb-scaled-700x700.jpg\" data-slide-type=\"image\"><img loading=\"lazy\" decoding=\"async\" src=\"https:\/\/blog.zhdk.ch\/zhdkimmachwerk\/files\/2023\/04\/IMG_8303kb-scaled-700x700.jpg\" height=\"700\" width=\"700\" alt=\"\" class=\"slider-903 slide-921 msDefaultImage\" title=\"IMG_8303kb\" \/><\/li>\n                <li style=\"display: none; width: 100%;\" class=\"slide-923 ms-image \" aria-roledescription=\"slide\" data-date=\"2023-04-11 09:45:39\" data-filename=\"IMG_8313kb-scaled-700x700.jpg\" data-slide-type=\"image\"><img loading=\"lazy\" decoding=\"async\" src=\"https:\/\/blog.zhdk.ch\/zhdkimmachwerk\/files\/2023\/04\/IMG_8313kb-scaled-700x700.jpg\" height=\"700\" width=\"700\" alt=\"\" class=\"slider-903 slide-923 msDefaultImage\" title=\"IMG_8313kb\" \/><\/li>\n                <li style=\"display: none; width: 100%;\" class=\"slide-925 ms-image \" aria-roledescription=\"slide\" data-date=\"2023-04-11 09:45:40\" data-filename=\"IMG_8321-scaled-700x700.jpg\" data-slide-type=\"image\"><img loading=\"lazy\" decoding=\"async\" src=\"https:\/\/blog.zhdk.ch\/zhdkimmachwerk\/files\/2023\/04\/IMG_8321-scaled-700x700.jpg\" height=\"700\" width=\"700\" alt=\"\" class=\"slider-903 slide-925 msDefaultImage\" title=\"IMG_8321\" \/><\/li>\n                <li style=\"display: none; width: 100%;\" class=\"slide-927 ms-image \" aria-roledescription=\"slide\" data-date=\"2023-04-11 09:45:40\" data-filename=\"IMG_8323b-scaled-700x700.jpg\" data-slide-type=\"image\"><img loading=\"lazy\" decoding=\"async\" src=\"https:\/\/blog.zhdk.ch\/zhdkimmachwerk\/files\/2023\/04\/IMG_8323b-scaled-700x700.jpg\" height=\"700\" width=\"700\" alt=\"\" class=\"slider-903 slide-927 msDefaultImage\" title=\"IMG_8323b\" \/><\/li>\n                <li style=\"display: none; width: 100%;\" class=\"slide-929 ms-image \" aria-roledescription=\"slide\" data-date=\"2023-04-11 09:45:40\" data-filename=\"IMG_8326b-scaled-700x700.jpg\" data-slide-type=\"image\"><img loading=\"lazy\" decoding=\"async\" src=\"https:\/\/blog.zhdk.ch\/zhdkimmachwerk\/files\/2023\/04\/IMG_8326b-scaled-700x700.jpg\" height=\"700\" width=\"700\" alt=\"\" class=\"slider-903 slide-929 msDefaultImage\" title=\"IMG_8326b\" \/><\/li>\n                <li style=\"display: none; width: 100%;\" class=\"slide-931 ms-image \" aria-roledescription=\"slide\" data-date=\"2023-04-11 09:45:40\" data-filename=\"IMG_8329b-scaled-700x700.jpg\" data-slide-type=\"image\"><img loading=\"lazy\" decoding=\"async\" src=\"https:\/\/blog.zhdk.ch\/zhdkimmachwerk\/files\/2023\/04\/IMG_8329b-scaled-700x700.jpg\" height=\"700\" width=\"700\" alt=\"\" class=\"slider-903 slide-931 msDefaultImage\" title=\"IMG_8329b\" \/><\/li>\n            <\/ul>\n        <\/div>\n        \n    <\/div>\n<\/div>\n\n\n\n<p>In diesem Kurs dreht sich alles um die Monotypie und die Freude am drauflos Probieren.&nbsp;Du lernst verschiedene M\u00f6glichkeitenkennen, um Unikate zu kreieren.&nbsp;<\/p>\n\n\n\n<p>Die klassische Monotypie auf Glasplatte bereitet&nbsp;dir im Kurs&nbsp;den Einstieg,&nbsp;aber&nbsp;du lernst&nbsp;auch mit dem Siebdruck malerische&nbsp;Unikate&nbsp;zu&nbsp;erstellen.&nbsp;Und&nbsp;du&nbsp;kannst&nbsp;deine Monotypien&nbsp;auf ein Sieb&nbsp;belichten&nbsp;und so&nbsp;vervielf\u00e4ltigen.<\/p>\n\n\n\n<p>Bei der Monotypie auf Glasplatten entsteht ein einmaliger Druck. Mit diesem schnellen Verfahren lassen sich mit Hilfe von Pflanzen oder verschiedensten Gegenst\u00e4nden Silhouetten, Abdr\u00fccke und abstrakte Strukturen zu Papier bringen. Auch einfache&nbsp;Zeichnungen k\u00f6nnen visuell interessanter gemacht werden. Das Spiel mit dem Zufall erm\u00f6glicht unvorhersehbare Bilder.&nbsp;<\/p>\n\n\n\n<p>In Verbindung mit dem&nbsp;belichteten Sieb&nbsp;er\u00f6ffnen sich M\u00f6glichkeiten zur Vervielf\u00e4ltigung und neuen Kombinationen.&nbsp;<\/p>\n\n\n\n<p>Wenn dein Interesse geweckt wurde und Du Freude am Ausprobieren hast, dann komme gerne in meinen Kurs \ud83d\ude42<\/p>\n\n\n\n<p><strong>Kursinhalt<\/strong><\/p>\n\n\n\n<ul class=\"wp-block-list\">\n<li>Monotypie auf Glasplatte mit ihren vielf\u00e4ltigen Variationen<\/li>\n\n\n\n<li>Malerische Experimente mit dem Sieb (Monotypie mit dem Sieb)<\/li>\n\n\n\n<li>Belichten und Vervielf\u00e4ltigen der Monotypien<\/li>\n\n\n\n<li>Kreatives Ausprobieren und Experimentieren<\/li>\n<\/ul>\n\n\n\n<p><strong>Datum<\/strong><br>Sonntag, 14.05.2023<br>10:00 &#8211; 17:00 (mit 1h Mittagspause)<\/p>\n\n\n\n<p><strong>Kursort<br><\/strong>Siebundbrot<br>Neugasse 145b<br>8005 Z\u00fcrich<\/p>\n\n\n\n<p><strong><strong>Teilnehmende<\/strong><br><\/strong>4-6 Personen ab 16 Jahren, Erfahrung mit Siebdruck ist von Vorteil aber nicht zwingend.<\/p>\n\n\n\n<p><strong>Kosten<\/strong> <strong>und Anmeldung<\/strong><br>79.- (Raummiete und Material)<br>Anmeldung bis Mittwoch 10.05.23 an milena.logar@zhdk.ch<\/p>\n\n\n\n<p><strong><strong>Kursleitung<\/strong><br><\/strong>Milena Logar, studiert Bachelor Art Education an der ZHdK&nbsp;<\/p>\n\n\n\n<p><\/p>\n","protected":false},"excerpt":{"rendered":"<p>&nbsp;Eindr\u00fccklicher&nbsp;Abdruck \u2013 vielseitiger&nbsp;Durchdruck&nbsp;\u2013 und einmalige Druckmalereien In diesem Kurs dreht sich alles um die Monotypie und die Freude am drauflos Probieren.&nbsp;Du lernst verschiedene M\u00f6glichkeitenkennen, um Unikate zu kreieren.&nbsp; Die klassische Monotypie auf Glasplatte bereitet&nbsp;dir im Kurs&nbsp;den Einstieg,&nbsp;aber&nbsp;du lernst&nbsp;auch mit dem Siebdruck malerische&nbsp;Unikate&nbsp;zu&nbsp;erstellen.&nbsp;Und&nbsp;du&nbsp;kannst&nbsp;deine Monotypien&nbsp;auf ein Sieb&nbsp;belichten&nbsp;und so&nbsp;vervielf\u00e4ltigen. Bei der Monotypie auf Glasplatten entsteht ein einmaliger Druck. [&hellip;]<\/p>\n","protected":false},"author":4279,"featured_media":0,"parent":0,"menu_order":0,"comment_status":"closed","ping_status":"closed","template":"","meta":{"footnotes":""},"class_list":["post-609","page","type-page","status-publish","hentry"],"_links":{"self":[{"href":"https:\/\/blog.zhdk.ch\/zhdkimmachwerk\/wp-json\/wp\/v2\/pages\/609","targetHints":{"allow":["GET"]}}],"collection":[{"href":"https:\/\/blog.zhdk.ch\/zhdkimmachwerk\/wp-json\/wp\/v2\/pages"}],"about":[{"href":"https:\/\/blog.zhdk.ch\/zhdkimmachwerk\/wp-json\/wp\/v2\/types\/page"}],"author":[{"embeddable":true,"href":"https:\/\/blog.zhdk.ch\/zhdkimmachwerk\/wp-json\/wp\/v2\/users\/4279"}],"replies":[{"embeddable":true,"href":"https:\/\/blog.zhdk.ch\/zhdkimmachwerk\/wp-json\/wp\/v2\/comments?post=609"}],"version-history":[{"count":6,"href":"https:\/\/blog.zhdk.ch\/zhdkimmachwerk\/wp-json\/wp\/v2\/pages\/609\/revisions"}],"predecessor-version":[{"id":965,"href":"https:\/\/blog.zhdk.ch\/zhdkimmachwerk\/wp-json\/wp\/v2\/pages\/609\/revisions\/965"}],"wp:attachment":[{"href":"https:\/\/blog.zhdk.ch\/zhdkimmachwerk\/wp-json\/wp\/v2\/media?parent=609"}],"curies":[{"name":"wp","href":"https:\/\/api.w.org\/{rel}","templated":true}]}}