{"id":21,"date":"2014-01-26T20:30:40","date_gmt":"2014-01-26T18:30:40","guid":{"rendered":"https:\/\/blog.zhdk.ch\/zmoduletelematic\/?page_id=21"},"modified":"2014-08-25T14:38:08","modified_gmt":"2014-08-25T12:38:08","slug":"overview","status":"publish","type":"page","link":"https:\/\/blog.zhdk.ch\/zmoduletelematic\/z-module-telematic-ii-2\/overview\/","title":{"rendered":"Beschreibung"},"content":{"rendered":"<hr \/>\n<h1><strong>Workshop for<br \/>\n&#8222;Telematic-Concert@ZHdK&#8220;<\/strong><\/h1>\n<h4><strong>08.09.14 &#8211; 11.09.14<\/strong>\u00a0 \u00a0 \u00a0from\u00a010:00 to 17:00<\/h4>\n<h4><strong>Toni-Areal<\/strong> Pfingstweidstrasse 96, Postfach, 8031 Z\u00fcrich<\/h4>\n<h4>R\u00e4ume: Kammermusiksaal<strong>   6.K15<\/strong> und <strong>    6.G03<\/strong><\/h4>\n<hr \/>\n<h4><\/h4>\n<h5>Das Z-Modul Telematik beinhaltet die Auseinandersetzung mit einem neuen Konzertformat, dem Telematischen Konzert.<\/h5>\n<h5>Vier Musiker spielen in Bern, sieben Musiker spielen in Z\u00fcrich, doch sie spielen zusammen. Ton und Bild werden in Echtzeit via Internet \u00fcbertragen und in zwei parallelen Konzertereignissen an den beiden Orten zusammengef\u00fchrt: &#8211;&gt; ein telematisches Konzert.<\/h5>\n<h5>Zwei VJs gestalten mit dem Bildmaterial aus Bern und Z\u00fcrich mittels Projektionen aus dem Moment heraus das visuelle Erscheinungsbild des Konzertes. Der musikalische Verlauf wird bestimmt von Kompositionen und Improvisationen in einer zeitgleichen \u00dcberlagerung der Musik beider Quellen. Wo also die Musik an beiden Orten dieselbe ist, wird die visuelle Gestaltung der Schnittstelle Internet individuell vorgenommen. Die Musik als verbindendes Element erlaubt eine Freiheit in der bildlichen Darstellung, die entscheidend ist f\u00fcr die Wahrnehmung des neuen Formats.<\/h5>\n<h5>In der Woche (Kalenderwoche 37) werden internettechnische-, gestalterische und spieltechnische Grundlagen erarbeitet. Die Woche wird von Johannes Sch\u00fctt geleitet und bringt eine Begegnung mit Dozenten aus den Studienbereichen Improvisationen und den zwei VJs.<\/h5>\n<h5>Parallel dazu wird an musikalischen Vorlagen gearbeitet, die improvisatorisch und kompositorisch umgesetzt werden. Am Schluss der Woche stehen drei telematische Pr\u00e4sentationen \u00e0 je 30 Minuten, die konkret anl\u00e4sslich des Er\u00f6ffnungsfestes <strong>TONI 14 <\/strong>(Creative City) vom <em>24.\/25. Oktober 2014<\/em> gezeigt werden.<\/h5>\n<p>&nbsp;<\/p>\n<hr \/>\n<p>&nbsp;<\/p>\n<h5><strong>Kontakt:<\/strong><\/h5>\n<h5>Matthias Ziegler\u00a0<a href=\"matthias.ziegler@zhdk.ch\">matthias.ziegler@zhdk.ch<\/a><\/h5>\n<h5>Johannes Sch\u00fctt\u00a0<a href=\"johannes.schuett@zhdk.ch\">johannes.schuett@zhdk.ch<\/a><\/h5>\n","protected":false},"excerpt":{"rendered":"<p>Workshop for &#8222;Telematic-Concert@ZHdK&#8220; 08.09.14 &#8211; 11.09.14\u00a0 \u00a0 \u00a0from\u00a010:00 to 17:00 Toni-Areal Pfingstweidstrasse 96, Postfach, 8031 Z\u00fcrich R\u00e4ume: Kammermusiksaal 6.K15 und 6.G03 Das Z-Modul Telematik beinhaltet die Auseinandersetzung mit einem neuen Konzertformat, dem Telematischen Konzert. Vier Musiker spielen in Bern, sieben &hellip; <a href=\"https:\/\/blog.zhdk.ch\/zmoduletelematic\/z-module-telematic-ii-2\/overview\/\">Weiterlesen <span class=\"meta-nav\">&rarr;<\/span><\/a><\/p>\n","protected":false},"author":78,"featured_media":461,"parent":419,"menu_order":0,"comment_status":"open","ping_status":"open","template":"","meta":{"ngg_post_thumbnail":0,"footnotes":""},"class_list":["post-21","page","type-page","status-publish","has-post-thumbnail","hentry"],"_links":{"self":[{"href":"https:\/\/blog.zhdk.ch\/zmoduletelematic\/wp-json\/wp\/v2\/pages\/21","targetHints":{"allow":["GET"]}}],"collection":[{"href":"https:\/\/blog.zhdk.ch\/zmoduletelematic\/wp-json\/wp\/v2\/pages"}],"about":[{"href":"https:\/\/blog.zhdk.ch\/zmoduletelematic\/wp-json\/wp\/v2\/types\/page"}],"author":[{"embeddable":true,"href":"https:\/\/blog.zhdk.ch\/zmoduletelematic\/wp-json\/wp\/v2\/users\/78"}],"replies":[{"embeddable":true,"href":"https:\/\/blog.zhdk.ch\/zmoduletelematic\/wp-json\/wp\/v2\/comments?post=21"}],"version-history":[{"count":22,"href":"https:\/\/blog.zhdk.ch\/zmoduletelematic\/wp-json\/wp\/v2\/pages\/21\/revisions"}],"predecessor-version":[{"id":875,"href":"https:\/\/blog.zhdk.ch\/zmoduletelematic\/wp-json\/wp\/v2\/pages\/21\/revisions\/875"}],"up":[{"embeddable":true,"href":"https:\/\/blog.zhdk.ch\/zmoduletelematic\/wp-json\/wp\/v2\/pages\/419"}],"wp:featuredmedia":[{"embeddable":true,"href":"https:\/\/blog.zhdk.ch\/zmoduletelematic\/wp-json\/wp\/v2\/media\/461"}],"wp:attachment":[{"href":"https:\/\/blog.zhdk.ch\/zmoduletelematic\/wp-json\/wp\/v2\/media?parent=21"}],"curies":[{"name":"wp","href":"https:\/\/api.w.org\/{rel}","templated":true}]}}