{"id":419,"date":"2014-05-16T17:03:30","date_gmt":"2014-05-16T15:03:30","guid":{"rendered":"https:\/\/blog.zhdk.ch\/zmoduletelematic\/?page_id=419"},"modified":"2014-09-13T10:54:26","modified_gmt":"2014-09-13T08:54:26","slug":"z-module-telematic-ii-2","status":"publish","type":"page","link":"https:\/\/blog.zhdk.ch\/zmoduletelematic\/z-module-telematic-ii-2\/","title":{"rendered":"Z-Module-Telematic II"},"content":{"rendered":"<p><a href=\"https:\/\/blog.zhdk.ch\/zmoduletelematic\/files\/2014\/05\/dd9c5ef8cc.jpg\" rel=\"lightbox[419]\"><img loading=\"lazy\" decoding=\"async\" src=\"https:\/\/blog.zhdk.ch\/zmoduletelematic\/files\/2014\/05\/dd9c5ef8cc.jpg\" alt=\"dd9c5ef8cc\" width=\"318\" height=\"239\" class=\"aligncenter size-full wp-image-891\" srcset=\"https:\/\/blog.zhdk.ch\/zmoduletelematic\/files\/2014\/05\/dd9c5ef8cc.jpg 318w, https:\/\/blog.zhdk.ch\/zmoduletelematic\/files\/2014\/05\/dd9c5ef8cc-300x225.jpg 300w\" sizes=\"auto, (max-width: 318px) 100vw, 318px\" \/><\/a>Z-Module-Telematic II    in der Woche 37<\/p>\n<p>Ein zweites Z-Modul zur Telematik bereitet die konkrete  Pr\u00e4sentation f\u00fcr das Er\u00f6ffnungsfest TONI Creative City vom 25. Oktober 2014 vor.<\/p>\n<p>Montag: Technische Einf\u00fchrung und Einrichten der Spielanlage<br \/>\nDienstag: Improvisationen \u00fcber Telematik<br \/>\nMittwoch: Komponieren f\u00fcr das Format Telematik<br \/>\nDonnerstag: Erarbeiten eines Programmes f\u00fcr Creative City<\/p>\n<p>Das Z-Modul wird wahrscheinlich 4 Tage der Woche 37 in Anspruch nehmen. Dazu kommen zwei Halbtage in der Woche 43 als Probe f\u00fcr den 25. Oktober.<\/p>\n<p>Datum 24. und 25. Oktober abends bitte vormerken!   <\/p>\n<p>Kontakt:<br \/>\nMatthias Ziegler <a href=\" matthias.ziegler@zhdk.ch\">matthias.ziegler@zhdk.ch<\/a> | Johannes Sch\u00fctt <a href=\"johannes.schuett@zhdk.ch\">johannes.schuett@zhdk.ch<\/a><\/p>\n","protected":false},"excerpt":{"rendered":"<p>Z-Module-Telematic II in der Woche 37 Ein zweites Z-Modul zur Telematik bereitet die konkrete Pr\u00e4sentation f\u00fcr das Er\u00f6ffnungsfest TONI Creative City vom 25. Oktober 2014 vor. Montag: Technische Einf\u00fchrung und Einrichten der Spielanlage Dienstag: Improvisationen \u00fcber Telematik Mittwoch: Komponieren f\u00fcr &hellip; <a href=\"https:\/\/blog.zhdk.ch\/zmoduletelematic\/z-module-telematic-ii-2\/\">Weiterlesen <span class=\"meta-nav\">&rarr;<\/span><\/a><\/p>\n","protected":false},"author":78,"featured_media":0,"parent":0,"menu_order":0,"comment_status":"open","ping_status":"open","template":"","meta":{"ngg_post_thumbnail":0,"footnotes":""},"class_list":["post-419","page","type-page","status-publish","hentry"],"_links":{"self":[{"href":"https:\/\/blog.zhdk.ch\/zmoduletelematic\/wp-json\/wp\/v2\/pages\/419","targetHints":{"allow":["GET"]}}],"collection":[{"href":"https:\/\/blog.zhdk.ch\/zmoduletelematic\/wp-json\/wp\/v2\/pages"}],"about":[{"href":"https:\/\/blog.zhdk.ch\/zmoduletelematic\/wp-json\/wp\/v2\/types\/page"}],"author":[{"embeddable":true,"href":"https:\/\/blog.zhdk.ch\/zmoduletelematic\/wp-json\/wp\/v2\/users\/78"}],"replies":[{"embeddable":true,"href":"https:\/\/blog.zhdk.ch\/zmoduletelematic\/wp-json\/wp\/v2\/comments?post=419"}],"version-history":[{"count":9,"href":"https:\/\/blog.zhdk.ch\/zmoduletelematic\/wp-json\/wp\/v2\/pages\/419\/revisions"}],"predecessor-version":[{"id":997,"href":"https:\/\/blog.zhdk.ch\/zmoduletelematic\/wp-json\/wp\/v2\/pages\/419\/revisions\/997"}],"wp:attachment":[{"href":"https:\/\/blog.zhdk.ch\/zmoduletelematic\/wp-json\/wp\/v2\/media?parent=419"}],"curies":[{"name":"wp","href":"https:\/\/api.w.org\/{rel}","templated":true}]}}